{"id":1575,"date":"2018-01-16T11:26:54","date_gmt":"2018-01-16T14:26:54","guid":{"rendered":"https:\/\/arduxop.com.br\/loja\/produto\/conversor-usb-serial-rs232-ttl-pl2303hx-p-arduino-mini-nano\/"},"modified":"2024-07-25T07:57:21","modified_gmt":"2024-07-25T11:57:21","slug":"conversor-usb-serial-rs232-ttl-pl2303hx-p-arduino-mini-nano","status":"publish","type":"product","link":"https:\/\/arduxop.com.br\/loja\/produto\/conversor-usb-serial-rs232-ttl-pl2303hx-p-arduino-mini-nano\/","title":{"rendered":"Conversor Usb Serial Rs232 TTL Pl2303hx YP-01"},"content":{"rendered":"<div>CONVERSOR USB PARA \u00a0RS232 TTL SERIAL\u00a0 USA O CHIP PL2303HX ESPECIAL PARA ARDUINO PIC AVR 8051<\/div>\n<div>N\u00c3O FUNCIONA NO WINDOWS 8<\/div>\n<div>Ideal para Arduino em aplica\u00e7\u00f5es de BAIXO CUSTO que n\u00e3o ir\u00e1 ficar fazendo muito upload na placa Arduino.<\/div>\n<p>M\u00f3dulo<\/p>\n<p>http:\/\/prolificusa.com\/files\/ds_pl2303HX_v1.6.pdf<\/p>\n<p>http:\/\/prolificusa.com\/pl-2303hx-drivers\/<\/p>\n<p>DRIVER FACILMENTE ENCONTRADO<\/p>\n<p>NA MAIORIA DOS WINDOWS \u00c9 PLUG AND PLAY<\/p>\n<p>BAIXA SOZINHO E AUTOINSTALA!!<\/p>\n<p>Especifica\u00e7\u00f5es:<\/p>\n<div>\n<ul>\n<li>Funciona em Windows (XP, Vista, 7), Linux e MAC;<\/li>\n<li>No Linux n\u00e3o \u00e9 necess\u00e1ria a instala\u00e7\u00e3o de driver, visto que ele j\u00e1 est\u00e1 embutido no kernel. \u00c9 criado um dispositivo \/dev\/ttyUSBx. No caso do windows \u00e9 necess\u00e1rio um driver que pode ser baixado do site do fabricante. \u00c9 criada uma com virtual COMx.<\/li>\n<li>Chip \u00a0PL2303HXA;<\/li>\n<li>N\u00edvel TTL 5V;<\/li>\n<li>Conex\u00e3o USB.<\/li>\n<\/ul>\n<\/div>\n<p>\u00cdtens Inclusos:<\/p>\n<div>\n<ul>\n<li>1 x M\u00f3dulos Conversor Usb Serial Rs232 Ttl Pl2303hx P\/ Arduino Mini Nano<\/li>\n<\/ul>\n<\/div>\n<p>CONVERSOR USB PARA \u00a0RS232 TTL SERIAL \u00a0USA O CHIP PL2303HX<\/p>\n<p>ESPECIAL PARA ARDUINO PIC AVR 8051<\/p>\n<p>N\u00c3O FUNCIONA NO WINDOWS 8<\/p>\n<p><p class=\"responsive-video-wrap clr\"><iframe title=\"How to fix YP-01 \/ PL2303 Driver \/  Code 10 issue of USB to TTL convertor for Arduino projects\" width=\"1200\" height=\"675\" src=\"https:\/\/www.youtube.com\/embed\/MUg3Mac-mKE?feature=oembed\" frameborder=\"0\" allow=\"accelerometer; autoplay; clipboard-write; encrypted-media; gyroscope; picture-in-picture\" allowfullscreen><\/iframe><\/p><\/p>\n","protected":false},"excerpt":{"rendered":"<p>Conversor Usb Serial Rs232 Ttl Pl2303hx P\/ Arduino Mini Nano YP-01<\/p>\n","protected":false},"featured_media":2158,"template":"","meta":[],"product_brand":[],"product_cat":[46],"product_tag":[],"class_list":{"0":"post-1575","1":"product","2":"type-product","3":"status-publish","4":"has-post-thumbnail","6":"product_cat-conversores-usb-serial","8":"entry","9":"has-media","11":"first","12":"instock","13":"purchasable","14":"product-type-simple","15":"has-product-nav","16":"col","17":"span_1_of_3","18":"owp-content-center","19":"owp-thumbs-layout-horizontal","20":"owp-btn-normal","21":"owp-tabs-layout-horizontal"},"_links":{"self":[{"href":"https:\/\/arduxop.com.br\/loja\/wp-json\/wp\/v2\/product\/1575","targetHints":{"allow":["GET"]}}],"collection":[{"href":"https:\/\/arduxop.com.br\/loja\/wp-json\/wp\/v2\/product"}],"about":[{"href":"https:\/\/arduxop.com.br\/loja\/wp-json\/wp\/v2\/types\/product"}],"wp:featuredmedia":[{"embeddable":true,"href":"https:\/\/arduxop.com.br\/loja\/wp-json\/wp\/v2\/media\/2158"}],"wp:attachment":[{"href":"https:\/\/arduxop.com.br\/loja\/wp-json\/wp\/v2\/media?parent=1575"}],"wp:term":[{"taxonomy":"product_brand","embeddable":true,"href":"https:\/\/arduxop.com.br\/loja\/wp-json\/wp\/v2\/product_brand?post=1575"},{"taxonomy":"product_cat","embeddable":true,"href":"https:\/\/arduxop.com.br\/loja\/wp-json\/wp\/v2\/product_cat?post=1575"},{"taxonomy":"product_tag","embeddable":true,"href":"https:\/\/arduxop.com.br\/loja\/wp-json\/wp\/v2\/product_tag?post=1575"}],"curies":[{"name":"wp","href":"https:\/\/api.w.org\/{rel}","templated":true}]}}