{"id":1572,"date":"2018-01-16T11:26:54","date_gmt":"2018-01-16T13:26:54","guid":{"rendered":"https:\/\/arduxop.com.br\/loja\/produto\/display-7-segmentos-quadruplo-c-ci-tm1637-i2c\/"},"modified":"2024-07-25T07:57:22","modified_gmt":"2024-07-25T11:57:22","slug":"display-7-segmentos-quadruplo-c-ci-tm1637-i2c","status":"publish","type":"product","link":"https:\/\/arduxop.com.br\/loja\/produto\/display-7-segmentos-quadruplo-c-ci-tm1637-i2c\/","title":{"rendered":"Display Quadruplo 7 Segmentos I2C"},"content":{"rendered":"<p>O m\u00f3dulo \u00e9 um display de quatro digitos Leds de stet segmentos (1,5 x 3,1 mm) atrav\u00e9s do barramento I2C com o CI TM1637, apenas duas linhas de sinal pode fazer comunica\u00e7\u00e3o dos quatro segmentos.<\/p>\n<p>Caracter\u00edsticas s\u00e3o as seguintes:<\/p>\n<p>Exibi\u00e7\u00e3o na cor vermelho<\/p>\n<p>Ajust\u00e1vel de luminosidade<\/p>\n<p>Interface de controle de n\u00edvel para 5 V ou 3,3 V<\/p>\n<p>4 furos para parafusos M2 de posicionamento, f\u00e1cil instala\u00e7\u00e3o.<\/p>\n<p>Interface de controle: um total de quatro pinos (GND, VCC, DIO, CLK), GND \u00e0 terra, VCC \u00e9 a fonte de alimenta\u00e7\u00e3o, DIO de entrada e sa\u00edda de dados, CLK \u00e9 o pino do sinal de clock;<\/p>\n<p>Display Num\u00e9rico : 4 display \u00e2nodo comuns com 1,5mm, led vermelhos;<\/p>\n<p>[youtube https:\/\/www.youtube.com\/watch?v=D8iQf2PgarE?rel=0]<\/p>\n","protected":false},"excerpt":{"rendered":"<p>Display 7 Segmentos Quadruplo C\/ Ci Tm1637 I2c<\/p>\n","protected":false},"featured_media":1573,"template":"","meta":[],"product_brand":[],"product_cat":[183,234],"product_tag":[],"class_list":{"0":"post-1572","1":"product","2":"type-product","3":"status-publish","4":"has-post-thumbnail","6":"product_cat-displays","7":"product_cat-led","9":"entry","10":"has-media","12":"first","13":"instock","14":"purchasable","15":"product-type-simple","16":"has-product-nav","17":"col","18":"span_1_of_3","19":"owp-content-center","20":"owp-thumbs-layout-horizontal","21":"owp-btn-normal","22":"owp-tabs-layout-horizontal"},"_links":{"self":[{"href":"https:\/\/arduxop.com.br\/loja\/wp-json\/wp\/v2\/product\/1572","targetHints":{"allow":["GET"]}}],"collection":[{"href":"https:\/\/arduxop.com.br\/loja\/wp-json\/wp\/v2\/product"}],"about":[{"href":"https:\/\/arduxop.com.br\/loja\/wp-json\/wp\/v2\/types\/product"}],"wp:featuredmedia":[{"embeddable":true,"href":"https:\/\/arduxop.com.br\/loja\/wp-json\/wp\/v2\/media\/1573"}],"wp:attachment":[{"href":"https:\/\/arduxop.com.br\/loja\/wp-json\/wp\/v2\/media?parent=1572"}],"wp:term":[{"taxonomy":"product_brand","embeddable":true,"href":"https:\/\/arduxop.com.br\/loja\/wp-json\/wp\/v2\/product_brand?post=1572"},{"taxonomy":"product_cat","embeddable":true,"href":"https:\/\/arduxop.com.br\/loja\/wp-json\/wp\/v2\/product_cat?post=1572"},{"taxonomy":"product_tag","embeddable":true,"href":"https:\/\/arduxop.com.br\/loja\/wp-json\/wp\/v2\/product_tag?post=1572"}],"curies":[{"name":"wp","href":"https:\/\/api.w.org\/{rel}","templated":true}]}}