{"id":15695,"date":"2020-10-21T16:12:53","date_gmt":"2020-10-21T19:12:53","guid":{"rendered":"https:\/\/arduxop.com.br\/loja\/?post_type=product&#038;p=15695"},"modified":"2024-07-25T07:54:45","modified_gmt":"2024-07-25T11:54:45","slug":"kit-robotica-educacional-robo-movido-energia-solar","status":"publish","type":"product","link":"https:\/\/arduxop.com.br\/loja\/produto\/kit-robotica-educacional-robo-movido-energia-solar\/","title":{"rendered":"Kit Rob\u00f3tica Educacional Rob\u00f4 Movido Energia Solar"},"content":{"rendered":"<p>Esse Kit Rob\u00f4 oferece acess\u00f3rios exclusivos e pode ser transformado em 13 modelos diferentes de rob\u00f4s, por isso \u00e9 excelente para a inicializa\u00e7\u00e3o em rob\u00f3tica<br \/>\nEnergia solar ser\u00e1 parte do nosso futuro, ent\u00e3o agora \u00e9 o momento perfeito para as crian\u00e7as come\u00e7arem a aprender os conceitos b\u00e1sicos dessas tecnologias Esse produto \u00e9 movido pela energia solar, por isso n\u00e3o \u00e9 necess\u00e1rio utilizar baterias O rob\u00f4 \u00e9 movido pela luz direta do sol e isso permite que a crian\u00e7a crie e use a sua imagina\u00e7\u00e3o infinita<\/p>\n<p>H\u00e1 dois n\u00edveis na constru\u00e7\u00e3o desse kit rob\u00f4, o n\u00edvel 1 inclui: Tartaruga-rob\u00f4 (Turtle-bot), Besouro-rob\u00f4 (Beetle-bot), Quadri-rob\u00f4 (Quadru-bot), Barco-rob\u00f4 (Boat-bot), Pedestre-rob\u00f4 (Walker-bot), C\u00e3o-rob\u00f4 (Dog-bot)<br \/>\nAl\u00e9m disso, eles podem desafiar suas habilidades com o segundo n\u00edvel: Rob\u00f4 rolante (Roly Poly-bot), Carro-rob\u00f4 (Auto-bot), Moto-rob\u00f4 (Slither-bot), Rob\u00f4 Surf (Surf-bot), Zumbi-rob\u00f4 (Zombie-bot), Caranguejo-rob\u00f4 (Crab-bot), Rob\u00f4-remador (Row-bot)<\/p>\n<p>Informa\u00e7\u00f5es importantes:<\/p>\n<p>\u00c9 ideal para todas as idades a partir de 10 anos, crian\u00e7as menores devem ter aux\u00edlio de um adulto<\/p>\n<p>A fonte de energia \u00e9 a luz solar, n\u00e3o \u00e9 necess\u00e1rio usar baterias<\/p>\n<p>A montagem do rob\u00f4 \u00e9 f\u00e1cil e estimula o aprendizado e criatividade<\/p>\n<p>N\u00e3o \u00e9 adequado para crian\u00e7as menores de 3 anos por conter pe\u00e7as pequenas<\/p>\n<p class=\"responsive-video-wrap clr\"><iframe title=\"13 em 1 Robot Energia Solar Educacional Brinquedos para As Crian\u00e7as Aprendizagem\" width=\"1200\" height=\"675\" src=\"https:\/\/www.youtube.com\/embed\/_VWmStX3NMI?feature=oembed\" frameborder=\"0\" allow=\"accelerometer; autoplay; clipboard-write; encrypted-media; gyroscope; picture-in-picture\" allowfullscreen><\/iframe><\/p>\n<p>&nbsp;<\/p>\n","protected":false},"excerpt":{"rendered":"<p class=\"ui-pdp-title\">Kit Rob\u00f3tica Educacional Rob\u00f4 13&#215;1 Movido Energia Solar<\/p>\n","protected":false},"featured_media":15699,"template":"","meta":[],"product_brand":[],"product_cat":[48,409],"product_tag":[],"class_list":{"0":"post-15695","1":"product","2":"type-product","3":"status-publish","4":"has-post-thumbnail","6":"product_cat-kits","7":"product_cat-robotica","9":"entry","10":"has-media","12":"first","13":"instock","14":"shipping-taxable","15":"purchasable","16":"product-type-simple","17":"has-product-nav","18":"col","19":"span_1_of_3","20":"owp-content-center","21":"owp-thumbs-layout-horizontal","22":"owp-btn-normal","23":"owp-tabs-layout-horizontal"},"_links":{"self":[{"href":"https:\/\/arduxop.com.br\/loja\/wp-json\/wp\/v2\/product\/15695","targetHints":{"allow":["GET"]}}],"collection":[{"href":"https:\/\/arduxop.com.br\/loja\/wp-json\/wp\/v2\/product"}],"about":[{"href":"https:\/\/arduxop.com.br\/loja\/wp-json\/wp\/v2\/types\/product"}],"wp:featuredmedia":[{"embeddable":true,"href":"https:\/\/arduxop.com.br\/loja\/wp-json\/wp\/v2\/media\/15699"}],"wp:attachment":[{"href":"https:\/\/arduxop.com.br\/loja\/wp-json\/wp\/v2\/media?parent=15695"}],"wp:term":[{"taxonomy":"product_brand","embeddable":true,"href":"https:\/\/arduxop.com.br\/loja\/wp-json\/wp\/v2\/product_brand?post=15695"},{"taxonomy":"product_cat","embeddable":true,"href":"https:\/\/arduxop.com.br\/loja\/wp-json\/wp\/v2\/product_cat?post=15695"},{"taxonomy":"product_tag","embeddable":true,"href":"https:\/\/arduxop.com.br\/loja\/wp-json\/wp\/v2\/product_tag?post=15695"}],"curies":[{"name":"wp","href":"https:\/\/api.w.org\/{rel}","templated":true}]}}