{"id":1567,"date":"2018-01-16T11:26:54","date_gmt":"2018-01-16T14:26:54","guid":{"rendered":"https:\/\/arduxop.com.br\/loja\/produto\/sensor-de-umidade-e-temperatura-dht11\/"},"modified":"2025-06-17T13:17:27","modified_gmt":"2025-06-17T17:17:27","slug":"sensor-de-umidade-e-temperatura-dht11","status":"publish","type":"product","link":"https:\/\/arduxop.com.br\/loja\/produto\/sensor-de-umidade-e-temperatura-dht11\/","title":{"rendered":"Sensor De Umidade E Temperatura Dht11"},"content":{"rendered":"<p>Sensor De Umidade E Temperatura Dht11 &#8211; Arduino, PicAcompanha.:1 \u2013 Sensor De Umidade E Temperatura DHT11\u00a0O DHT11 \u00e9 um sensor digital de temperatura e umidade relativa.Caracter\u00edsticas:Elevada estabilidade;Baixo consumo;Resposta r\u00e1pida, (lembre que estamos falando de temperatura e umidade relativa);Sa\u00edda digital via pino \u00fanico;Faixa umidade: 20% a 90% RH,\u00a0 \u00b15.0%RH;Faixa temperatura: 0 a +50 \u00b0c, \u00b12.0 \u00b0c;Elemento sensor de temperatura:\u00a0 termistor 100K + \/ -1%;Elemento sensor de umidade: HR202;Tens\u00e3o de alimenta\u00e7\u00e3o: 3 a 5,5V DC;Corrente: 0.2 a 0.5 mA. Stand by: 100 a 150 uA;Dimens\u00f5es: 15,5 x 12 x 5,5mm. \u00a0 Exemplo de uso:O programa abaixo l\u00ea as informa\u00e7\u00f5es do sensor, e apresenta essas informa\u00e7\u00f5es no serial monitor do Arduino. A biblioteca para uso com o DHT11 voc\u00ea encontra aqui.\/\/Programa : Sensor de umidade e temperatura DHT11 #include #define dht_dpin A1;\u00a0 \/\/Pino DATA do Sensor ligado na porta Analogica A1 dht DHT\/\/Inicializa o sensor void setup() { Serial.begin(9600); delay(1000); \/\/Aguarda 1 seg antes de acessar as informa\u00e7\u00f5es do sensor } void loop() { DHT.read11(dht_dpin); \/\/L\u00ea as informa\u00e7\u00f5es do sensor Serial.print(&#8220;Umidade = &#8220;); Serial.print(DHT.humidity); Serial.print(&#8221; % &#8220;); Serial.print(&#8220;Temperatura = &#8220;); Serial.print(DHT.temperature); Serial.println(&#8221; Celsius &#8220;); \/\/N\u00e3o diminuir o valor abaixo. O ideal \u00e9 a leitura a cada 2 segundos delay(2000); }<\/p>\n","protected":false},"excerpt":{"rendered":"<p>Sensor De Umidade E Temperatura Dht11 &#8211; Arduino, PicAcompanha.:1 \u2013 Sensor De Umidade E Temperatura DHT11\u00a0O DHT11 \u00e9 um sensor digital de temperatura e umidade relativa.Caracter\u00edsticas:Elevada estabilidade;Baixo consumo;Resposta r\u00e1pida, (lembre que estamos falando de temperatura e umidade relativa);Sa\u00edda digital via pino \u00fanico;Faixa umidade: 20% a 90% RH,\u00a0 \u00b15.0%RH;Faixa temperatura: 0 a +50 \u00b0c, \u00b12.0 \u00b0c;Elemento [&hellip;]<\/p>\n","protected":false},"featured_media":1568,"template":"","meta":[],"product_brand":[],"product_cat":[411,178],"product_tag":[],"class_list":{"0":"post-1567","1":"product","2":"type-product","3":"status-publish","4":"has-post-thumbnail","6":"product_cat-sem-categoria","7":"product_cat-sensores","9":"entry","10":"has-media","12":"first","13":"instock","14":"purchasable","15":"product-type-simple","16":"has-product-nav","17":"col","18":"span_1_of_3","19":"owp-content-center","20":"owp-thumbs-layout-horizontal","21":"owp-btn-normal","22":"owp-tabs-layout-horizontal"},"_links":{"self":[{"href":"https:\/\/arduxop.com.br\/loja\/wp-json\/wp\/v2\/product\/1567","targetHints":{"allow":["GET"]}}],"collection":[{"href":"https:\/\/arduxop.com.br\/loja\/wp-json\/wp\/v2\/product"}],"about":[{"href":"https:\/\/arduxop.com.br\/loja\/wp-json\/wp\/v2\/types\/product"}],"wp:featuredmedia":[{"embeddable":true,"href":"https:\/\/arduxop.com.br\/loja\/wp-json\/wp\/v2\/media\/1568"}],"wp:attachment":[{"href":"https:\/\/arduxop.com.br\/loja\/wp-json\/wp\/v2\/media?parent=1567"}],"wp:term":[{"taxonomy":"product_brand","embeddable":true,"href":"https:\/\/arduxop.com.br\/loja\/wp-json\/wp\/v2\/product_brand?post=1567"},{"taxonomy":"product_cat","embeddable":true,"href":"https:\/\/arduxop.com.br\/loja\/wp-json\/wp\/v2\/product_cat?post=1567"},{"taxonomy":"product_tag","embeddable":true,"href":"https:\/\/arduxop.com.br\/loja\/wp-json\/wp\/v2\/product_tag?post=1567"}],"curies":[{"name":"wp","href":"https:\/\/api.w.org\/{rel}","templated":true}]}}