{"id":15663,"date":"2020-09-12T16:50:58","date_gmt":"2020-09-12T19:50:58","guid":{"rendered":"https:\/\/arduxop.com.br\/loja\/?post_type=product&#038;p=15663"},"modified":"2024-07-25T07:54:49","modified_gmt":"2024-07-25T11:54:49","slug":"modulo-placa-de-expansao-adaptador-para-bbc-microbit","status":"publish","type":"product","link":"https:\/\/arduxop.com.br\/loja\/produto\/modulo-placa-de-expansao-adaptador-para-bbc-microbit\/","title":{"rendered":"Placa De Expans\u00e3o Para BBC Micro:bit"},"content":{"rendered":"<p class=\"detail-desc-decorate-title\" data-spm-anchor-id=\"a2g0o.detail.1000023.i10.4a063312DgoeQc\">Introdu\u00e7\u00e3o<\/p>\n<p class=\"detail-desc-decorate-content\">Desde o advento do micro:bit, sua maneira simples e pr\u00e1tica de programa\u00e7\u00e3o \u00e9 amplamente amado por fabricantes, estudantes e professores. Seu design de amostra, juntamente com uma riqueza de recursos de pinos, dar-lhe possibilidades infinitas. Esta placa de expans\u00e3o n\u00e3o s\u00f3 leva a 9 micro:bit interfaces gpio a bordo, mas tamb\u00e9m vem com unidades de motor de 4 vias e 8 interfaces servo, das quais as movimenta\u00e7\u00f5es do motor de 4 vias podem ser reutilizadas como movimenta\u00e7\u00f5es do motor deslizante de 2 vias. Micro:bit driver placa de expans\u00e3o adota i2c chip de acionamento externo para controlar o motor e servo motor, s\u00f3 ocupa dois pinos i2c e pode completar o motor e servo controle duplo sem ocupar outros recursos. Usando o motorista do motor hr8833, a corrente de funcionamento cont\u00ednua m\u00e1xima \u00e9 1.5a, ele pode conduzir o motor pequeno comum e o mini motor de metal n20. Cada porta do motor vem com um indicador de giro positivo e negativo para identificar o sentido de funcionamento do motor convenientemente, que \u00e9 muito adequado para estudantes e fabricantes para fazer pequenos projetos. Tanto o gpio estendido como a interface servo usam a interface padr\u00e3o dfrobot-gravidade, suportando um grande n\u00famero de m\u00f3dulos e sensores. A interface servo \u00e9 conectada diretamente \u00e0 fonte de alimenta\u00e7\u00e3o vin, aumentando assim a corrente de alimenta\u00e7\u00e3o que pode suportar v\u00e1rios servos para trabalhar ao mesmo tempo. Esta placa de expans\u00e3o suporta 3.5v a 5.5v fonte de alimenta\u00e7\u00e3o. Fornece um plugue dc 2.1 e um terminal de fia\u00e7\u00e3o que pode ser conectado diretamente a tr\u00eas caixas de bateria secas. Ele vem com um usb para dc 2.1 cabo adaptador, que pode ser alimentado por banco de pot\u00eancia e \u00e9 mais econ\u00f4mico e favor\u00e1vel ao meio ambiente.<\/p>\n<p><a href=\"http:\/\/www.dfrobot.com\/wiki\/index.php\/micro:bit_driver_expansion_board_sku:dfr0548\">www.dfrobot.com\/wiki\/index.php\/micro:bit_driver_expansion_board_sku:dfr0548<\/a><\/p>\n<p><a href=\"http:\/\/github.com\/dfrobot\/pxt-motor\">github.com\/dfrobot\/pxt-motor<\/a><\/p>\n","protected":false},"excerpt":{"rendered":"<p>M\u00f3dulo Placa De Expans\u00e3o Adaptador Para BBC Micro:bit<\/p>\n","protected":false},"featured_media":15671,"template":"","meta":[],"product_brand":[],"product_cat":[522,49],"product_tag":[519,526,520],"class_list":{"0":"post-15663","1":"product","2":"type-product","3":"status-publish","4":"has-post-thumbnail","6":"product_cat-microcontrolador-2","7":"product_cat-microprocessadores","8":"product_tag-bbc","9":"product_tag-df-robot","10":"product_tag-microbit","12":"entry","13":"has-media","15":"first","16":"outofstock","17":"shipping-taxable","18":"purchasable","19":"product-type-simple","20":"has-product-nav","21":"col","22":"span_1_of_3","23":"owp-content-center","24":"owp-thumbs-layout-horizontal","25":"owp-btn-normal","26":"owp-tabs-layout-horizontal"},"_links":{"self":[{"href":"https:\/\/arduxop.com.br\/loja\/wp-json\/wp\/v2\/product\/15663","targetHints":{"allow":["GET"]}}],"collection":[{"href":"https:\/\/arduxop.com.br\/loja\/wp-json\/wp\/v2\/product"}],"about":[{"href":"https:\/\/arduxop.com.br\/loja\/wp-json\/wp\/v2\/types\/product"}],"wp:featuredmedia":[{"embeddable":true,"href":"https:\/\/arduxop.com.br\/loja\/wp-json\/wp\/v2\/media\/15671"}],"wp:attachment":[{"href":"https:\/\/arduxop.com.br\/loja\/wp-json\/wp\/v2\/media?parent=15663"}],"wp:term":[{"taxonomy":"product_brand","embeddable":true,"href":"https:\/\/arduxop.com.br\/loja\/wp-json\/wp\/v2\/product_brand?post=15663"},{"taxonomy":"product_cat","embeddable":true,"href":"https:\/\/arduxop.com.br\/loja\/wp-json\/wp\/v2\/product_cat?post=15663"},{"taxonomy":"product_tag","embeddable":true,"href":"https:\/\/arduxop.com.br\/loja\/wp-json\/wp\/v2\/product_tag?post=15663"}],"curies":[{"name":"wp","href":"https:\/\/api.w.org\/{rel}","templated":true}]}}