{"id":15644,"date":"2020-09-25T17:52:08","date_gmt":"2020-09-25T20:52:08","guid":{"rendered":"https:\/\/arduxop.com.br\/loja\/?post_type=product&#038;p=15644"},"modified":"2024-07-25T07:54:47","modified_gmt":"2024-07-25T11:54:47","slug":"15644","status":"publish","type":"product","link":"https:\/\/arduxop.com.br\/loja\/produto\/15644\/","title":{"rendered":"M\u00f3dulo Amplificador Microfone Eletreto Max9814 Agc"},"content":{"rendered":"<div class=\"description-box-mobile-size\">\n<p>O <strong>Microfone Eletreto Max9814<\/strong> \u00e9 um m\u00f3dulo eletr\u00f4nico desenvolvido especialmente para projetos que precisam de sensor mais sens\u00edvel para identifica\u00e7\u00e3o de som, contendo em seu circuito um microfone de eletreto e o amplificador Max9814.<br \/>\nA principal refer\u00eancia dos microfones de eletreto se devem ao seu baixo custo, aliado \u00e0 sua alta sensibilidade para capta\u00e7\u00e3o de sons ambiente e tamanho reduzido, podendo ser aplicado para as mais diversas finalidades em projetos rob\u00f3ticos.<br \/>\nO Microfone Eletreto Max9814 se destaca por possuir controle de ganho autom\u00e1tico (AGC), al\u00e9m de polariza\u00e7\u00e3o de microfone de baixo ru\u00eddo, possuindo um pr\u00e9 amplificador de baixo ru\u00eddo, um amplificador de ganho vari\u00e1vel e um amplificador de sa\u00edda, tudo para tornar a recep\u00e7\u00e3o a melhor poss\u00edvel.<br \/>\nPossuir controle autom\u00e1tico de ganho o torna um modelo sofisticado, permitindo que se ajuste ao som ambiente, sem necessidade do programador intervir, sendo especialmente indicado para quem deseja gravar ou detectar sons em um ambiente onde os n\u00edveis de ru\u00eddo se alteram constantemente, n\u00e3o prejudicando a capta\u00e7\u00e3o.<br \/>\nNos casos em que o\u00a0Microfone Eletreto Max9814 for utilizado diretamente como amplificador de som, \u00e9 recomendada a utiliza\u00e7\u00e3o de um capacitor de\u00a01uF a 100uF (sem uma distin\u00e7\u00e3o direta de valor) atrav\u00e9s do pino de sa\u00edda do m\u00f3dulo.<\/p>\n<\/div>\n<div class=\"description-box-mobile-size\">\n<p><a name=\"caract\"><\/a><\/p>\n<p class=\"product_title_interno font-weight-bold m-0 p-0\">CARACTER\u00cdSTICAS:<\/p>\n<p>&#8211; M\u00f3dulo Microfone Eletreto Max9814 Amplificador;<br \/>\n&#8211; Microfone Eletreto Max9814;<br \/>\n&#8211; Microfone Max9814;<br \/>\n&#8211; Eletreto Max9814;<br \/>\n&#8211; Amplificador Max9814;<br \/>\n&#8211; Sensor de Som Arduino;<br \/>\n&#8211; Controle autom\u00e1tico de ganho;<br \/>\n&#8211; Taxa Attack e Release program\u00e1vel;<br \/>\n&#8211; Baixa densidade de ru\u00eddo de entrada;<br \/>\n&#8211; Material Max9814: <a href=\"https:\/\/www.usinainfo.com.br\/index.php?controller=attachment&amp;id_attachment=638\" target=\"_blank\" rel=\"noopener noreferrer\">Download AQUI<\/a>;<br \/>\n&#8211; Datasheet MAX9814: <a href=\"https:\/\/www.usinainfo.com.br\/index.php?controller=attachment&amp;id_attachment=637\" target=\"_blank\" rel=\"noopener noreferrer\">Download AQUI<\/a>.<\/p>\n<\/div>\n<div class=\"description-box-mobile-size\">\n<p class=\"product_title_interno font-weight-bold mt-3 p-0\">ESPECIFICA\u00c7\u00d5ES:<\/p>\n<p>&#8211; Modelo: MAX814;<br \/>\n&#8211; Tens\u00e3o de Alimenta\u00e7\u00e3o: 2.7V-5.5V @ 3mA;<br \/>\n&#8211; Sa\u00edda: 2Vpp na polariza\u00e7\u00e3o de 1,25V bias;<br \/>\n&#8211; Resposta de Frequ\u00eancia: 20Hz &#8211; 20 KHz;<br \/>\n&#8211; Ataque program\u00e1vel e taxa de libera\u00e7\u00e3o<br \/>\n&#8211; Ganho m\u00e1ximo: 40dB, 50dB ou 60dB;<br \/>\n&#8211; Ru\u00eddo de entrada: 30nV \/ ;<br \/>\n&#8211; Baixo THD: 0,04% (t\u00edpico)<br \/>\n&#8211; Dimens\u00f5es (CxLxE): ~25x15x8mm;<br \/>\n&#8211; Peso: 2g.<\/p>\n<p>Video do Produto:<\/p>\n<p class=\"responsive-video-wrap clr\"><iframe title=\"DETECTOR DE SOM PARA ARDUINO, ESP32 E OUTROS!\" width=\"1200\" height=\"675\" src=\"https:\/\/www.youtube.com\/embed\/LpdWpnnIFT4?feature=oembed\" frameborder=\"0\" allow=\"accelerometer; autoplay; clipboard-write; encrypted-media; gyroscope; picture-in-picture\" allowfullscreen><\/iframe><\/p>\n<\/div>\n","protected":false},"excerpt":{"rendered":"<p class=\"ui-pdp-title\">M\u00f3dulo Amplificador Microfone Eletreto Max9814 Agc<\/p>\n","protected":false},"featured_media":15645,"template":"","meta":[],"product_brand":[],"product_cat":[523,411,47],"product_tag":[314,315,525,524,414,413],"class_list":{"0":"post-15644","1":"product","2":"type-product","3":"status-publish","4":"has-post-thumbnail","6":"product_cat-audio-2","7":"product_cat-sem-categoria","8":"product_cat-diversos","9":"product_tag-amplificador","10":"product_tag-audio","11":"product_tag-eletreto","12":"product_tag-eletrtreto","13":"product_tag-palmas","14":"product_tag-som","16":"entry","17":"has-media","19":"first","20":"outofstock","21":"shipping-taxable","22":"purchasable","23":"product-type-simple","24":"has-product-nav","25":"col","26":"span_1_of_3","27":"owp-content-center","28":"owp-thumbs-layout-horizontal","29":"owp-btn-normal","30":"owp-tabs-layout-horizontal"},"_links":{"self":[{"href":"https:\/\/arduxop.com.br\/loja\/wp-json\/wp\/v2\/product\/15644","targetHints":{"allow":["GET"]}}],"collection":[{"href":"https:\/\/arduxop.com.br\/loja\/wp-json\/wp\/v2\/product"}],"about":[{"href":"https:\/\/arduxop.com.br\/loja\/wp-json\/wp\/v2\/types\/product"}],"wp:featuredmedia":[{"embeddable":true,"href":"https:\/\/arduxop.com.br\/loja\/wp-json\/wp\/v2\/media\/15645"}],"wp:attachment":[{"href":"https:\/\/arduxop.com.br\/loja\/wp-json\/wp\/v2\/media?parent=15644"}],"wp:term":[{"taxonomy":"product_brand","embeddable":true,"href":"https:\/\/arduxop.com.br\/loja\/wp-json\/wp\/v2\/product_brand?post=15644"},{"taxonomy":"product_cat","embeddable":true,"href":"https:\/\/arduxop.com.br\/loja\/wp-json\/wp\/v2\/product_cat?post=15644"},{"taxonomy":"product_tag","embeddable":true,"href":"https:\/\/arduxop.com.br\/loja\/wp-json\/wp\/v2\/product_tag?post=15644"}],"curies":[{"name":"wp","href":"https:\/\/api.w.org\/{rel}","templated":true}]}}