{"id":1564,"date":"2018-01-16T10:26:54","date_gmt":"2018-01-16T13:26:54","guid":{"rendered":"https:\/\/arduxop.com.br\/loja\/produto\/display-lcd-arduino-comunicacao-i2c-20x4-somente-4-fios\/"},"modified":"2024-07-25T07:59:05","modified_gmt":"2024-07-25T11:59:05","slug":"display-lcd-arduino-comunicacao-i2c-20x4-somente-4-fios","status":"publish","type":"product","link":"https:\/\/arduxop.com.br\/loja\/produto\/display-lcd-arduino-comunicacao-i2c-20x4-somente-4-fios\/","title":{"rendered":"M\u00f3dulo I2c LCD Somente 4 Fios"},"content":{"rendered":"<p>M\u00f3dulo Serial I2C para Display LCD Arduino<\/p>\n<p>Muitas vezes a quantidade de pinos dispon\u00edveis no seu Arduino \u00e9 limitada, pois ap\u00f3s conectar display e sensores sobram poucos pinos para uso. Contudo, com este M\u00f3dulo Serial I2C voc\u00ea poder\u00e1 controlar o seu display lcd usando apenas 2 pinos, isso mesmo! Este m\u00f3dulo, permite que voc\u00ea controle um display LCD, n\u00e3o importa se 16\u00d72 ou 20\u00d74, utilizando apenas dois pinos do Arduino: o pino anal\u00f3gico 4 (SDA) e o pino anal\u00f3gico 5 (SCL).<\/p>\n<p>Especifica\u00e7\u00f5es:<\/p>\n<p>Endere\u00e7o I2C: 0x20-0x27 (Padr\u00e3o 0x20 mas pode ser modificado)<br \/>Compat\u00edvel com Display LCD 16\u00d72 e LCD 20\u00d74<br \/>Tens\u00e3o de opera\u00e7\u00e3o: 5V<br \/>Dimens\u00f5es: 55 x 23 x 14mm<br \/>Peso: 5g<\/p>\n<p>Acompanha:<\/p>\n<p>01 \u2013 M\u00f3dulo Serial I2C<\/p>\n","protected":false},"excerpt":{"rendered":"<p class=\"item-title__primary \">M\u00f3dulo Adaptador I2c Para Display Lcd<\/p>\n","protected":false},"featured_media":1565,"template":"","meta":[],"product_brand":[],"product_cat":[183,233],"product_tag":[],"class_list":{"0":"post-1564","1":"product","2":"type-product","3":"status-publish","4":"has-post-thumbnail","6":"product_cat-displays","7":"product_cat-lcd","9":"entry","10":"has-media","12":"first","13":"instock","14":"purchasable","15":"product-type-simple","16":"has-product-nav","17":"col","18":"span_1_of_3","19":"owp-content-center","20":"owp-thumbs-layout-horizontal","21":"owp-btn-normal","22":"owp-tabs-layout-horizontal","23":"has-no-thumbnails"},"_links":{"self":[{"href":"https:\/\/arduxop.com.br\/loja\/wp-json\/wp\/v2\/product\/1564","targetHints":{"allow":["GET"]}}],"collection":[{"href":"https:\/\/arduxop.com.br\/loja\/wp-json\/wp\/v2\/product"}],"about":[{"href":"https:\/\/arduxop.com.br\/loja\/wp-json\/wp\/v2\/types\/product"}],"wp:featuredmedia":[{"embeddable":true,"href":"https:\/\/arduxop.com.br\/loja\/wp-json\/wp\/v2\/media\/1565"}],"wp:attachment":[{"href":"https:\/\/arduxop.com.br\/loja\/wp-json\/wp\/v2\/media?parent=1564"}],"wp:term":[{"taxonomy":"product_brand","embeddable":true,"href":"https:\/\/arduxop.com.br\/loja\/wp-json\/wp\/v2\/product_brand?post=1564"},{"taxonomy":"product_cat","embeddable":true,"href":"https:\/\/arduxop.com.br\/loja\/wp-json\/wp\/v2\/product_cat?post=1564"},{"taxonomy":"product_tag","embeddable":true,"href":"https:\/\/arduxop.com.br\/loja\/wp-json\/wp\/v2\/product_tag?post=1564"}],"curies":[{"name":"wp","href":"https:\/\/api.w.org\/{rel}","templated":true}]}}