{"id":15622,"date":"2020-09-13T11:07:03","date_gmt":"2020-09-13T14:07:03","guid":{"rendered":"https:\/\/arduxop.com.br\/loja\/?post_type=product&#038;p=15622"},"modified":"2024-07-25T07:54:48","modified_gmt":"2024-07-25T11:54:48","slug":"display-lcd-colorido-para-a-bbc-micro-bit","status":"publish","type":"product","link":"https:\/\/arduxop.com.br\/loja\/produto\/display-lcd-colorido-para-a-bbc-micro-bit\/","title":{"rendered":"Display LCD Colorido para a BBC Micro: bit"},"content":{"rendered":"<p>DESCRI\u00c7\u00c3O<\/p>\n<p>1.8 polegada display colorido m\u00f3dulo para micro: bit, 160&#215;128 pixels, 65 K cores<\/p>\n<h2>Vis\u00e3o geral<\/h2>\n<p>Este \u00e9 um display colorido m\u00f3dulo projetado para a BBC micro: bit, 1.8 polegada diagonal, 160&#215;128 pixels, capaz de exibir 65 K cores.<\/p>\n<p>Cansado da 5&#215;5 LED matrix? Tempo para obter um pequeno monitor para o seu micro: bit, esta seria a escolha ideal.<\/p>\n<h2>Caracter\u00edsticas<\/h2>\n<ul>\n<li>Micro: bit conector de borda, diretamente conect\u00e1vel<\/li>\n<li>Driver incorporado ST7735S, suporta 65 K cores<\/li>\n<li>Onboard SRAM 23LC1024, usado como cache de exibi\u00e7\u00e3o, n\u00e3o mais fora de mem\u00f3ria<\/li>\n<li>Interface SPI, ocupa apenas alguns pinos de IO<\/li>\n<li>Ajuste de ilumina\u00e7\u00e3o via PWM<\/li>\n<li>Almofadas de solda reservados para a interface de controle, se torna mais f\u00e1cil para se conectar com Arduino\/placas de Nucleo<\/li>\n<li>Vem com recursos de desenvolvimento (micro: pouco gr\u00e1fica demo\/manual do usu\u00e1rio, etc)<\/li>\n<\/ul>\n<h2>Especifica\u00e7\u00f5es<\/h2>\n<ul>\n<li>Driver: ST7735S<\/li>\n<li>Resolu\u00e7\u00e3o: 160&#215;128<\/li>\n<li>Exposi\u00e7\u00e3o de cor: RGB, 65 K cores<\/li>\n<li>Tens\u00e3o de funcionamento: 3.3 V<\/li>\n<li>Dimens\u00e3o: 61mm x 51.5mm<\/li>\n<\/ul>\n<h2>Pinouts<\/h2>\n<table>\n<tbody>\n<tr>\n<th>PIN<\/th>\n<th>Micro: PIN pouco<\/th>\n<th>DESCRI\u00c7\u00c3O<\/th>\n<\/tr>\n<tr>\n<td>3V3<\/td>\n<td>3V3<\/td>\n<td>Poder<\/td>\n<\/tr>\n<tr>\n<td>GND<\/td>\n<td>GND<\/td>\n<td>Ch\u00e3o<\/td>\n<\/tr>\n<tr>\n<td>MISO<\/td>\n<td>P14<\/td>\n<td>Entrada de dados SPI mestre\/escravo sa\u00edda<\/td>\n<\/tr>\n<tr>\n<td>MOSI<\/td>\n<td>P15<\/td>\n<td>Sa\u00edda de dados SPI mestre\/escravo entrada<\/td>\n<\/tr>\n<tr>\n<td>SCK<\/td>\n<td>P13<\/td>\n<td>Entrada de clock de SPI<\/td>\n<\/tr>\n<tr>\n<td>LCD_CS<\/td>\n<td>P16<\/td>\n<td>Sele\u00e7\u00e3o de chip de LCD<\/td>\n<\/tr>\n<tr>\n<td>RAM_CS<\/td>\n<td>P2<\/td>\n<td>Sele\u00e7\u00e3o de chip SRAM<\/td>\n<\/tr>\n<tr>\n<td>DC<\/td>\n<td>P12<\/td>\n<td>Dados LCD\/comando<\/td>\n<\/tr>\n<tr>\n<td>RST<\/td>\n<td>P8<\/td>\n<td>LCD de reset<\/td>\n<\/tr>\n<tr>\n<td>BL<\/td>\n<td>P1<\/td>\n<td>LCD backlight<\/td>\n<\/tr>\n<\/tbody>\n<\/table>\n<h2>Dimens\u00f5es<\/h2>\n<p><img decoding=\"async\" src=\"https:\/\/ae01.alicdn.com\/kf\/HTB1h1Tmtv1TBuNjy0Fjq6yjyXXaP.jpg\" alt=\"1.8inch-LCD-for-micro-bit-size\" \/><\/p>\n<h2>Recursos de desenvolvimento<\/h2>\n<p><strong>Wiki:<\/strong><a href=\"http:\/\/www.waveshare.com\/wiki\/1.8inch_LCD_for_micro:bit\">www.waveshare.com\/wiki\/1.8inch_LCD_for_micro:bit<\/a><\/p>\n","protected":false},"excerpt":{"rendered":"<p>Display LCD Colorido para a BBC Micro: bit 1,8&#8243; 160&#215;128 Pixels<\/p>\n","protected":false},"featured_media":15632,"template":"","meta":[],"product_brand":[],"product_cat":[183,233,522,49],"product_tag":[],"class_list":{"0":"post-15622","1":"product","2":"type-product","3":"status-publish","4":"has-post-thumbnail","6":"product_cat-displays","7":"product_cat-lcd","8":"product_cat-microcontrolador-2","9":"product_cat-microprocessadores","11":"entry","12":"has-media","14":"first","15":"outofstock","16":"shipping-taxable","17":"purchasable","18":"product-type-simple","19":"has-product-nav","20":"col","21":"span_1_of_3","22":"owp-content-center","23":"owp-thumbs-layout-horizontal","24":"owp-btn-normal","25":"owp-tabs-layout-horizontal"},"_links":{"self":[{"href":"https:\/\/arduxop.com.br\/loja\/wp-json\/wp\/v2\/product\/15622","targetHints":{"allow":["GET"]}}],"collection":[{"href":"https:\/\/arduxop.com.br\/loja\/wp-json\/wp\/v2\/product"}],"about":[{"href":"https:\/\/arduxop.com.br\/loja\/wp-json\/wp\/v2\/types\/product"}],"wp:featuredmedia":[{"embeddable":true,"href":"https:\/\/arduxop.com.br\/loja\/wp-json\/wp\/v2\/media\/15632"}],"wp:attachment":[{"href":"https:\/\/arduxop.com.br\/loja\/wp-json\/wp\/v2\/media?parent=15622"}],"wp:term":[{"taxonomy":"product_brand","embeddable":true,"href":"https:\/\/arduxop.com.br\/loja\/wp-json\/wp\/v2\/product_brand?post=15622"},{"taxonomy":"product_cat","embeddable":true,"href":"https:\/\/arduxop.com.br\/loja\/wp-json\/wp\/v2\/product_cat?post=15622"},{"taxonomy":"product_tag","embeddable":true,"href":"https:\/\/arduxop.com.br\/loja\/wp-json\/wp\/v2\/product_tag?post=15622"}],"curies":[{"name":"wp","href":"https:\/\/api.w.org\/{rel}","templated":true}]}}