{"id":1562,"date":"2018-01-16T10:26:54","date_gmt":"2018-01-16T13:26:54","guid":{"rendered":"https:\/\/arduxop.com.br\/loja\/produto\/teclado-matricial-de-membrana-12-teclas-4x3\/"},"modified":"2024-07-25T07:59:04","modified_gmt":"2024-07-25T11:59:04","slug":"teclado-matricial-de-membrana-12-teclas-4x3","status":"publish","type":"product","link":"https:\/\/arduxop.com.br\/loja\/produto\/teclado-matricial-de-membrana-12-teclas-4x3\/","title":{"rendered":"Teclado Matricial De Membrana 12 Teclas 4&#215;3"},"content":{"rendered":"<p>Teclado Matricial de Membrana 12 TeclasSe voc\u00ea procura um terminal de entrada de dados em seu projeto, este pode ser o componente que voc\u00ea precisa. S\u00e3o 12 teclas de membrana dispostas no formato 4 linhas e 3 colunas.Sua parte de tr\u00e1s \u00e9 auto-adesiva e de \u00f3tima durabilidade, garantindo assim uma boa fixa\u00e7\u00e3o se necess\u00e1rio.Especifica\u00e7\u00f5es:- Teclas: 12- Conector: 7 pinos (2,54mm)- Montagem: Auto-Adesivo- Limites de Opera\u00e7\u00e3o: 35VDC, 100mA- Isola\u00e7\u00e3o: 100M\u03a9, 100V- Tempo de contato: 5ms- Durabilidade: 1 milh\u00e3o de ciclos por tecla- Temperatura de Funcionamento: 0-70\u00b0C- Tamanho: 69 x 76 x 0,8mm- Comprimento Cabo: 85mm- Peso: 7gTutorial:- Como usar o Teclado Matricial com Arduino- Teclado Matricial membrana 4&#215;3 com ArduinoAcompanha:01 &#8211; Teclado Matricial 12 Teclas<\/p>\n","protected":false},"excerpt":{"rendered":"<p><br data-mce-bogus=\"1\"><\/p>\n","protected":false},"featured_media":1563,"template":"","meta":[],"product_brand":[],"product_cat":[189],"product_tag":[],"class_list":{"0":"post-1562","1":"product","2":"type-product","3":"status-publish","4":"has-post-thumbnail","6":"product_cat-teclados","8":"entry","9":"has-media","11":"first","12":"onbackorder","13":"sale","14":"purchasable","15":"product-type-simple","16":"has-product-nav","17":"col","18":"span_1_of_3","19":"owp-content-center","20":"owp-thumbs-layout-horizontal","21":"owp-btn-normal","22":"owp-tabs-layout-horizontal","23":"has-no-thumbnails"},"_links":{"self":[{"href":"https:\/\/arduxop.com.br\/loja\/wp-json\/wp\/v2\/product\/1562","targetHints":{"allow":["GET"]}}],"collection":[{"href":"https:\/\/arduxop.com.br\/loja\/wp-json\/wp\/v2\/product"}],"about":[{"href":"https:\/\/arduxop.com.br\/loja\/wp-json\/wp\/v2\/types\/product"}],"wp:featuredmedia":[{"embeddable":true,"href":"https:\/\/arduxop.com.br\/loja\/wp-json\/wp\/v2\/media\/1563"}],"wp:attachment":[{"href":"https:\/\/arduxop.com.br\/loja\/wp-json\/wp\/v2\/media?parent=1562"}],"wp:term":[{"taxonomy":"product_brand","embeddable":true,"href":"https:\/\/arduxop.com.br\/loja\/wp-json\/wp\/v2\/product_brand?post=1562"},{"taxonomy":"product_cat","embeddable":true,"href":"https:\/\/arduxop.com.br\/loja\/wp-json\/wp\/v2\/product_cat?post=1562"},{"taxonomy":"product_tag","embeddable":true,"href":"https:\/\/arduxop.com.br\/loja\/wp-json\/wp\/v2\/product_tag?post=1562"}],"curies":[{"name":"wp","href":"https:\/\/api.w.org\/{rel}","templated":true}]}}