{"id":15611,"date":"2020-09-14T09:43:34","date_gmt":"2020-09-14T13:43:34","guid":{"rendered":"https:\/\/arduxop.com.br\/loja\/?post_type=product&#038;p=15611"},"modified":"2024-07-25T07:54:48","modified_gmt":"2024-07-25T11:54:48","slug":"bbc-microbit-microbit","status":"publish","type":"product","link":"https:\/\/arduxop.com.br\/loja\/produto\/bbc-microbit-microbit\/","title":{"rendered":"Bbc Micro:bit &#8211; Microbit"},"content":{"rendered":"<h2 class=\"ui-pdp-description__title\">Descri\u00e7\u00e3o<\/h2>\n<p class=\"ui-pdp-description__content\">VIS\u00c3O GERAL<\/p>\n<p>Voc\u00ea pode usar o seu BBC micro: bit para todos os tipos de cria\u00e7\u00f5es legais, a partir de rob\u00f4s para instrumentos musicais-as possibilidades s\u00e3o infinitas. Este pequeno dispositivo tem uma enorme quantidade de recursos, como 25 vermelho luzes LED que pode flash mensagens. H\u00e1 dois bot\u00f5es program\u00e1veis que podem ser usados para controlar os jogos ou fazer uma pausa e pular as m\u00fasicas em uma lista de reprodu\u00e7\u00e3o. A BBC micro: bit pode detectar motion e te dizer de qual dire\u00e7\u00e3o voc\u00ea est\u00e1 indo em, e ele pode usar uma conex\u00e3o para interagir com outros dispositivos Bluetooth de baixo consumo energ\u00e9tico e da Internet.<\/p>\n<p>Software<\/p>\n<p>1. suporta O Microsoft PXT editor gr\u00e1fico<br \/>Dispon\u00edvel em Windows, mac os, iOS e Android<br \/>A programa\u00e7\u00e3o online, n\u00e3o precisa de mais compilador<br \/>Download\/depurar o c\u00f3digo no PC via USB<br \/>Download\/depurar o c\u00f3digo em dispositivos m\u00f3veis atrav\u00e9s de Bluetooth<br \/>2. suporta m\u00faltiplas linguagens populares como Javasript, Phython, Mbed C, etc.<br \/>Microsoft TouchDevelop IDE<br \/>Microsoft Blocos<br \/>CodeKingdoms Javascript<br \/>MicroPython<br \/>Mbed permitir<br \/>Hardware<br \/>1. Nordic nRF51822<br \/>-Cortex-M0 16 MHz 32-bit ARM microcontrolador<br \/>-Bluetooth 4.0 low energy\/2.4 GHz RF SoC<br \/>-16kB RAM<br \/>-256kB Flash<br \/>2. KL26Z-48 MHz ARM Cortex-M0 + MCU Freescale<br \/>3. Compass-a Freescale MAG3110 3-magnet\u00f4metro eixo, I2C interface<br \/>4. MMA8652 3-axis aceler\u00f4metro aceler\u00f4metro-a Freescale, I2C interface<br \/>5. conector de alimenta\u00e7\u00e3o-3 V fonte de alimenta\u00e7\u00e3o<br \/>6. bot\u00e3o Reset-reiniciar o sistema<br \/>7. Micro conector USB-para conectar o PC, baixar o c\u00f3digo, a comunica\u00e7\u00e3o serial, etc.<br \/>8. 5*5 display LED-5*5 LEVOU grade<br \/>9. o bot\u00e3o A\/B * bot\u00f5es program\u00e1veis<br \/>10. i\/O pinos de conex\u00e3o * 5 I\/O senhor dos an\u00e9is e 20-pin conector de borda, incluindo SPI, UART, I2C, Anal\u00f3gico, PWM, etc.<br \/>11. Dimens\u00f5es-5 cm * 4 cm<\/p>\n<h4><b>Documenta\u00e7\u00e3o:<\/b><\/h4>\n<div class=\"col-sm-12\">\n<ul>\n<li><a href=\"https:\/\/learn.sparkfun.com\/tutorials\/getting-started-with-the-microbit\" target=\"_blank\" rel=\"noopener noreferrer\" data-mce-href=\"https:\/\/learn.sparkfun.com\/tutorials\/getting-started-with-the-microbit\">Primeiros passos<\/a><br data-mce-bogus=\"1\"><\/li>\n<li><a href=\"http:\/\/microbit.org\/start\/\" target=\"_blank\" rel=\"noopener noreferrer\" data-mce-href=\"http:\/\/microbit.org\/start\/\">Videos sobre os primeiros passos<\/a><br data-mce-bogus=\"1\"><\/li>\n<li><a href=\"http:\/\/microbit.org\/about\/\" target=\"_blank\" rel=\"noopener noreferrer\" data-mce-href=\"http:\/\/microbit.org\/about\/\">Sobre o micro:bit<\/a><br data-mce-bogus=\"1\"><\/li>\n<li><a href=\"http:\/\/microbit.org\/hardware\/\" target=\"_blank\" rel=\"noopener noreferrer\" data-mce-href=\"http:\/\/microbit.org\/hardware\/\">micro:bit Hardware<\/a><br data-mce-bogus=\"1\"><\/li>\n<li><a href=\"http:\/\/microbit.org\/code\/\" target=\"_blank\" rel=\"noopener noreferrer\" data-mce-href=\"http:\/\/microbit.org\/code\/\">micro:bit Apps<\/a><br data-mce-bogus=\"1\"><\/li>\n<\/ul>\n<p><p class=\"responsive-video-wrap clr\"><iframe title=\"Testamos o micro:bit! Venha experimentar esse &quot;Arduino&quot; crocante e recheado! \ud83d\ude01 Isso \u00e9 educa\u00e7\u00e3o 4.0!\" width=\"1200\" height=\"675\" src=\"https:\/\/www.youtube.com\/embed\/jl2eDLJSaCU?feature=oembed\" frameborder=\"0\" allow=\"accelerometer; autoplay; clipboard-write; encrypted-media; gyroscope; picture-in-picture\" allowfullscreen><\/iframe><\/p>\n<\/p>\n<\/div>\n","protected":false},"excerpt":{"rendered":"<p class=\"ui-pdp-title\">Microcontrolador Bbc Micro:bit Microbit<\/p>\n","protected":false},"featured_media":15616,"template":"","meta":[],"product_brand":[],"product_cat":[49],"product_tag":[519,520,521],"class_list":{"0":"post-15611","1":"product","2":"type-product","3":"status-publish","4":"has-post-thumbnail","6":"product_cat-microprocessadores","7":"product_tag-bbc","8":"product_tag-microbit","9":"product_tag-microcontrolador","11":"entry","12":"has-media","14":"first","15":"outofstock","16":"sale","17":"shipping-taxable","18":"purchasable","19":"product-type-simple","20":"has-product-nav","21":"col","22":"span_1_of_3","23":"owp-content-center","24":"owp-thumbs-layout-horizontal","25":"owp-btn-normal","26":"owp-tabs-layout-horizontal"},"_links":{"self":[{"href":"https:\/\/arduxop.com.br\/loja\/wp-json\/wp\/v2\/product\/15611","targetHints":{"allow":["GET"]}}],"collection":[{"href":"https:\/\/arduxop.com.br\/loja\/wp-json\/wp\/v2\/product"}],"about":[{"href":"https:\/\/arduxop.com.br\/loja\/wp-json\/wp\/v2\/types\/product"}],"wp:featuredmedia":[{"embeddable":true,"href":"https:\/\/arduxop.com.br\/loja\/wp-json\/wp\/v2\/media\/15616"}],"wp:attachment":[{"href":"https:\/\/arduxop.com.br\/loja\/wp-json\/wp\/v2\/media?parent=15611"}],"wp:term":[{"taxonomy":"product_brand","embeddable":true,"href":"https:\/\/arduxop.com.br\/loja\/wp-json\/wp\/v2\/product_brand?post=15611"},{"taxonomy":"product_cat","embeddable":true,"href":"https:\/\/arduxop.com.br\/loja\/wp-json\/wp\/v2\/product_cat?post=15611"},{"taxonomy":"product_tag","embeddable":true,"href":"https:\/\/arduxop.com.br\/loja\/wp-json\/wp\/v2\/product_tag?post=15611"}],"curies":[{"name":"wp","href":"https:\/\/api.w.org\/{rel}","templated":true}]}}