{"id":15585,"date":"2020-09-01T15:11:01","date_gmt":"2020-09-01T18:11:01","guid":{"rendered":"https:\/\/arduxop.com.br\/loja\/?post_type=product&#038;p=15585"},"modified":"2024-07-25T07:54:50","modified_gmt":"2024-07-25T11:54:50","slug":"display-lcd-nextion-2-4","status":"publish","type":"product","link":"https:\/\/arduxop.com.br\/loja\/produto\/display-lcd-nextion-2-4\/","title":{"rendered":"Display Lcd Nextion 2.4"},"content":{"rendered":"<p>Tela LCD Nextion 2.4 TFT 320X240 touch<br \/>\n.<br \/>\nEssa tela possui um mecanismo diferente para programa\u00e7\u00e3o com tela touch, de modo que voc\u00ea pode criar os menus pelo programa no computador e salvar em um cart\u00e3o de mem\u00f3ria SD, deixando o c\u00f3digo do microcontrolador mais enxuto e mais simplificado. Al\u00e9m disso requer apenas dois pinos para a comunica\u00e7\u00e3o externa.<\/p>\n<p>Caracter\u00edsticas:<br \/>\nResolu\u00e7\u00e3o: 324&#215;240<br \/>\nAlimenta\u00e7\u00e3o: 5V<br \/>\nTouch Screen: Resistivo<br \/>\nCores: RGB 65K true life<br \/>\nInterface Serial UART<br \/>\n\u00c1rea Visual: 3,7 cm X 4,9cm<\/p>\n<p class=\"responsive-video-wrap clr\"><iframe title=\"Tutorial Tela Touch Itead Nextion com Arduino\" width=\"1200\" height=\"675\" src=\"https:\/\/www.youtube.com\/embed\/sneQN4bpirg?feature=oembed\" frameborder=\"0\" allow=\"accelerometer; autoplay; clipboard-write; encrypted-media; gyroscope; picture-in-picture\" allowfullscreen><\/iframe><\/p>\n","protected":false},"excerpt":{"rendered":"<p>Display Tft Hmi 320&#215;240 Touch Screen<\/p>\n","protected":false},"featured_media":15589,"template":"","meta":[],"product_brand":[],"product_cat":[183,233],"product_tag":[],"class_list":{"0":"post-15585","1":"product","2":"type-product","3":"status-publish","4":"has-post-thumbnail","6":"product_cat-displays","7":"product_cat-lcd","9":"entry","10":"has-media","12":"first","13":"instock","14":"shipping-taxable","15":"purchasable","16":"product-type-simple","17":"has-product-nav","18":"col","19":"span_1_of_3","20":"owp-content-center","21":"owp-thumbs-layout-horizontal","22":"owp-btn-normal","23":"owp-tabs-layout-horizontal"},"_links":{"self":[{"href":"https:\/\/arduxop.com.br\/loja\/wp-json\/wp\/v2\/product\/15585","targetHints":{"allow":["GET"]}}],"collection":[{"href":"https:\/\/arduxop.com.br\/loja\/wp-json\/wp\/v2\/product"}],"about":[{"href":"https:\/\/arduxop.com.br\/loja\/wp-json\/wp\/v2\/types\/product"}],"wp:featuredmedia":[{"embeddable":true,"href":"https:\/\/arduxop.com.br\/loja\/wp-json\/wp\/v2\/media\/15589"}],"wp:attachment":[{"href":"https:\/\/arduxop.com.br\/loja\/wp-json\/wp\/v2\/media?parent=15585"}],"wp:term":[{"taxonomy":"product_brand","embeddable":true,"href":"https:\/\/arduxop.com.br\/loja\/wp-json\/wp\/v2\/product_brand?post=15585"},{"taxonomy":"product_cat","embeddable":true,"href":"https:\/\/arduxop.com.br\/loja\/wp-json\/wp\/v2\/product_cat?post=15585"},{"taxonomy":"product_tag","embeddable":true,"href":"https:\/\/arduxop.com.br\/loja\/wp-json\/wp\/v2\/product_tag?post=15585"}],"curies":[{"name":"wp","href":"https:\/\/api.w.org\/{rel}","templated":true}]}}