{"id":15575,"date":"2020-08-25T18:18:22","date_gmt":"2020-08-25T21:18:22","guid":{"rendered":"https:\/\/arduxop.com.br\/loja\/?post_type=product&#038;p=15575"},"modified":"2024-07-25T07:54:51","modified_gmt":"2024-07-25T11:54:51","slug":"display-oled-0-91-i2c-128x32-azul","status":"publish","type":"product","link":"https:\/\/arduxop.com.br\/loja\/produto\/display-oled-0-91-i2c-128x32-azul\/","title":{"rendered":"Display OLED 0.91&#8243;"},"content":{"rendered":"<p>O Display OLED 0.91 I2C 128&#215;32 &#8211; Azul polegadas possui imagem altamente n\u00edtida devido ao alto contraste dos displays OLED.<\/p>\n<p>A tecnologia OLED possui alta pot\u00eancia de aplica\u00e7\u00e3o para quase todos os tipos de monitores, sendo considerada hoje uma das tecnologias mais modernas na gera\u00e7\u00e3o de monitores de tela plana.<\/p>\n<p><strong>Especifica\u00e7\u00f5es:<\/strong><\/p>\n<p><span id=\"product_specification\">&#8211; Modelo: DL09-A<br \/>\n&#8211; Interface: I2C<br \/>\n&#8211; Resolu\u00e7\u00e3o: 128&#215;32 pixels<br \/>\n&#8211; Tela: 0,91\u201d<br \/>\n&#8211; Tens\u00e3o : 3,3 a 5V<\/span><br \/>\n&#8211; Cor dos caracteres: Azul<br \/>\n&#8211; Dimens\u00f5es da tela (CxL): 30x11mm<br \/>\n&#8211; Dimens\u00f5es (CxLxE): 38x12x3,5mm<br \/>\n&#8211; Peso: 2,1g<\/p>\n","protected":false},"excerpt":{"rendered":"<p class=\"product-title\">Display OLED 0.91&#8243; I2C 128&#215;32 &#8211; Azul<\/p>\n","protected":false},"featured_media":15577,"template":"","meta":[],"product_brand":[],"product_cat":[183,517],"product_tag":[],"class_list":{"0":"post-15575","1":"product","2":"type-product","3":"status-publish","4":"has-post-thumbnail","6":"product_cat-displays","7":"product_cat-oled","9":"entry","10":"has-media","12":"first","13":"outofstock","14":"shipping-taxable","15":"purchasable","16":"product-type-simple","17":"has-product-nav","18":"col","19":"span_1_of_3","20":"owp-content-center","21":"owp-thumbs-layout-horizontal","22":"owp-btn-normal","23":"owp-tabs-layout-horizontal","24":"has-no-thumbnails"},"_links":{"self":[{"href":"https:\/\/arduxop.com.br\/loja\/wp-json\/wp\/v2\/product\/15575","targetHints":{"allow":["GET"]}}],"collection":[{"href":"https:\/\/arduxop.com.br\/loja\/wp-json\/wp\/v2\/product"}],"about":[{"href":"https:\/\/arduxop.com.br\/loja\/wp-json\/wp\/v2\/types\/product"}],"wp:featuredmedia":[{"embeddable":true,"href":"https:\/\/arduxop.com.br\/loja\/wp-json\/wp\/v2\/media\/15577"}],"wp:attachment":[{"href":"https:\/\/arduxop.com.br\/loja\/wp-json\/wp\/v2\/media?parent=15575"}],"wp:term":[{"taxonomy":"product_brand","embeddable":true,"href":"https:\/\/arduxop.com.br\/loja\/wp-json\/wp\/v2\/product_brand?post=15575"},{"taxonomy":"product_cat","embeddable":true,"href":"https:\/\/arduxop.com.br\/loja\/wp-json\/wp\/v2\/product_cat?post=15575"},{"taxonomy":"product_tag","embeddable":true,"href":"https:\/\/arduxop.com.br\/loja\/wp-json\/wp\/v2\/product_tag?post=15575"}],"curies":[{"name":"wp","href":"https:\/\/api.w.org\/{rel}","templated":true}]}}