{"id":15571,"date":"2020-08-25T18:08:24","date_gmt":"2020-08-25T21:08:24","guid":{"rendered":"https:\/\/arduxop.com.br\/loja\/?post_type=product&#038;p=15571"},"modified":"2024-07-25T07:54:51","modified_gmt":"2024-07-25T11:54:51","slug":"modulo-can-bus","status":"publish","type":"product","link":"https:\/\/arduxop.com.br\/loja\/produto\/modulo-can-bus\/","title":{"rendered":"M\u00f3dulo CAN BUS"},"content":{"rendered":"<div id=\"product-details-wrapper\">\n<table class=\"product-details-container\" width=\"100%\" cellspacing=\"0\" cellpadding=\"0\">\n<tbody>\n<tr valign=\"top\">\n<td class=\"product-details-container-td-description\">\n<div class=\"product-details-description-wrapper\">\n<div class=\"product-description\">O M\u00f3dulo CAN BUS MCP2515 TJA1050 foi projetado para integrar projetos eletr\u00f4nicos integrados a microcontroladores Arduino, por exemplo, \u00e0 rede CAN.<br \/>\nA rede CAN \u00e9 um modo de comunica\u00e7\u00e3o de m\u00e1quinas modernas muito utilizadas na \u00e1rea industrial devido longa dist\u00e2ncia e a velocidade m\u00e9dia de comunica\u00e7\u00e3o, sendo encontrada tamb\u00e9m em aparelhos para diagn\u00f3stico automotivo.<strong>Especifica\u00e7\u00f5es:<\/strong><\/p>\n<p>&#8211; CI MCP2515 (datasheet)<br \/>\n&#8211; Suporta especifica\u00e7\u00e3o CAN V2.0B (1 Mb\/S)<br \/>\n&#8211; Tens\u00e3o de alimenta\u00e7\u00e3o: 5V<br \/>\n&#8211; Corrente de opera\u00e7\u00e3o: 5mA (standby 1\u00b5A)<br \/>\n&#8211; Interface: SPI<br \/>\n&#8211; Resistores de termina\u00e7\u00e3o de 120 ohms<br \/>\n&#8211; Temperatura de opera\u00e7\u00e3o: -40 a 85\u00b0C<br \/>\n&#8211; Dimens\u00f5es: 40 x 28 x 11,5mm.<\/p>\n<\/div>\n<div class=\"product-description\"><\/div>\n<\/div>\n<\/td>\n<\/tr>\n<\/tbody>\n<\/table>\n<\/div>\n<div class=\"sub-header\"><\/div>\n","protected":false},"excerpt":{"rendered":"<p class=\"product-title\">M\u00f3dulo CAN BUS MCP2515 TJA1050<\/p>\n","protected":false},"featured_media":15573,"template":"","meta":[],"product_brand":[],"product_cat":[46,411],"product_tag":[637,636,635],"class_list":{"0":"post-15571","1":"product","2":"type-product","3":"status-publish","4":"has-post-thumbnail","6":"product_cat-conversores-usb-serial","7":"product_cat-sem-categoria","8":"product_tag-bus","9":"product_tag-can","10":"product_tag-canbus","11":"product_shipping_class-loja","13":"entry","14":"has-media","16":"first","17":"instock","18":"shipping-taxable","19":"purchasable","20":"product-type-simple","21":"has-product-nav","22":"col","23":"span_1_of_3","24":"owp-content-center","25":"owp-thumbs-layout-horizontal","26":"owp-btn-normal","27":"owp-tabs-layout-horizontal"},"_links":{"self":[{"href":"https:\/\/arduxop.com.br\/loja\/wp-json\/wp\/v2\/product\/15571","targetHints":{"allow":["GET"]}}],"collection":[{"href":"https:\/\/arduxop.com.br\/loja\/wp-json\/wp\/v2\/product"}],"about":[{"href":"https:\/\/arduxop.com.br\/loja\/wp-json\/wp\/v2\/types\/product"}],"wp:featuredmedia":[{"embeddable":true,"href":"https:\/\/arduxop.com.br\/loja\/wp-json\/wp\/v2\/media\/15573"}],"wp:attachment":[{"href":"https:\/\/arduxop.com.br\/loja\/wp-json\/wp\/v2\/media?parent=15571"}],"wp:term":[{"taxonomy":"product_brand","embeddable":true,"href":"https:\/\/arduxop.com.br\/loja\/wp-json\/wp\/v2\/product_brand?post=15571"},{"taxonomy":"product_cat","embeddable":true,"href":"https:\/\/arduxop.com.br\/loja\/wp-json\/wp\/v2\/product_cat?post=15571"},{"taxonomy":"product_tag","embeddable":true,"href":"https:\/\/arduxop.com.br\/loja\/wp-json\/wp\/v2\/product_tag?post=15571"}],"curies":[{"name":"wp","href":"https:\/\/api.w.org\/{rel}","templated":true}]}}