{"id":1556,"date":"2018-01-16T11:26:54","date_gmt":"2018-01-16T14:26:54","guid":{"rendered":"https:\/\/arduxop.com.br\/loja\/produto\/barra-de-40-pinos-macho-90-graus-header-arduino-pic\/"},"modified":"2024-07-25T07:57:24","modified_gmt":"2024-07-25T11:57:24","slug":"barra-de-40-pinos-macho-90-graus-header-arduino-pic","status":"publish","type":"product","link":"https:\/\/arduxop.com.br\/loja\/produto\/barra-de-40-pinos-macho-90-graus-header-arduino-pic\/","title":{"rendered":"Barra De Pinos 40 Vias Macho"},"content":{"rendered":"<p>Barra De 40 Pinos Macho retos ou 90 Graus Header Arduino PicSoquete de barra 1X40 (uma fileira com 40 pinos). Conector pr\u00e1tico, muito \u00fatil, perfeito para projetos anal\u00f3gicos ou digitais. Cada barra possui 40 pinos em angulo de 90 graus. Caracter\u00edsticas:Espa\u00e7amento: 2.54mm (Padr\u00e3o dos protoboards)\u00c2ngulo: 90\u00b0N\u00famero de pinos: 40N\u00famero de fileiras: 1Cor: preta<\/p>\n","protected":false},"excerpt":{"rendered":"<p>Barra De 40 Pinos Macho retos ou 90 Graus Header Arduino PicSoquete de barra 1X40 (uma fileira com 40 pinos). Conector pr\u00e1tico, muito \u00fatil, perfeito para projetos anal\u00f3gicos ou digitais. Cada barra possui 40 pinos em angulo de 90 graus. Caracter\u00edsticas:Espa\u00e7amento: 2.54mm (Padr\u00e3o dos protoboards)\u00c2ngulo: 90\u00b0N\u00famero de pinos: 40N\u00famero de fileiras: 1Cor: preta<\/p>\n","protected":false},"featured_media":1558,"template":"","meta":[],"product_brand":[],"product_cat":[184],"product_tag":[],"class_list":{"0":"post-1556","1":"product","2":"type-product","3":"status-publish","4":"has-post-thumbnail","6":"product_cat-fios-e-cabos","8":"entry","9":"has-media","11":"first","12":"instock","13":"sold-individually","14":"purchasable","15":"product-type-simple","16":"has-product-nav","17":"col","18":"span_1_of_3","19":"owp-content-center","20":"owp-thumbs-layout-horizontal","21":"owp-btn-normal","22":"owp-tabs-layout-horizontal"},"_links":{"self":[{"href":"https:\/\/arduxop.com.br\/loja\/wp-json\/wp\/v2\/product\/1556","targetHints":{"allow":["GET"]}}],"collection":[{"href":"https:\/\/arduxop.com.br\/loja\/wp-json\/wp\/v2\/product"}],"about":[{"href":"https:\/\/arduxop.com.br\/loja\/wp-json\/wp\/v2\/types\/product"}],"wp:featuredmedia":[{"embeddable":true,"href":"https:\/\/arduxop.com.br\/loja\/wp-json\/wp\/v2\/media\/1558"}],"wp:attachment":[{"href":"https:\/\/arduxop.com.br\/loja\/wp-json\/wp\/v2\/media?parent=1556"}],"wp:term":[{"taxonomy":"product_brand","embeddable":true,"href":"https:\/\/arduxop.com.br\/loja\/wp-json\/wp\/v2\/product_brand?post=1556"},{"taxonomy":"product_cat","embeddable":true,"href":"https:\/\/arduxop.com.br\/loja\/wp-json\/wp\/v2\/product_cat?post=1556"},{"taxonomy":"product_tag","embeddable":true,"href":"https:\/\/arduxop.com.br\/loja\/wp-json\/wp\/v2\/product_tag?post=1556"}],"curies":[{"name":"wp","href":"https:\/\/api.w.org\/{rel}","templated":true}]}}