{"id":15510,"date":"2020-05-07T16:07:39","date_gmt":"2020-05-07T20:07:39","guid":{"rendered":"https:\/\/arduxop.com.br\/loja\/?post_type=product&#038;p=15510"},"modified":"2024-07-25T07:54:52","modified_gmt":"2024-07-25T11:54:52","slug":"termostato-digital","status":"publish","type":"product","link":"https:\/\/arduxop.com.br\/loja\/produto\/termostato-digital\/","title":{"rendered":"Termostato Digital W2809"},"content":{"rendered":"<h2 class=\"main-section__title item-description__title\">Descri\u00e7\u00e3o<\/h2>\n<div id=\"description-includes\" class=\"item-description__content \">\n<div class=\"item-description__text\">\n<p>Este controlador exibe o valor de temperatura atual, podendo controlar ambientes em modo de aquecimento OU resfriamento. Possui calibra\u00e7\u00e3o de temperatura, tempo de atraso para acionamento da sa\u00edda de refrigera\u00e7\u00e3o, alarme quando a temperatura exceder o limite de temperatura ou quando ocorrer um erro com o sensor.<\/p>\n<p>IDEAL PARA CONTROLE DE TEMPERATURA DE AQU\u00c1RIOS, ESTUFAS, VIVEIROS, CHOCADEIRAS, HIDROPONIA, REFRIGERADORES, FORNOS, ETC.<\/p>\n<p>Cor: Preto<br \/>Material: Pl\u00e1stico<br \/>Alimenta\u00e7\u00e3o: 12V de pelo menos 200mA<\/p>\n<p>Faixa de Medi\u00e7\u00e3o: -50\u00baC at\u00e9 110\u00baC<br \/>Resolu\u00e7\u00e3o do Display: 0.1\u00baC<br \/>Tens\u00e3o de entrada: 12 VDC<br \/>Entradas de medi\u00e7\u00e3o: NTC (10K0. 5%) sensor do tipo \u00c0 Prova D&#8217; \u00c1gua<br \/>Rel\u00e9 de Saida: 20A<br \/>Requisitos ambientais:-10 \u00b0 C-60 \u00b0 C, umidade 20%-85%<br \/>Tamanho: 48x29x32mm (32 de Profundidade)<br \/>Consumo de energia: corrente de Est\u00e1tica: =35MA, atrair atual: =65MA<\/p>\n<\/div>\n<\/div>\n","protected":false},"excerpt":{"rendered":"<p class=\"item-title__primary \">Termostato Digital Controlador Temperatura 12v Sensor<\/p>\n","protected":false},"featured_media":15518,"template":"","meta":[],"product_brand":[],"product_cat":[196,50,178,516],"product_tag":[],"class_list":{"0":"post-15510","1":"product","2":"type-product","3":"status-publish","4":"has-post-thumbnail","6":"product_cat-medidores","7":"product_cat-modulos","8":"product_cat-sensores","9":"product_cat-temperatura","11":"entry","12":"has-media","14":"first","15":"outofstock","16":"shipping-taxable","17":"purchasable","18":"product-type-simple","19":"has-product-nav","20":"col","21":"span_1_of_3","22":"owp-content-center","23":"owp-thumbs-layout-horizontal","24":"owp-btn-normal","25":"owp-tabs-layout-horizontal"},"_links":{"self":[{"href":"https:\/\/arduxop.com.br\/loja\/wp-json\/wp\/v2\/product\/15510","targetHints":{"allow":["GET"]}}],"collection":[{"href":"https:\/\/arduxop.com.br\/loja\/wp-json\/wp\/v2\/product"}],"about":[{"href":"https:\/\/arduxop.com.br\/loja\/wp-json\/wp\/v2\/types\/product"}],"wp:featuredmedia":[{"embeddable":true,"href":"https:\/\/arduxop.com.br\/loja\/wp-json\/wp\/v2\/media\/15518"}],"wp:attachment":[{"href":"https:\/\/arduxop.com.br\/loja\/wp-json\/wp\/v2\/media?parent=15510"}],"wp:term":[{"taxonomy":"product_brand","embeddable":true,"href":"https:\/\/arduxop.com.br\/loja\/wp-json\/wp\/v2\/product_brand?post=15510"},{"taxonomy":"product_cat","embeddable":true,"href":"https:\/\/arduxop.com.br\/loja\/wp-json\/wp\/v2\/product_cat?post=15510"},{"taxonomy":"product_tag","embeddable":true,"href":"https:\/\/arduxop.com.br\/loja\/wp-json\/wp\/v2\/product_tag?post=15510"}],"curies":[{"name":"wp","href":"https:\/\/api.w.org\/{rel}","templated":true}]}}