{"id":15500,"date":"2020-04-30T15:23:56","date_gmt":"2020-04-30T18:23:56","guid":{"rendered":"https:\/\/arduxop.com.br\/loja\/?post_type=product&#038;p=15500"},"modified":"2024-07-25T07:54:53","modified_gmt":"2024-07-25T11:54:53","slug":"esp-12e-esp8266-esp-12-wemos","status":"publish","type":"product","link":"https:\/\/arduxop.com.br\/loja\/produto\/esp-12e-esp8266-esp-12-wemos\/","title":{"rendered":"Esp-12e Esp8266 Esp 12 Wemos"},"content":{"rendered":"<p>ESPECIFICA\u00c7\u00d5ES T\u00c9CNICAS:<br \/>\n\u2013 Controlador ESP8266EX<br \/>\n\u2013 11 pinos digitais de I\/O<br \/>\n\u2013 1 entrada anal\u00f3gica<br \/>\n\u2013 N\u00edvel de sinal pinos de I\/O: 3.3V<br \/>\n\u2013 Conector micro usb para alimenta\u00e7\u00e3o e programa\u00e7\u00e3o<br \/>\n\u2013 Aceita alimenta\u00e7\u00e3o externa entre 9 e 24V<br \/>\n\u2013 Compat\u00edvel com<br \/>\n\u2013 Compat\u00edvel com NodeMCU<br \/>\n\u2013 Dimens\u00f5es: 70 x 53,5 x 12,5 mm<\/p>\n<p>ACOMPANHA<br \/>\n01 \u2013 Placa WeMos D1 R2 Wifi ESP8266<\/p>\n","protected":false},"excerpt":{"rendered":"<p class=\"item-title__primary \">Esp-12e Esp8266 Esp 12 Wemos D1 Wifi Wi-fi<\/p>\n","protected":false},"featured_media":15504,"template":"","meta":[],"product_brand":[],"product_cat":[49,175,179,180],"product_tag":[276,331,278],"class_list":{"0":"post-15500","1":"product","2":"type-product","3":"status-publish","4":"has-post-thumbnail","6":"product_cat-microprocessadores","7":"product_cat-placas","8":"product_cat-shields","9":"product_cat-wifi","10":"product_tag-esp8266","11":"product_tag-placa","12":"product_tag-wifi","14":"entry","15":"has-media","17":"first","18":"outofstock","19":"shipping-taxable","20":"purchasable","21":"product-type-simple","22":"has-product-nav","23":"col","24":"span_1_of_3","25":"owp-content-center","26":"owp-thumbs-layout-horizontal","27":"owp-btn-normal","28":"owp-tabs-layout-horizontal"},"_links":{"self":[{"href":"https:\/\/arduxop.com.br\/loja\/wp-json\/wp\/v2\/product\/15500","targetHints":{"allow":["GET"]}}],"collection":[{"href":"https:\/\/arduxop.com.br\/loja\/wp-json\/wp\/v2\/product"}],"about":[{"href":"https:\/\/arduxop.com.br\/loja\/wp-json\/wp\/v2\/types\/product"}],"wp:featuredmedia":[{"embeddable":true,"href":"https:\/\/arduxop.com.br\/loja\/wp-json\/wp\/v2\/media\/15504"}],"wp:attachment":[{"href":"https:\/\/arduxop.com.br\/loja\/wp-json\/wp\/v2\/media?parent=15500"}],"wp:term":[{"taxonomy":"product_brand","embeddable":true,"href":"https:\/\/arduxop.com.br\/loja\/wp-json\/wp\/v2\/product_brand?post=15500"},{"taxonomy":"product_cat","embeddable":true,"href":"https:\/\/arduxop.com.br\/loja\/wp-json\/wp\/v2\/product_cat?post=15500"},{"taxonomy":"product_tag","embeddable":true,"href":"https:\/\/arduxop.com.br\/loja\/wp-json\/wp\/v2\/product_tag?post=15500"}],"curies":[{"name":"wp","href":"https:\/\/api.w.org\/{rel}","templated":true}]}}