{"id":15491,"date":"2020-04-23T15:55:41","date_gmt":"2020-04-23T19:55:41","guid":{"rendered":"https:\/\/arduxop.com.br\/loja\/?post_type=product&#038;p=15491"},"modified":"2024-07-25T07:54:55","modified_gmt":"2024-07-25T11:54:55","slug":"capa-protetora-de-silicone","status":"publish","type":"product","link":"https:\/\/arduxop.com.br\/loja\/produto\/capa-protetora-de-silicone\/","title":{"rendered":"Capa Protetora De Silicone"},"content":{"rendered":"<section class=\"main-section item-description \">\n<h2 class=\"main-section__title item-description__title\">Descri\u00e7\u00e3o<\/h2>\n<div id=\"description-includes\" class=\"item-description__content \">\n<div class=\"item-description__text\">\n<p>Bicos limpos e impress\u00f5es de qualidade.<\/p>\n<p>Esta capa de silicone serve para proteger o bloco aquecedor e resistente \u00e0 temperatura e ao mesmo tempo antiaderente ele evita que o calor se expanda do bloco de aquecedor.<br \/>Isso sem contar que ele Permite que voc\u00ea utilize uma ventila\u00e7\u00e3o sem afetar a temperatura final do material.<br \/>Ele tamb\u00e9m promove uma temperatura mais est\u00e1vel, sem oscila\u00e7\u00f5es.<\/p>\n<p>Cor: Azul<\/p>\n<p>Obs: Para Bloco Aquecedor E3D V6<\/p>\n<p>Tamanho do artigo: 20 x 16 x 11mm (aprox.)<\/p>\n<p>Pacote Inclui: 1 PC da Capa (n\u00e3o inclu\u00eddo Bloco Aquecedor)<\/p>\n<\/div>\n<\/div>\n<\/section>\n","protected":false},"excerpt":{"rendered":"<p class=\"item-title__primary \">Capa Protetora De Silicone Para Bloco E3d V6 Impressora 3d<\/p>\n","protected":false},"featured_media":15492,"template":"","meta":[],"product_brand":[],"product_cat":[198,437],"product_tag":[],"class_list":{"0":"post-15491","1":"product","2":"type-product","3":"status-publish","4":"has-post-thumbnail","6":"product_cat-cnc","7":"product_cat-impressao-3d","9":"entry","10":"has-media","12":"first","13":"instock","14":"shipping-taxable","15":"purchasable","16":"product-type-simple","17":"has-product-nav","18":"col","19":"span_1_of_3","20":"owp-content-center","21":"owp-thumbs-layout-horizontal","22":"owp-btn-normal","23":"owp-tabs-layout-horizontal","24":"has-no-thumbnails"},"_links":{"self":[{"href":"https:\/\/arduxop.com.br\/loja\/wp-json\/wp\/v2\/product\/15491","targetHints":{"allow":["GET"]}}],"collection":[{"href":"https:\/\/arduxop.com.br\/loja\/wp-json\/wp\/v2\/product"}],"about":[{"href":"https:\/\/arduxop.com.br\/loja\/wp-json\/wp\/v2\/types\/product"}],"wp:featuredmedia":[{"embeddable":true,"href":"https:\/\/arduxop.com.br\/loja\/wp-json\/wp\/v2\/media\/15492"}],"wp:attachment":[{"href":"https:\/\/arduxop.com.br\/loja\/wp-json\/wp\/v2\/media?parent=15491"}],"wp:term":[{"taxonomy":"product_brand","embeddable":true,"href":"https:\/\/arduxop.com.br\/loja\/wp-json\/wp\/v2\/product_brand?post=15491"},{"taxonomy":"product_cat","embeddable":true,"href":"https:\/\/arduxop.com.br\/loja\/wp-json\/wp\/v2\/product_cat?post=15491"},{"taxonomy":"product_tag","embeddable":true,"href":"https:\/\/arduxop.com.br\/loja\/wp-json\/wp\/v2\/product_tag?post=15491"}],"curies":[{"name":"wp","href":"https:\/\/api.w.org\/{rel}","templated":true}]}}