{"id":15488,"date":"2020-04-23T15:43:44","date_gmt":"2020-04-23T19:43:44","guid":{"rendered":"https:\/\/arduxop.com.br\/loja\/?post_type=product&#038;p=15488"},"modified":"2025-10-15T15:04:01","modified_gmt":"2025-10-15T19:04:01","slug":"modulo-potenciometro-digital-x9c104","status":"publish","type":"product","link":"https:\/\/arduxop.com.br\/loja\/produto\/modulo-potenciometro-digital-x9c104\/","title":{"rendered":"M\u00f3dulo Potenci\u00f4metro Digital X9c104"},"content":{"rendered":"<p>Especifica\u00e7\u00f5es:<br \/>\nTens\u00e3o de funcionamento: 5 V<br \/>\nResist\u00eancia Total: 100 K ohm<br \/>\nTens\u00e3o porta:-5 V ~ 5 V<br \/>\nTorneiras: 100<br \/>\nInterface: CS, U\/D, INC<br \/>\nAumento da resist\u00eancia modo: Linear<br \/>\nCorrente de trabalho: 3mA<br \/>\nPacotes\/temp (\u00b0): 8 SOIC\/-40 ~ 85<\/p>\n","protected":false},"excerpt":{"rendered":"<p>Especifica\u00e7\u00f5es: Tens\u00e3o de funcionamento: 5 V Resist\u00eancia Total: 100 K ohm Tens\u00e3o porta:-5 V ~ 5 V Torneiras: 100 Interface: CS, U\/D, INC Aumento da resist\u00eancia modo: Linear Corrente de trabalho: 3mA Pacotes\/temp (\u00b0): 8 SOIC\/-40 ~ 85<\/p>\n","protected":false},"featured_media":15490,"template":"","meta":[],"product_brand":[],"product_cat":[50],"product_tag":[],"class_list":{"0":"post-15488","1":"product","2":"type-product","3":"status-publish","4":"has-post-thumbnail","6":"product_cat-modulos","8":"entry","9":"has-media","11":"first","12":"instock","13":"shipping-taxable","14":"purchasable","15":"product-type-simple","16":"has-product-nav","17":"col","18":"span_1_of_3","19":"owp-content-center","20":"owp-thumbs-layout-horizontal","21":"owp-btn-normal","22":"owp-tabs-layout-horizontal"},"_links":{"self":[{"href":"https:\/\/arduxop.com.br\/loja\/wp-json\/wp\/v2\/product\/15488","targetHints":{"allow":["GET"]}}],"collection":[{"href":"https:\/\/arduxop.com.br\/loja\/wp-json\/wp\/v2\/product"}],"about":[{"href":"https:\/\/arduxop.com.br\/loja\/wp-json\/wp\/v2\/types\/product"}],"wp:featuredmedia":[{"embeddable":true,"href":"https:\/\/arduxop.com.br\/loja\/wp-json\/wp\/v2\/media\/15490"}],"wp:attachment":[{"href":"https:\/\/arduxop.com.br\/loja\/wp-json\/wp\/v2\/media?parent=15488"}],"wp:term":[{"taxonomy":"product_brand","embeddable":true,"href":"https:\/\/arduxop.com.br\/loja\/wp-json\/wp\/v2\/product_brand?post=15488"},{"taxonomy":"product_cat","embeddable":true,"href":"https:\/\/arduxop.com.br\/loja\/wp-json\/wp\/v2\/product_cat?post=15488"},{"taxonomy":"product_tag","embeddable":true,"href":"https:\/\/arduxop.com.br\/loja\/wp-json\/wp\/v2\/product_tag?post=15488"}],"curies":[{"name":"wp","href":"https:\/\/api.w.org\/{rel}","templated":true}]}}