{"id":15484,"date":"2020-04-23T16:38:06","date_gmt":"2020-04-23T19:38:06","guid":{"rendered":"https:\/\/arduxop.com.br\/loja\/?post_type=product&#038;p=15484"},"modified":"2024-07-25T07:54:54","modified_gmt":"2024-07-25T11:54:54","slug":"modulo-sensor-ir-5-canais-para-robo-seguidor-de-linha","status":"publish","type":"product","link":"https:\/\/arduxop.com.br\/loja\/produto\/modulo-sensor-ir-5-canais-para-robo-seguidor-de-linha\/","title":{"rendered":"M\u00f3dulo Sensor Ir 5 Canais Para Rob\u00f4 Seguidor De Linha"},"content":{"rendered":"<p>ESPECIFICA\u00c7\u00d5ES T\u00c9CNICAS:<br \/>\n\u2013 M\u00f3dulo Sensor IR 5 Canais<br \/>\n\u2013 Alimenta\u00e7\u00e3o: 3 \u00e0 5VDC<br \/>\n\u2013 5 sensores IR na parte inferior<br \/>\n\u2013 Emissor e receptor IR na parte dianteira<br \/>\n\u2013 Switch na parte dianteira<br \/>\n\u2013 Leds indicadores dos sensores<br \/>\n\u2013 Dimens\u00f5es: 128 x 57,5 x 16mm<\/p>\n<p>Pinagem:<br \/>\n\u2013 Vcc: Alimenta\u00e7\u00e3o 3 \u00e0 5V<br \/>\n\u2013 GND: Terra<br \/>\n\u2013 S1: Sensor IR 1 (inferior)<br \/>\n\u2013 S2: Sensor IR 2 (inferior)<br \/>\n\u2013 S3: Sensor IR 3 (inferior)<br \/>\n\u2013 S4: Sensor IR 4 (inferior)<br \/>\n\u2013 S5: Sensor IR 5 (inferior)<br \/>\n\u2013 CLP: Switch dianteiro<br \/>\n\u2013 NEAR: Sensor IR (dianteiro)<\/p>\n","protected":false},"excerpt":{"rendered":"<p>ESPECIFICA\u00c7\u00d5ES T\u00c9CNICAS: \u2013 M\u00f3dulo Sensor IR 5 Canais \u2013 Alimenta\u00e7\u00e3o: 3 \u00e0 5VDC \u2013 5 sensores IR na parte inferior \u2013 Emissor e receptor IR na parte dianteira \u2013 Switch na parte dianteira \u2013 Leds indicadores dos sensores \u2013 Dimens\u00f5es: 128 x 57,5 x 16mm Pinagem: \u2013 Vcc: Alimenta\u00e7\u00e3o 3 \u00e0 5V \u2013 GND: Terra [&hellip;]<\/p>\n","protected":false},"featured_media":15485,"template":"","meta":[],"product_brand":[],"product_cat":[409,178],"product_tag":[],"class_list":{"0":"post-15484","1":"product","2":"type-product","3":"status-publish","4":"has-post-thumbnail","6":"product_cat-robotica","7":"product_cat-sensores","9":"entry","10":"has-media","12":"first","13":"instock","14":"shipping-taxable","15":"purchasable","16":"product-type-simple","17":"has-product-nav","18":"col","19":"span_1_of_3","20":"owp-content-center","21":"owp-thumbs-layout-horizontal","22":"owp-btn-normal","23":"owp-tabs-layout-horizontal"},"_links":{"self":[{"href":"https:\/\/arduxop.com.br\/loja\/wp-json\/wp\/v2\/product\/15484","targetHints":{"allow":["GET"]}}],"collection":[{"href":"https:\/\/arduxop.com.br\/loja\/wp-json\/wp\/v2\/product"}],"about":[{"href":"https:\/\/arduxop.com.br\/loja\/wp-json\/wp\/v2\/types\/product"}],"wp:featuredmedia":[{"embeddable":true,"href":"https:\/\/arduxop.com.br\/loja\/wp-json\/wp\/v2\/media\/15485"}],"wp:attachment":[{"href":"https:\/\/arduxop.com.br\/loja\/wp-json\/wp\/v2\/media?parent=15484"}],"wp:term":[{"taxonomy":"product_brand","embeddable":true,"href":"https:\/\/arduxop.com.br\/loja\/wp-json\/wp\/v2\/product_brand?post=15484"},{"taxonomy":"product_cat","embeddable":true,"href":"https:\/\/arduxop.com.br\/loja\/wp-json\/wp\/v2\/product_cat?post=15484"},{"taxonomy":"product_tag","embeddable":true,"href":"https:\/\/arduxop.com.br\/loja\/wp-json\/wp\/v2\/product_tag?post=15484"}],"curies":[{"name":"wp","href":"https:\/\/api.w.org\/{rel}","templated":true}]}}