{"id":15451,"date":"2020-03-18T17:38:47","date_gmt":"2020-03-18T20:38:47","guid":{"rendered":"https:\/\/arduxop.com.br\/loja\/?post_type=product&#038;p=15451"},"modified":"2024-07-25T07:54:57","modified_gmt":"2024-07-25T11:54:57","slug":"modulo-multiplexador-cd74hc4067","status":"publish","type":"product","link":"https:\/\/arduxop.com.br\/loja\/produto\/modulo-multiplexador-cd74hc4067\/","title":{"rendered":"M\u00f3dulo Multiplexador CD74HC4067"},"content":{"rendered":"<p>Esta \u00e9 uma placa muito \u00fatil de 16 canais multiplexadora\/demultiplexadora, que funciona com os sinais digitais e anal\u00f3gicos.<br \/>\nO Multiplexador equipado com o chip CD74HC4067 CMOS de alta velocidade \u00e9 um expansor de portas I\/O.<br \/>\nPara control\u00e1-lo, conecte 4 sa\u00eddas digitais aos pinos de sele\u00e7\u00e3o de endere\u00e7o do chip (S0-S3) e envie-lhe o endere\u00e7o bin\u00e1rio do canal desejado.<br \/>\nIsso permite que voc\u00ea conecte at\u00e9 16 sensores ao seu sistema usando apenas 5 pinos!<br \/>\nVoc\u00ea pode us\u00e1-lo para canalizar dados em s\u00e9rie de n\u00edvel TTL para ou de v\u00e1rios dispositivos. Por exemplo, voc\u00ea pode us\u00e1-lo para conectar os pinos TX de 16 dispositivos a um pino RX em seu microcontrolador.<\/p>\n<p><strong>Especifica\u00e7\u00f5es:<\/strong><\/p>\n<p><span id=\"product_specification\">&#8211; Ci: CD74HC4067<br \/>\n&#8211; Tens\u00e3o de opera\u00e7\u00e3o: 2V a 6V<br \/>\n&#8211; Resist\u00eancia &#8220;On&#8221;: 70 Ohms @ 4.5V<br \/>\n&#8211; Temperatura de funcionamento: -55C a 125\u00b0C<br \/>\n&#8211; Dimens\u00f5es (CxLxE): 40x18x2,2mm<br \/>\n&#8211; Peso: 2g<\/span><\/p>\n<p>&#8211; M\u00f3dulo Multiplexador CD74HC4067 CMOS<br \/>\n&#8211; Compat\u00edvel com Arduino , Raspberry Pi, Pic e outros<br \/>\n&#8211; Multiplica as conex\u00f5es do microcontrolador<br \/>\n&#8211; Simples programa\u00e7\u00e3o<br \/>\n&#8211; Poder ser utilizado em qualquer dire\u00e7\u00e3o<br \/>\n&#8211; 16 Canais<\/p>\n","protected":false},"excerpt":{"rendered":"<p>M\u00f3dulo Multiplexador CD74HC4067<\/p>\n","protected":false},"featured_media":15455,"template":"","meta":[],"product_brand":[],"product_cat":[191,175],"product_tag":[],"class_list":{"0":"post-15451","1":"product","2":"type-product","3":"status-publish","4":"has-post-thumbnail","6":"product_cat-drivers","7":"product_cat-placas","9":"entry","10":"has-media","12":"first","13":"outofstock","14":"shipping-taxable","15":"purchasable","16":"product-type-simple","17":"has-product-nav","18":"col","19":"span_1_of_3","20":"owp-content-center","21":"owp-thumbs-layout-horizontal","22":"owp-btn-normal","23":"owp-tabs-layout-horizontal"},"_links":{"self":[{"href":"https:\/\/arduxop.com.br\/loja\/wp-json\/wp\/v2\/product\/15451","targetHints":{"allow":["GET"]}}],"collection":[{"href":"https:\/\/arduxop.com.br\/loja\/wp-json\/wp\/v2\/product"}],"about":[{"href":"https:\/\/arduxop.com.br\/loja\/wp-json\/wp\/v2\/types\/product"}],"wp:featuredmedia":[{"embeddable":true,"href":"https:\/\/arduxop.com.br\/loja\/wp-json\/wp\/v2\/media\/15455"}],"wp:attachment":[{"href":"https:\/\/arduxop.com.br\/loja\/wp-json\/wp\/v2\/media?parent=15451"}],"wp:term":[{"taxonomy":"product_brand","embeddable":true,"href":"https:\/\/arduxop.com.br\/loja\/wp-json\/wp\/v2\/product_brand?post=15451"},{"taxonomy":"product_cat","embeddable":true,"href":"https:\/\/arduxop.com.br\/loja\/wp-json\/wp\/v2\/product_cat?post=15451"},{"taxonomy":"product_tag","embeddable":true,"href":"https:\/\/arduxop.com.br\/loja\/wp-json\/wp\/v2\/product_tag?post=15451"}],"curies":[{"name":"wp","href":"https:\/\/api.w.org\/{rel}","templated":true}]}}