{"id":15449,"date":"2020-03-18T17:28:21","date_gmt":"2020-03-18T20:28:21","guid":{"rendered":"https:\/\/arduxop.com.br\/loja\/?post_type=product&#038;p=15449"},"modified":"2024-07-25T07:54:57","modified_gmt":"2024-07-25T11:54:57","slug":"teste-para-porta-usb","status":"publish","type":"product","link":"https:\/\/arduxop.com.br\/loja\/produto\/teste-para-porta-usb\/","title":{"rendered":"Teste para Porta USB"},"content":{"rendered":"<p>Protega seus equipamentos verificando a voltagem e a corrente de portas USB.<br \/>\nQuando est\u00e1 somente plugado em uma porta USB, exibe somente a voltagem e quando temos um equipamento conectado a eles, mostrar\u00e1 tamb\u00e9m a corrente consumida.<\/p>\n<p><strong>Descri\u00e7\u00e3o<\/strong>:<\/p>\n<p>Display LED de 4 d\u00edgitos<br \/>\nTamanho LED: 9 mm<br \/>\nCor do LED do display: Vermelho<br \/>\nFaixa de detec\u00e7\u00e3o: tens\u00e3o: 3.5 ~ 7.0V<br \/>\nAmperagem: 0 ~ 3A<\/p>\n","protected":false},"excerpt":{"rendered":"<p class=\"product-title\">Testador de Voltagem e Amperagem para Porta USB<\/p>\n","protected":false},"featured_media":15450,"template":"","meta":[],"product_brand":[],"product_cat":[196],"product_tag":[],"class_list":{"0":"post-15449","1":"product","2":"type-product","3":"status-publish","4":"has-post-thumbnail","6":"product_cat-medidores","8":"entry","9":"has-media","11":"first","12":"instock","13":"shipping-taxable","14":"purchasable","15":"product-type-simple","16":"has-product-nav","17":"col","18":"span_1_of_3","19":"owp-content-center","20":"owp-thumbs-layout-horizontal","21":"owp-btn-normal","22":"owp-tabs-layout-horizontal","23":"has-no-thumbnails"},"_links":{"self":[{"href":"https:\/\/arduxop.com.br\/loja\/wp-json\/wp\/v2\/product\/15449","targetHints":{"allow":["GET"]}}],"collection":[{"href":"https:\/\/arduxop.com.br\/loja\/wp-json\/wp\/v2\/product"}],"about":[{"href":"https:\/\/arduxop.com.br\/loja\/wp-json\/wp\/v2\/types\/product"}],"wp:featuredmedia":[{"embeddable":true,"href":"https:\/\/arduxop.com.br\/loja\/wp-json\/wp\/v2\/media\/15450"}],"wp:attachment":[{"href":"https:\/\/arduxop.com.br\/loja\/wp-json\/wp\/v2\/media?parent=15449"}],"wp:term":[{"taxonomy":"product_brand","embeddable":true,"href":"https:\/\/arduxop.com.br\/loja\/wp-json\/wp\/v2\/product_brand?post=15449"},{"taxonomy":"product_cat","embeddable":true,"href":"https:\/\/arduxop.com.br\/loja\/wp-json\/wp\/v2\/product_cat?post=15449"},{"taxonomy":"product_tag","embeddable":true,"href":"https:\/\/arduxop.com.br\/loja\/wp-json\/wp\/v2\/product_tag?post=15449"}],"curies":[{"name":"wp","href":"https:\/\/api.w.org\/{rel}","templated":true}]}}