{"id":1526,"date":"2018-01-16T11:26:30","date_gmt":"2018-01-16T14:26:30","guid":{"rendered":"https:\/\/arduxop.com.br\/loja\/produto\/placa-borne-terminal-adaptador-para-arduino-nano\/"},"modified":"2024-07-25T07:57:41","modified_gmt":"2024-07-25T11:57:41","slug":"placa-borne-terminal-adaptador-para-arduino-nano","status":"publish","type":"product","link":"https:\/\/arduxop.com.br\/loja\/produto\/placa-borne-terminal-adaptador-para-arduino-nano\/","title":{"rendered":"Placa Borne Terminal Adaptador Para Arduino Nano"},"content":{"rendered":"<p>Este \u00e9 um adaptador de terminal para o arduino nano Vers\u00e3o 3.0, no entanto, voc\u00ea pode usa-lo para a vers\u00e3o mais antiga basta lembrar que A0-A7 s\u00e3o inversas.<\/p>\n<p>Pode ser utilizado em prot\u00f3tipos ou em uma aplica\u00e7\u00e3o final onde se deseja conectar sensores as entradas ou dispositivos nas sa\u00eddas.<\/p>\n<p>Todos os terminais do Arduino nano est\u00e3o dispostos em forma de terminais em nada influenciando as liga\u00e7\u00f5es normais do dispositivo.<\/p>\n<p>Ainda vem com fura\u00e7\u00f5es em pontos estrat\u00e9gicos na placa permitindo fixa\u00e7\u00e3o em pain\u00e9is ou caixas de montagens.Tamanho: 5.4 x 4.2 x 1cm (aproximadamente)<\/p>\n<p>Acompanha:\u00a01 Adaptador de Terminais para Arduino Nano (N\u00e3o\u00a0 Inclui Aduino Nano, necessita de solda de componentes para montagem da placa)<\/p>\n","protected":false},"excerpt":{"rendered":"<p>Este \u00e9 um adaptador de terminal para o arduino nano Vers\u00e3o 3.0, no entanto, voc\u00ea pode usa-lo para a vers\u00e3o mais antiga basta lembrar que A0-A7 s\u00e3o inversas. Pode ser utilizado em prot\u00f3tipos ou em uma aplica\u00e7\u00e3o final onde se deseja conectar sensores as entradas ou dispositivos nas sa\u00eddas. Todos os terminais do Arduino nano [&hellip;]<\/p>\n","protected":false},"featured_media":1527,"template":"","meta":[],"product_brand":[],"product_cat":[175],"product_tag":[321,322],"class_list":{"0":"post-1526","1":"product","2":"type-product","3":"status-publish","4":"has-post-thumbnail","6":"product_cat-placas","7":"product_tag-adaptador","8":"product_tag-nano","10":"entry","11":"has-media","13":"first","14":"outofstock","15":"purchasable","16":"product-type-simple","17":"has-product-nav","18":"col","19":"span_1_of_3","20":"owp-content-center","21":"owp-thumbs-layout-horizontal","22":"owp-btn-normal","23":"owp-tabs-layout-horizontal"},"_links":{"self":[{"href":"https:\/\/arduxop.com.br\/loja\/wp-json\/wp\/v2\/product\/1526","targetHints":{"allow":["GET"]}}],"collection":[{"href":"https:\/\/arduxop.com.br\/loja\/wp-json\/wp\/v2\/product"}],"about":[{"href":"https:\/\/arduxop.com.br\/loja\/wp-json\/wp\/v2\/types\/product"}],"wp:featuredmedia":[{"embeddable":true,"href":"https:\/\/arduxop.com.br\/loja\/wp-json\/wp\/v2\/media\/1527"}],"wp:attachment":[{"href":"https:\/\/arduxop.com.br\/loja\/wp-json\/wp\/v2\/media?parent=1526"}],"wp:term":[{"taxonomy":"product_brand","embeddable":true,"href":"https:\/\/arduxop.com.br\/loja\/wp-json\/wp\/v2\/product_brand?post=1526"},{"taxonomy":"product_cat","embeddable":true,"href":"https:\/\/arduxop.com.br\/loja\/wp-json\/wp\/v2\/product_cat?post=1526"},{"taxonomy":"product_tag","embeddable":true,"href":"https:\/\/arduxop.com.br\/loja\/wp-json\/wp\/v2\/product_tag?post=1526"}],"curies":[{"name":"wp","href":"https:\/\/api.w.org\/{rel}","templated":true}]}}