{"id":15201,"date":"2020-03-02T17:36:02","date_gmt":"2020-03-02T20:36:02","guid":{"rendered":"https:\/\/arduxop.com.br\/loja\/?post_type=product&#038;p=15201"},"modified":"2024-07-25T07:54:58","modified_gmt":"2024-07-25T11:54:58","slug":"caixa-gaveteiro-organizador","status":"publish","type":"product","link":"https:\/\/arduxop.com.br\/loja\/produto\/caixa-gaveteiro-organizador\/","title":{"rendered":"Caixa Gaveteiro Organizador"},"content":{"rendered":"<p>At\u00e9 na hora de manter tudo organizado em casa, pensamos em voc\u00ea. No quarto, no escrit\u00f3rio e at\u00e9 para facilitar o transporte de objetos, voc\u00ea tem v\u00e1rias linhas de caixas organizadoras, em diversos formatos e tamanhos, al\u00e9m de tampas, al\u00e7as e travas coloridas. Ideal para o armazenamento de pequenos objetos, o organizador multiuso tritec possui sistema de encaixe, permitindo a fixa\u00e7\u00e3o de um gaveteiro ao outro. Para organizar parafusos, itens de costura, medicamentos, itens para pesca, escrit\u00f3rio, maquigens, acess\u00f3rios odontol\u00f3gicos, j\u00f3ias, bijouterias entre outros.<\/p>\n<p>Cor do gaveteiro: preto<br \/>\nCor das gavetas: cinza leitoso<br \/>\nDimens\u00f5es do gaveteiro: 42 x 17 x 29 cm (c x l x a)<br \/>\nQuantidade de gavetas: 21<\/p>\n<p>Modelo: 7020<br \/>\nPeso: 1,8 kgs.<\/p>\n","protected":false},"excerpt":{"rendered":"<p>At\u00e9 na hora de manter tudo organizado em casa, pensamos em voc\u00ea. No quarto, no escrit\u00f3rio e at\u00e9 para facilitar o transporte de objetos, voc\u00ea tem v\u00e1rias linhas de caixas organizadoras, em diversos formatos e tamanhos, al\u00e9m de tampas, al\u00e7as e travas coloridas. Ideal para o armazenamento de pequenos objetos, o organizador multiuso tritec possui [&hellip;]<\/p>\n","protected":false},"featured_media":15202,"template":"","meta":[],"product_brand":[],"product_cat":[181,411],"product_tag":[],"class_list":{"0":"post-15201","1":"product","2":"type-product","3":"status-publish","4":"has-post-thumbnail","6":"product_cat-caixas-e-embalagens","7":"product_cat-sem-categoria","9":"entry","10":"has-media","12":"first","13":"outofstock","14":"shipping-taxable","15":"purchasable","16":"product-type-simple","17":"has-product-nav","18":"col","19":"span_1_of_3","20":"owp-content-center","21":"owp-thumbs-layout-horizontal","22":"owp-btn-normal","23":"owp-tabs-layout-horizontal"},"_links":{"self":[{"href":"https:\/\/arduxop.com.br\/loja\/wp-json\/wp\/v2\/product\/15201","targetHints":{"allow":["GET"]}}],"collection":[{"href":"https:\/\/arduxop.com.br\/loja\/wp-json\/wp\/v2\/product"}],"about":[{"href":"https:\/\/arduxop.com.br\/loja\/wp-json\/wp\/v2\/types\/product"}],"wp:featuredmedia":[{"embeddable":true,"href":"https:\/\/arduxop.com.br\/loja\/wp-json\/wp\/v2\/media\/15202"}],"wp:attachment":[{"href":"https:\/\/arduxop.com.br\/loja\/wp-json\/wp\/v2\/media?parent=15201"}],"wp:term":[{"taxonomy":"product_brand","embeddable":true,"href":"https:\/\/arduxop.com.br\/loja\/wp-json\/wp\/v2\/product_brand?post=15201"},{"taxonomy":"product_cat","embeddable":true,"href":"https:\/\/arduxop.com.br\/loja\/wp-json\/wp\/v2\/product_cat?post=15201"},{"taxonomy":"product_tag","embeddable":true,"href":"https:\/\/arduxop.com.br\/loja\/wp-json\/wp\/v2\/product_tag?post=15201"}],"curies":[{"name":"wp","href":"https:\/\/api.w.org\/{rel}","templated":true}]}}