{"id":1519,"date":"2018-01-16T10:26:30","date_gmt":"2018-01-16T13:26:30","guid":{"rendered":"https:\/\/arduxop.com.br\/loja\/produto\/micro-servo-9g-arduino\/"},"modified":"2024-07-25T07:59:06","modified_gmt":"2024-07-25T11:59:06","slug":"micro-servo-9g","status":"publish","type":"product","link":"https:\/\/arduxop.com.br\/loja\/produto\/micro-servo-9g\/","title":{"rendered":"Micro Servo 9g &#8211; SG90"},"content":{"rendered":"<p>Micro servo 9G SG90 tower pro ideal para aeromodelismo e sistemas eletromec\u00e2nicos em geral.<\/p>\n<p>Dados t\u00e9cnicos:<\/p>\n<p>&#8211; Peso: 9 gramas<br \/>&#8211; Dimens\u00f5es: 22mm x 11.5mm x 27 mm<br \/>&#8211; Velocidade de opera\u00e7\u00e3o (4.8V sem carga): 0.12sec \/ 60 graus<br \/>&#8211; Torque de parada (4.8V): 17.5oz \/ in (1.2 kg \/ cm)<br \/>&#8211; Tens\u00e3o de opera\u00e7\u00e3o: 3.0-7.2V<\/p>\n","protected":false},"excerpt":{"rendered":"<p><\/p>\n","protected":false},"featured_media":1520,"template":"","meta":[],"product_brand":[],"product_cat":[42,192],"product_tag":[],"class_list":{"0":"post-1519","1":"product","2":"type-product","3":"status-publish","4":"has-post-thumbnail","6":"product_cat-aeromodelos","7":"product_cat-servos","9":"entry","10":"has-media","12":"first","13":"instock","14":"purchasable","15":"product-type-simple","16":"has-product-nav","17":"col","18":"span_1_of_3","19":"owp-content-center","20":"owp-thumbs-layout-horizontal","21":"owp-btn-normal","22":"owp-tabs-layout-horizontal"},"_links":{"self":[{"href":"https:\/\/arduxop.com.br\/loja\/wp-json\/wp\/v2\/product\/1519","targetHints":{"allow":["GET"]}}],"collection":[{"href":"https:\/\/arduxop.com.br\/loja\/wp-json\/wp\/v2\/product"}],"about":[{"href":"https:\/\/arduxop.com.br\/loja\/wp-json\/wp\/v2\/types\/product"}],"wp:featuredmedia":[{"embeddable":true,"href":"https:\/\/arduxop.com.br\/loja\/wp-json\/wp\/v2\/media\/1520"}],"wp:attachment":[{"href":"https:\/\/arduxop.com.br\/loja\/wp-json\/wp\/v2\/media?parent=1519"}],"wp:term":[{"taxonomy":"product_brand","embeddable":true,"href":"https:\/\/arduxop.com.br\/loja\/wp-json\/wp\/v2\/product_brand?post=1519"},{"taxonomy":"product_cat","embeddable":true,"href":"https:\/\/arduxop.com.br\/loja\/wp-json\/wp\/v2\/product_cat?post=1519"},{"taxonomy":"product_tag","embeddable":true,"href":"https:\/\/arduxop.com.br\/loja\/wp-json\/wp\/v2\/product_tag?post=1519"}],"curies":[{"name":"wp","href":"https:\/\/api.w.org\/{rel}","templated":true}]}}