{"id":1515,"date":"2018-01-16T11:26:30","date_gmt":"2018-01-16T13:26:30","guid":{"rendered":"https:\/\/arduxop.com.br\/loja\/produto\/sensor-mq-2-gas-metano-butano-glp-fumaca-pra-arduino-pic\/"},"modified":"2024-07-25T07:57:41","modified_gmt":"2024-07-25T11:57:41","slug":"sensor-mq-2-gas-metano-butano-glp-fumaca-pra-arduino-pic","status":"publish","type":"product","link":"https:\/\/arduxop.com.br\/loja\/produto\/sensor-mq-2-gas-metano-butano-glp-fumaca-pra-arduino-pic\/","title":{"rendered":"Sensor de G\u00e1s MQ-2 Inflam\u00e1vel e Fuma\u00e7a"},"content":{"rendered":"<p>O\u00a0<strong><u><a href=\"https:\/\/www.smartkits.com.br\/sensor-de-gas-mq-2-inflamavel-e-fumaca\">m\u00f3dulo sensor para g\u00e1s<\/a><\/u><\/strong>\u00a0possui uma alta sensibilidade para gases inflam\u00e1veis e pode ser utilizado em diversos projetos de seguran\u00e7a ou que necessitem de um sensoriamento gasoso. Ele pode ser utilizado por diversos tipos de placas de desenvolvimento como Arduino e Raspberry Pi. Esse m\u00f3dulo consegue captar de 300ppm a 10.000ppm e possui um potenci\u00f4metro para ajustar sua faixa. Quando sente o g\u00e1s, a sua sa\u00edda digital \u00e9 ativada indicando a presente do g\u00e1s no ambiente. Quando a sa\u00edda anal\u00f3gica \u00e9 lida, tem-se o valor da concentra\u00e7\u00e3o do g\u00e1s.<\/p>\n<p><strong>Especifica\u00e7\u00f5es:<\/strong><br \/>\n&#8211; Tens\u00e3o de Alimenta\u00e7\u00e3o: 5V;<br \/>\n&#8211; Detec\u00e7\u00e3o de gases inflam\u00e1veis: GLP, Metano, Propano, Butano, Hidrog\u00eanio, \u00c1lcool, G\u00e1s natural e outros;<br \/>\n&#8211; Faixa de medi\u00e7\u00e3o: 300 &#8211; 10.000ppm;<br \/>\n&#8211; Possui 1 sa\u00edda digital e 1 anal\u00f3gica;<br \/>\n&#8211; Sensibilidade \u00e9 ajustada por meio do potenci\u00f4metro;<br \/>\n&#8211; Pinagem: VCC (5V), GND (Ground), DO (Sa\u00edda digital) e AO (Sa\u00edda anal\u00f3gica);<br \/>\n&#8211;\u00a0Dimens\u00f5es: 32 x 20 x 15mm.<\/p>\n<p><strong>Acompanha:<\/strong><br \/>\n01 &#8211; Sensor de G\u00e1s MQ-2.<\/p>\n","protected":false},"excerpt":{"rendered":"<p>O\u00a0m\u00f3dulo sensor para g\u00e1s\u00a0possui uma alta sensibilidade para gases inflam\u00e1veis e pode ser utilizado em diversos projetos de seguran\u00e7a ou que necessitem de um sensoriamento gasoso. Ele pode ser utilizado por diversos tipos de placas de desenvolvimento como Arduino e Raspberry Pi. Esse m\u00f3dulo consegue captar de 300ppm a 10.000ppm e possui um potenci\u00f4metro para [&hellip;]<\/p>\n","protected":false},"featured_media":2349,"template":"","meta":[],"product_brand":[],"product_cat":[178],"product_tag":[],"class_list":{"0":"post-1515","1":"product","2":"type-product","3":"status-publish","4":"has-post-thumbnail","6":"product_cat-sensores","8":"entry","9":"has-media","11":"first","12":"instock","13":"purchasable","14":"product-type-simple","15":"has-product-nav","16":"col","17":"span_1_of_3","18":"owp-content-center","19":"owp-thumbs-layout-horizontal","20":"owp-btn-normal","21":"owp-tabs-layout-horizontal"},"_links":{"self":[{"href":"https:\/\/arduxop.com.br\/loja\/wp-json\/wp\/v2\/product\/1515","targetHints":{"allow":["GET"]}}],"collection":[{"href":"https:\/\/arduxop.com.br\/loja\/wp-json\/wp\/v2\/product"}],"about":[{"href":"https:\/\/arduxop.com.br\/loja\/wp-json\/wp\/v2\/types\/product"}],"wp:featuredmedia":[{"embeddable":true,"href":"https:\/\/arduxop.com.br\/loja\/wp-json\/wp\/v2\/media\/2349"}],"wp:attachment":[{"href":"https:\/\/arduxop.com.br\/loja\/wp-json\/wp\/v2\/media?parent=1515"}],"wp:term":[{"taxonomy":"product_brand","embeddable":true,"href":"https:\/\/arduxop.com.br\/loja\/wp-json\/wp\/v2\/product_brand?post=1515"},{"taxonomy":"product_cat","embeddable":true,"href":"https:\/\/arduxop.com.br\/loja\/wp-json\/wp\/v2\/product_cat?post=1515"},{"taxonomy":"product_tag","embeddable":true,"href":"https:\/\/arduxop.com.br\/loja\/wp-json\/wp\/v2\/product_tag?post=1515"}],"curies":[{"name":"wp","href":"https:\/\/api.w.org\/{rel}","templated":true}]}}