{"id":1499,"date":"2018-01-16T11:26:30","date_gmt":"2018-01-16T14:26:30","guid":{"rendered":"https:\/\/arduxop.com.br\/loja\/produto\/protoboard-mb102-830-pontos\/"},"modified":"2024-07-25T07:57:38","modified_gmt":"2024-07-25T11:57:38","slug":"protoboard-mb102-830-pontos","status":"publish","type":"product","link":"https:\/\/arduxop.com.br\/loja\/produto\/protoboard-mb102-830-pontos\/","title":{"rendered":"Protoboard Mb102 &#8211; 830 Pontos"},"content":{"rendered":"<p style=\"text-align: left\" align=\"center\" data-mce-style=\"text-align: left;\"><strong>Protoboard 830 Pontos MB-102<\/strong><\/p>\n<p style=\"text-align: left\" data-mce-style=\"text-align: left;\">\u00a0\u00a0\u00a0\u00a0\u00a0\u00a0\u00a0 A protoboard 830 furos \u00e9 uma excelente ferramente de aux\u00edlio a prototipagem de projetos, sendo indispens\u00e1vel para estudantes da \u00e1rea de eletr\u00f4nica e profissionais. Seu tamanho \u00e9 ideal para as mais diversas aplica\u00e7\u00f5es, possui em cada lateral longitudinal encaixes para acoplar outro protoboard de mesmo modelo e assim expandir para atender melhor suas aplica\u00e7\u00f5es mais complexas.<\/p>\n<p style=\"text-align: left\" data-mce-style=\"text-align: left;\">\u00a0\u00a0\u00a0\u00a0\u00a0\u00a0 Ele pode ser fixado em uma base, atrav\u00e9s de uma folha adesiva localizada na parte traseira da placa.<\/p>\n<p style=\"text-align: left\" align=\"left\" data-mce-style=\"text-align: left;\">\u00a0\u00a0\u00a0\u00a0\u00a0 A placa de montagem consiste num conjunto de bases de metal inserido dentro de um inv\u00f3lucro de pl\u00e1stico dur\u00e1vel. As conex\u00f5es s\u00e3o de bronze banhados a n\u00edquel, com grampos de mola.<\/p>\n<p style=\"text-align: left\" align=\"left\" data-mce-style=\"text-align: left;\"><b>Caracter\u00edsticas<\/b><\/p>\n<p style=\"text-align: left\" align=\"left\" data-mce-style=\"text-align: left;\">\u00a0\u00a0\u00a0&#8211; Quantidade de pontos: 830;<br \/>&#8211; Material base: ABS;<br \/>&#8211; Material conex\u00e3o: Bronze banhado com n\u00edquel;<br \/>&#8211; Diametro do furo: 0,8mm\u00b2;<br \/>&#8211; Possui 2 barramentos laterais interligados;<br \/>&#8211; Dimens\u00f5es: 16,5cm x 5,5cm x 1,0cm.<\/p>\n","protected":false},"excerpt":{"rendered":"<p><br data-mce-bogus=\"1\"><\/p>\n","protected":false},"featured_media":1500,"template":"","meta":[],"product_brand":[],"product_cat":[182,184,48],"product_tag":[],"class_list":{"0":"post-1499","1":"product","2":"type-product","3":"status-publish","4":"has-post-thumbnail","6":"product_cat-conectores","7":"product_cat-fios-e-cabos","8":"product_cat-kits","10":"entry","11":"has-media","13":"first","14":"instock","15":"purchasable","16":"product-type-simple","17":"has-product-nav","18":"col","19":"span_1_of_3","20":"owp-content-center","21":"owp-thumbs-layout-horizontal","22":"owp-btn-normal","23":"owp-tabs-layout-horizontal"},"_links":{"self":[{"href":"https:\/\/arduxop.com.br\/loja\/wp-json\/wp\/v2\/product\/1499","targetHints":{"allow":["GET"]}}],"collection":[{"href":"https:\/\/arduxop.com.br\/loja\/wp-json\/wp\/v2\/product"}],"about":[{"href":"https:\/\/arduxop.com.br\/loja\/wp-json\/wp\/v2\/types\/product"}],"wp:featuredmedia":[{"embeddable":true,"href":"https:\/\/arduxop.com.br\/loja\/wp-json\/wp\/v2\/media\/1500"}],"wp:attachment":[{"href":"https:\/\/arduxop.com.br\/loja\/wp-json\/wp\/v2\/media?parent=1499"}],"wp:term":[{"taxonomy":"product_brand","embeddable":true,"href":"https:\/\/arduxop.com.br\/loja\/wp-json\/wp\/v2\/product_brand?post=1499"},{"taxonomy":"product_cat","embeddable":true,"href":"https:\/\/arduxop.com.br\/loja\/wp-json\/wp\/v2\/product_cat?post=1499"},{"taxonomy":"product_tag","embeddable":true,"href":"https:\/\/arduxop.com.br\/loja\/wp-json\/wp\/v2\/product_tag?post=1499"}],"curies":[{"name":"wp","href":"https:\/\/api.w.org\/{rel}","templated":true}]}}