{"id":14975,"date":"2020-02-22T17:35:04","date_gmt":"2020-02-22T20:35:04","guid":{"rendered":"https:\/\/arduxop.com.br\/loja\/?post_type=product&#038;p=14975"},"modified":"2024-07-25T07:54:59","modified_gmt":"2024-07-25T11:54:59","slug":"tracker-sensor","status":"publish","type":"product","link":"https:\/\/arduxop.com.br\/loja\/produto\/tracker-sensor\/","title":{"rendered":"Tracker Sensor"},"content":{"rendered":"<p>Caracter\u00edsticas b\u00e1sicas:<br \/>\nEste sensor pode detectar diferen\u00e7as sutis entre duas superf\u00edcies pr\u00f3ximas. O seu sinal de sa\u00edda TTL \u00e9 muito est\u00e1vel. Fa\u00e7a incr\u00edveis experi\u00eancias com este sensor, que possui diversas fun\u00e7\u00f5es, desde aplica\u00e7\u00f5es industriais a rob\u00f4s para trabalhos acad\u00eamicos.<\/p>\n","protected":false},"excerpt":{"rendered":"<p>Sensor seguidor de Trilhas<\/p>\n","protected":false},"featured_media":14976,"template":"","meta":[],"product_brand":[],"product_cat":[178],"product_tag":[],"class_list":{"0":"post-14975","1":"product","2":"type-product","3":"status-publish","4":"has-post-thumbnail","6":"product_cat-sensores","8":"entry","9":"has-media","11":"first","12":"instock","13":"shipping-taxable","14":"purchasable","15":"product-type-simple","16":"has-product-nav","17":"col","18":"span_1_of_3","19":"owp-content-center","20":"owp-thumbs-layout-horizontal","21":"owp-btn-normal","22":"owp-tabs-layout-horizontal"},"_links":{"self":[{"href":"https:\/\/arduxop.com.br\/loja\/wp-json\/wp\/v2\/product\/14975","targetHints":{"allow":["GET"]}}],"collection":[{"href":"https:\/\/arduxop.com.br\/loja\/wp-json\/wp\/v2\/product"}],"about":[{"href":"https:\/\/arduxop.com.br\/loja\/wp-json\/wp\/v2\/types\/product"}],"wp:featuredmedia":[{"embeddable":true,"href":"https:\/\/arduxop.com.br\/loja\/wp-json\/wp\/v2\/media\/14976"}],"wp:attachment":[{"href":"https:\/\/arduxop.com.br\/loja\/wp-json\/wp\/v2\/media?parent=14975"}],"wp:term":[{"taxonomy":"product_brand","embeddable":true,"href":"https:\/\/arduxop.com.br\/loja\/wp-json\/wp\/v2\/product_brand?post=14975"},{"taxonomy":"product_cat","embeddable":true,"href":"https:\/\/arduxop.com.br\/loja\/wp-json\/wp\/v2\/product_cat?post=14975"},{"taxonomy":"product_tag","embeddable":true,"href":"https:\/\/arduxop.com.br\/loja\/wp-json\/wp\/v2\/product_tag?post=14975"}],"curies":[{"name":"wp","href":"https:\/\/api.w.org\/{rel}","templated":true}]}}