{"id":14971,"date":"2020-02-22T15:03:36","date_gmt":"2020-02-22T19:03:36","guid":{"rendered":"https:\/\/arduxop.com.br\/loja\/?post_type=product&#038;p=14971"},"modified":"2025-11-28T15:04:43","modified_gmt":"2025-11-28T19:04:43","slug":"modulo-sensor-de-corrente-30a","status":"publish","type":"product","link":"https:\/\/arduxop.com.br\/loja\/produto\/modulo-sensor-de-corrente-30a\/","title":{"rendered":"M\u00f3dulo Sensor de Corrente ACS712 30A"},"content":{"rendered":"<p>O ACS712-ELCTR-30A-T \u00e9 um sensor de corrente DC de \u00f3tima precis\u00e3o que permite fazer leituras de corrente entre 0 \u00e0 30A. O ACS712-ELCTR-30A-T tem um excelente custo benef\u00edcio para estudantes, hobbystas e profissionais iniciantes da \u00e1rea de eletr\u00f4nica.<\/p>\n<p>Principais Caracter\u00edsticas:<\/p>\n<p>&#8211; Faixa de medi\u00e7\u00e3o: 0 \u00e0 30 ADC;<br \/>\n&#8211; Tens\u00e3o de Alimenta\u00e7\u00e3o: 5 VDC;<br \/>\n&#8211; Consumo de corrente: 13 mA (M\u00e1x.);<br \/>\n&#8211; Sinal de sa\u00edda: Tens\u00e3o &#8211; 66mV\/A;<br \/>\n&#8211; Corrente de sa\u00edda: 3 mA (M\u00e1x.);<br \/>\n&#8211; Precis\u00e3o: 1,5% \u00e0 25\u00baC;<br \/>\n&#8211; Temperatura de trabalho: -40 \u00e0 +85\u00baC;<br \/>\n&#8211; Peso: 15g;<\/p>\n","protected":false},"excerpt":{"rendered":"<p>M\u00f3dulo Sensor de Corrente 30A<\/p>\n","protected":false},"featured_media":1319,"template":"","meta":[],"product_brand":[],"product_cat":[196,50,178],"product_tag":[],"class_list":{"0":"post-14971","1":"product","2":"type-product","3":"status-publish","4":"has-post-thumbnail","6":"product_cat-medidores","7":"product_cat-modulos","8":"product_cat-sensores","10":"entry","11":"has-media","13":"first","14":"instock","15":"purchasable","16":"product-type-simple","17":"has-product-nav","18":"col","19":"span_1_of_3","20":"owp-content-center","21":"owp-thumbs-layout-horizontal","22":"owp-btn-normal","23":"owp-tabs-layout-horizontal"},"_links":{"self":[{"href":"https:\/\/arduxop.com.br\/loja\/wp-json\/wp\/v2\/product\/14971","targetHints":{"allow":["GET"]}}],"collection":[{"href":"https:\/\/arduxop.com.br\/loja\/wp-json\/wp\/v2\/product"}],"about":[{"href":"https:\/\/arduxop.com.br\/loja\/wp-json\/wp\/v2\/types\/product"}],"wp:featuredmedia":[{"embeddable":true,"href":"https:\/\/arduxop.com.br\/loja\/wp-json\/wp\/v2\/media\/1319"}],"wp:attachment":[{"href":"https:\/\/arduxop.com.br\/loja\/wp-json\/wp\/v2\/media?parent=14971"}],"wp:term":[{"taxonomy":"product_brand","embeddable":true,"href":"https:\/\/arduxop.com.br\/loja\/wp-json\/wp\/v2\/product_brand?post=14971"},{"taxonomy":"product_cat","embeddable":true,"href":"https:\/\/arduxop.com.br\/loja\/wp-json\/wp\/v2\/product_cat?post=14971"},{"taxonomy":"product_tag","embeddable":true,"href":"https:\/\/arduxop.com.br\/loja\/wp-json\/wp\/v2\/product_tag?post=14971"}],"curies":[{"name":"wp","href":"https:\/\/api.w.org\/{rel}","templated":true}]}}