{"id":1488,"date":"2018-01-16T11:26:30","date_gmt":"2018-01-16T13:26:30","guid":{"rendered":"https:\/\/arduxop.com.br\/loja\/produto\/atmega328p-pu-arduino-uno-com-bootloader-oscilador\/"},"modified":"2024-07-25T07:57:33","modified_gmt":"2024-07-25T11:57:33","slug":"atmega328p-pu-arduino-uno-com-bootloader-oscilador","status":"publish","type":"product","link":"https:\/\/arduxop.com.br\/loja\/produto\/atmega328p-pu-arduino-uno-com-bootloader-oscilador\/","title":{"rendered":"Atmega328p Pu Arduino Uno Com Bootloader + Oscilador"},"content":{"rendered":"<p>O atmega328p pu \u00e9 o cora\u00e7\u00e3o das placas Arduino uno, Duemilanove &#8230; ou seja \u00e9 o microcontrolador utilizado na placa do Arduino. Com este microcontrolador voc\u00ea pode gravar o programa e utilizar o microcontrolador em seu projeto permanente sem ter que sacrificar sua placa Arduino sendo que ir\u00e1 usa-la somente para grava\u00e7\u00e3o. Junto acompanha os capacitores e o cristal oscilador mais um e-book com projetos e teorias sobre o Arduino.<\/p>\n","protected":false},"excerpt":{"rendered":"<p>O atmega328p pu \u00e9 o cora\u00e7\u00e3o das placas Arduino uno, Duemilanove &#8230; ou seja \u00e9 o microcontrolador utilizado na placa do Arduino. Com este microcontrolador voc\u00ea pode gravar o programa e utilizar o microcontrolador em seu projeto permanente sem ter que sacrificar sua placa Arduino sendo que ir\u00e1 usa-la somente para grava\u00e7\u00e3o. Junto acompanha os [&hellip;]<\/p>\n","protected":false},"featured_media":1489,"template":"","meta":[],"product_brand":[],"product_cat":[49],"product_tag":[],"class_list":{"0":"post-1488","1":"product","2":"type-product","3":"status-publish","4":"has-post-thumbnail","6":"product_cat-microprocessadores","8":"entry","9":"has-media","11":"first","12":"instock","13":"purchasable","14":"product-type-simple","15":"has-product-nav","16":"col","17":"span_1_of_3","18":"owp-content-center","19":"owp-thumbs-layout-horizontal","20":"owp-btn-normal","21":"owp-tabs-layout-horizontal"},"_links":{"self":[{"href":"https:\/\/arduxop.com.br\/loja\/wp-json\/wp\/v2\/product\/1488","targetHints":{"allow":["GET"]}}],"collection":[{"href":"https:\/\/arduxop.com.br\/loja\/wp-json\/wp\/v2\/product"}],"about":[{"href":"https:\/\/arduxop.com.br\/loja\/wp-json\/wp\/v2\/types\/product"}],"wp:featuredmedia":[{"embeddable":true,"href":"https:\/\/arduxop.com.br\/loja\/wp-json\/wp\/v2\/media\/1489"}],"wp:attachment":[{"href":"https:\/\/arduxop.com.br\/loja\/wp-json\/wp\/v2\/media?parent=1488"}],"wp:term":[{"taxonomy":"product_brand","embeddable":true,"href":"https:\/\/arduxop.com.br\/loja\/wp-json\/wp\/v2\/product_brand?post=1488"},{"taxonomy":"product_cat","embeddable":true,"href":"https:\/\/arduxop.com.br\/loja\/wp-json\/wp\/v2\/product_cat?post=1488"},{"taxonomy":"product_tag","embeddable":true,"href":"https:\/\/arduxop.com.br\/loja\/wp-json\/wp\/v2\/product_tag?post=1488"}],"curies":[{"name":"wp","href":"https:\/\/api.w.org\/{rel}","templated":true}]}}