{"id":1485,"date":"2018-01-16T11:26:30","date_gmt":"2018-01-16T13:26:30","guid":{"rendered":"https:\/\/arduxop.com.br\/loja\/produto\/mini-protoboard-170-pontos\/"},"modified":"2024-07-25T07:57:33","modified_gmt":"2024-07-25T11:57:33","slug":"mini-protoboard-170-pontos","status":"publish","type":"product","link":"https:\/\/arduxop.com.br\/loja\/produto\/mini-protoboard-170-pontos\/","title":{"rendered":"Mini Protoboard 170 Pontos"},"content":{"rendered":"<p>Ideal para uso experimental, tempor\u00e1rios, e testes. Pode ser utilizado junto com o Arduino, na elabora\u00e7\u00e3o de projetos e grava\u00e7\u00e3o de bootloader.Possui fita dupla face, pode ser fixado em algumas superficies.Caracter\u00edsticas:Adesivo autocolante na parte inferior do protoboardMaterial pl\u00e1stico ABSDimens\u00f5es 45mm x 34mm x 8,5mmCores diversificadasJumper de correspond\u00eancia: 0.8 di\u00e2metro mmTotalmente reutiliz\u00e1velAten\u00e7\u00e3o:\u00a0Se desejar uma cor em especifica, fique a vontade em escolher, caso tenhamos em estoque enviaremos como solicitado, caso n\u00e3o, enviaremos outra cor no local.<\/p>\n","protected":false},"excerpt":{"rendered":"<p>Ideal para uso experimental, tempor\u00e1rios, e testes. Pode ser utilizado junto com o Arduino, na elabora\u00e7\u00e3o de projetos e grava\u00e7\u00e3o de bootloader.Possui fita dupla face, pode ser fixado em algumas superficies.Caracter\u00edsticas:Adesivo autocolante na parte inferior do protoboardMaterial pl\u00e1stico ABSDimens\u00f5es 45mm x 34mm x 8,5mmCores diversificadasJumper de correspond\u00eancia: 0.8 di\u00e2metro mmTotalmente reutiliz\u00e1velAten\u00e7\u00e3o:\u00a0Se desejar uma cor em [&hellip;]<\/p>\n","protected":false},"featured_media":1486,"template":"","meta":[],"product_brand":[],"product_cat":[182,184,48],"product_tag":[],"class_list":{"0":"post-1485","1":"product","2":"type-product","3":"status-publish","4":"has-post-thumbnail","6":"product_cat-conectores","7":"product_cat-fios-e-cabos","8":"product_cat-kits","10":"entry","11":"has-media","13":"first","14":"outofstock","15":"purchasable","16":"product-type-simple","17":"has-product-nav","18":"col","19":"span_1_of_3","20":"owp-content-center","21":"owp-thumbs-layout-horizontal","22":"owp-btn-normal","23":"owp-tabs-layout-horizontal"},"_links":{"self":[{"href":"https:\/\/arduxop.com.br\/loja\/wp-json\/wp\/v2\/product\/1485","targetHints":{"allow":["GET"]}}],"collection":[{"href":"https:\/\/arduxop.com.br\/loja\/wp-json\/wp\/v2\/product"}],"about":[{"href":"https:\/\/arduxop.com.br\/loja\/wp-json\/wp\/v2\/types\/product"}],"wp:featuredmedia":[{"embeddable":true,"href":"https:\/\/arduxop.com.br\/loja\/wp-json\/wp\/v2\/media\/1486"}],"wp:attachment":[{"href":"https:\/\/arduxop.com.br\/loja\/wp-json\/wp\/v2\/media?parent=1485"}],"wp:term":[{"taxonomy":"product_brand","embeddable":true,"href":"https:\/\/arduxop.com.br\/loja\/wp-json\/wp\/v2\/product_brand?post=1485"},{"taxonomy":"product_cat","embeddable":true,"href":"https:\/\/arduxop.com.br\/loja\/wp-json\/wp\/v2\/product_cat?post=1485"},{"taxonomy":"product_tag","embeddable":true,"href":"https:\/\/arduxop.com.br\/loja\/wp-json\/wp\/v2\/product_tag?post=1485"}],"curies":[{"name":"wp","href":"https:\/\/api.w.org\/{rel}","templated":true}]}}