{"id":1480,"date":"2018-01-16T11:26:30","date_gmt":"2018-01-16T14:26:30","guid":{"rendered":"https:\/\/arduxop.com.br\/loja\/produto\/modulo-bluetooth-rs232-hc-05\/"},"modified":"2026-03-12T14:13:56","modified_gmt":"2026-03-12T18:13:56","slug":"modulo-bluetooth-rs232-hc-05","status":"publish","type":"product","link":"https:\/\/arduxop.com.br\/loja\/produto\/modulo-bluetooth-rs232-hc-05\/","title":{"rendered":"M\u00f3dulo Bluetooth HC-05"},"content":{"rendered":"<p>M\u00f3dulo para comunica\u00e7\u00e3o serial via bluetooth para seus projetos.<\/p>\n<p>O m\u00f3dulo bluetooth HC-05 permite enviar e receber os dados TTL atrav\u00e9s da tecnologia Bluetooth,<\/p>\n<p>ou seja, este m\u00f3dulo pode funcionar como mestre ou escravo,<\/p>\n<p>no Modo Master ele pode se conectar com outros m\u00f3dulos bluetooth.<\/p>\n<p>Especifica\u00e7\u00f5es:- Protocolo Bluetooth: v2.0+EDR-<\/p>\n<p>Modo de opera\u00e7\u00e3o Master ou Slave-<\/p>\n<p>Frequ\u00eancia: 2.4GHz ISM band<\/p>\n","protected":false},"excerpt":{"rendered":"<p>M\u00f3dulo para comunica\u00e7\u00e3o serial via bluetooth para seus projetos. O m\u00f3dulo bluetooth HC-05 permite enviar e receber os dados TTL atrav\u00e9s da tecnologia Bluetooth, ou seja, este m\u00f3dulo pode funcionar como mestre ou escravo, no Modo Master ele pode se conectar com outros m\u00f3dulos bluetooth. Especifica\u00e7\u00f5es:- Protocolo Bluetooth: v2.0+EDR- Modo de opera\u00e7\u00e3o Master ou Slave- [&hellip;]<\/p>\n","protected":false},"featured_media":18136,"template":"","meta":[],"product_brand":[],"product_cat":[193],"product_tag":[],"class_list":{"0":"post-1480","1":"product","2":"type-product","3":"status-publish","4":"has-post-thumbnail","6":"product_cat-bluetooth","8":"entry","9":"has-media","11":"first","12":"instock","13":"purchasable","14":"product-type-simple","15":"has-product-nav","16":"col","17":"span_1_of_3","18":"owp-content-center","19":"owp-thumbs-layout-horizontal","20":"owp-btn-normal","21":"owp-tabs-layout-horizontal"},"_links":{"self":[{"href":"https:\/\/arduxop.com.br\/loja\/wp-json\/wp\/v2\/product\/1480","targetHints":{"allow":["GET"]}}],"collection":[{"href":"https:\/\/arduxop.com.br\/loja\/wp-json\/wp\/v2\/product"}],"about":[{"href":"https:\/\/arduxop.com.br\/loja\/wp-json\/wp\/v2\/types\/product"}],"wp:featuredmedia":[{"embeddable":true,"href":"https:\/\/arduxop.com.br\/loja\/wp-json\/wp\/v2\/media\/18136"}],"wp:attachment":[{"href":"https:\/\/arduxop.com.br\/loja\/wp-json\/wp\/v2\/media?parent=1480"}],"wp:term":[{"taxonomy":"product_brand","embeddable":true,"href":"https:\/\/arduxop.com.br\/loja\/wp-json\/wp\/v2\/product_brand?post=1480"},{"taxonomy":"product_cat","embeddable":true,"href":"https:\/\/arduxop.com.br\/loja\/wp-json\/wp\/v2\/product_cat?post=1480"},{"taxonomy":"product_tag","embeddable":true,"href":"https:\/\/arduxop.com.br\/loja\/wp-json\/wp\/v2\/product_tag?post=1480"}],"curies":[{"name":"wp","href":"https:\/\/api.w.org\/{rel}","templated":true}]}}