{"id":1478,"date":"2018-01-16T11:26:30","date_gmt":"2018-01-16T13:26:30","guid":{"rendered":"https:\/\/arduxop.com.br\/loja\/produto\/modulo-serial-i2c-para-display-lcd-16x2\/"},"modified":"2024-07-25T07:57:35","modified_gmt":"2024-07-25T11:57:35","slug":"modulo-serial-i2c-para-display-lcd-16x2","status":"publish","type":"product","link":"https:\/\/arduxop.com.br\/loja\/produto\/modulo-serial-i2c-para-display-lcd-16x2\/","title":{"rendered":"M\u00f3dulo Serial I2C para Display LCD"},"content":{"rendered":"<p>A placa Arduino Uno tem uma quantidade limitada de pinos, e fica ainda mais reduzido quando seu projeto utiliza-se de um modulo LCD juntamente com outros sensores ou cart\u00e3o SD.<\/p>\n<p>Com este m\u00f3dulo de interface LCD I2C, voce liga o seu Arduino a um LCD 16&#215;2 via I2C com apenas 2 fios de comunica\u00e7\u00e3o mais 2 fios de alimenta\u00e7\u00e3o.<\/p>\n","protected":false},"excerpt":{"rendered":"<p class=\"item-title__primary \">M\u00f3dulo Serial I2c Para Display Lcd<\/p>\n","protected":false},"featured_media":1479,"template":"","meta":[],"product_brand":[],"product_cat":[183,233,50],"product_tag":[404],"class_list":{"0":"post-1478","1":"product","2":"type-product","3":"status-publish","4":"has-post-thumbnail","6":"product_cat-displays","7":"product_cat-lcd","8":"product_cat-modulos","9":"product_tag-i2c","11":"entry","12":"has-media","14":"first","15":"instock","16":"purchasable","17":"product-type-simple","18":"has-product-nav","19":"col","20":"span_1_of_3","21":"owp-content-center","22":"owp-thumbs-layout-horizontal","23":"owp-btn-normal","24":"owp-tabs-layout-horizontal"},"_links":{"self":[{"href":"https:\/\/arduxop.com.br\/loja\/wp-json\/wp\/v2\/product\/1478","targetHints":{"allow":["GET"]}}],"collection":[{"href":"https:\/\/arduxop.com.br\/loja\/wp-json\/wp\/v2\/product"}],"about":[{"href":"https:\/\/arduxop.com.br\/loja\/wp-json\/wp\/v2\/types\/product"}],"wp:featuredmedia":[{"embeddable":true,"href":"https:\/\/arduxop.com.br\/loja\/wp-json\/wp\/v2\/media\/1479"}],"wp:attachment":[{"href":"https:\/\/arduxop.com.br\/loja\/wp-json\/wp\/v2\/media?parent=1478"}],"wp:term":[{"taxonomy":"product_brand","embeddable":true,"href":"https:\/\/arduxop.com.br\/loja\/wp-json\/wp\/v2\/product_brand?post=1478"},{"taxonomy":"product_cat","embeddable":true,"href":"https:\/\/arduxop.com.br\/loja\/wp-json\/wp\/v2\/product_cat?post=1478"},{"taxonomy":"product_tag","embeddable":true,"href":"https:\/\/arduxop.com.br\/loja\/wp-json\/wp\/v2\/product_tag?post=1478"}],"curies":[{"name":"wp","href":"https:\/\/api.w.org\/{rel}","templated":true}]}}