{"id":1476,"date":"2018-01-16T11:26:30","date_gmt":"2018-01-16T13:26:30","guid":{"rendered":"https:\/\/arduxop.com.br\/loja\/produto\/ethernet-shield-hanrun-arduino-enc28j60\/"},"modified":"2024-07-25T07:57:36","modified_gmt":"2024-07-25T11:57:36","slug":"ethernet-shield-hanrun-arduino-enc28j60","status":"publish","type":"product","link":"https:\/\/arduxop.com.br\/loja\/produto\/ethernet-shield-hanrun-arduino-enc28j60\/","title":{"rendered":"M\u00f3dulo Ethernet ENC28J60"},"content":{"rendered":"<p>Ethernet Shield ENC28J60 + C\u00f3digo Arduino<\/p>\n<p>Este \u00e9 um driver que utiliza o novo chip da Microchip ENC28J60 &#8211; Controlador de Internet IC que suporta v\u00e1rios protocolos da internet que s\u00e3o requeridos. Este m\u00f3dulo conecta diretamente com a maioria dos microcontroladores com uma interface SPI cuja transfer\u00eancia ultrapassa 20MHz.<\/p>\n<p>Ethernet Shield ENC28J60<\/p>\n<p>Este \u00e9 um driver que utiliza o novo chip da Microchip ENC28J60 &#8211; Controlador de Internet IC que suporta v\u00e1rios protocolos da internet que s\u00e3o requeridos. Este m\u00f3dulo conecta diretamente com a maioria dos microcontroladores com uma interface SPI cuja transfer\u00eancia ultrapassa 20MHz.<\/p>\n<p>Caracter\u00edsticas:<\/p>\n<p>&#8211;\u00a0Interface SPI<\/p>\n<p>&#8211;\u00a0Conector 1&#215;10 pode ser facilmente montado com um MCU<\/p>\n<p>&#8211; Tens\u00e3o de Alimenta\u00e7\u00e3o 3,3v<\/p>\n<p>&#8211; Cristal de 25MHz<\/p>\n<p>&#8211; Tamanho 55mm x 36mm<\/p>\n","protected":false},"excerpt":{"rendered":"<p>Ethernet Shield ENC28J60 + C\u00f3digo Arduino Este \u00e9 um driver que utiliza o novo chip da Microchip ENC28J60 &#8211; Controlador de Internet IC que suporta v\u00e1rios protocolos da internet que s\u00e3o requeridos. Este m\u00f3dulo conecta diretamente com a maioria dos microcontroladores com uma interface SPI cuja transfer\u00eancia ultrapassa 20MHz. Ethernet Shield ENC28J60 Este \u00e9 um [&hellip;]<\/p>\n","protected":false},"featured_media":1477,"template":"","meta":[],"product_brand":[],"product_cat":[210,50],"product_tag":[398,399],"class_list":{"0":"post-1476","1":"product","2":"type-product","3":"status-publish","4":"has-post-thumbnail","6":"product_cat-comunicacoes","7":"product_cat-modulos","8":"product_tag-ethernet","9":"product_tag-internet","11":"entry","12":"has-media","14":"first","15":"instock","16":"purchasable","17":"product-type-simple","18":"has-product-nav","19":"col","20":"span_1_of_3","21":"owp-content-center","22":"owp-thumbs-layout-horizontal","23":"owp-btn-normal","24":"owp-tabs-layout-horizontal","25":"has-no-thumbnails"},"_links":{"self":[{"href":"https:\/\/arduxop.com.br\/loja\/wp-json\/wp\/v2\/product\/1476","targetHints":{"allow":["GET"]}}],"collection":[{"href":"https:\/\/arduxop.com.br\/loja\/wp-json\/wp\/v2\/product"}],"about":[{"href":"https:\/\/arduxop.com.br\/loja\/wp-json\/wp\/v2\/types\/product"}],"wp:featuredmedia":[{"embeddable":true,"href":"https:\/\/arduxop.com.br\/loja\/wp-json\/wp\/v2\/media\/1477"}],"wp:attachment":[{"href":"https:\/\/arduxop.com.br\/loja\/wp-json\/wp\/v2\/media?parent=1476"}],"wp:term":[{"taxonomy":"product_brand","embeddable":true,"href":"https:\/\/arduxop.com.br\/loja\/wp-json\/wp\/v2\/product_brand?post=1476"},{"taxonomy":"product_cat","embeddable":true,"href":"https:\/\/arduxop.com.br\/loja\/wp-json\/wp\/v2\/product_cat?post=1476"},{"taxonomy":"product_tag","embeddable":true,"href":"https:\/\/arduxop.com.br\/loja\/wp-json\/wp\/v2\/product_tag?post=1476"}],"curies":[{"name":"wp","href":"https:\/\/api.w.org\/{rel}","templated":true}]}}