{"id":1472,"date":"2018-01-16T11:25:59","date_gmt":"2018-01-16T13:25:59","guid":{"rendered":"https:\/\/arduxop.com.br\/loja\/produto\/motor-shield-l293d\/"},"modified":"2024-07-25T07:57:51","modified_gmt":"2024-07-25T11:57:51","slug":"motor-shield-l293d","status":"publish","type":"product","link":"https:\/\/arduxop.com.br\/loja\/produto\/motor-shield-l293d\/","title":{"rendered":"Motor Shield L293D"},"content":{"rendered":"<div class=\"ff0\"><span class=\"a\">Este \u00e9 o Motor Shield L293D integrando alta tens\u00e3o, alta corrente e controle de 4 canais em <\/span><span class=\"a\">uma s\u00f3 placa! Basicamente isto significa que voc\u00ea pode ligar motores DC e uma fonte de <\/span><span class=\"a\">tens\u00e3o de mais de 36v que este chip se encarrega de fornecer uma corrente m\u00e1xima de <\/span><span class=\"a\">600mA por canal. O chip L293D tamb\u00e9m \u00e9 conhecido como um tipo de Ponte H que \u00e9 <\/span><span class=\"a\">tipicamente um circuito el\u00e9trico que permite uma tens\u00e3o ser aplicada em uma carga em <\/span><span class=\"a\">qualquer dire\u00e7\u00e3o para uma sa\u00edda, como por exemplo um motor. <\/span><\/div>\n<div class=\"ff2\"><span class=\"a\">Especifica\u00e7\u00e3o:<\/span><\/div>\n<div class=\"ff0\"><span class=\"a\">\u00a0<\/span><span class=\"a\">&#8211; 2 conectroes para Servos 5v conectado diretamente a porta dedicada de alta resolu\u00e7\u00e3o do <\/span><span class=\"a\">Arduino. <\/span><span class=\"a\">&#8211; Pode controlar 4 Motores DC, 2 Motores de Passo ou 2 Servos. <\/span><span class=\"a\">&#8211; Pode trabalhar com motores de 4,5 a 25VCC <\/span><span class=\"a\">&#8211; At\u00e9 4 motores DC bi-direcional com sele\u00e7\u00e3o individual de velocidades de 8 bits (cerca de <\/span><span class=\"a\">0,5% de resolu\u00e7\u00e3o). <\/span><span class=\"a\">&#8211; At\u00e9 2 Motores de Passo (Unipolar ou Bipolar) com bobina unica, dupla ou passos <\/span><span class=\"a\">interla\u00e7ados. <\/span><span class=\"a\">&#8211; 4 Pontes H: 0,6A por Ponte (1,2A de pico) com prote\u00e7\u00e3o t\u00e9rmica e diodos de prote\u00e7\u00e3o <\/span><span class=\"a\">contra retro-alimenta\u00e7\u00e3o. <\/span><span class=\"a\">&#8211; Resistores Pull Down mantem motores desativos durante a entrada de alimenta\u00e7\u00e3o. <\/span><span class=\"a\">&#8211; Bot\u00e3o de Reset Arduino dispon\u00edvel no topo da placa. <\/span><span class=\"a\">&#8211; Terminais em bloco de 2 pinos e jumper para conex\u00e3o de alimenta\u00e7\u00e3o externa. <\/span><span class=\"a\">&#8211; Compat\u00edvel com Arduino Uno, Mega, Duemilanove e Diecimila. <\/span><span class=\"a\">Confira as conex\u00f5es nas imagens do an\u00fancio. Ap\u00f3s a compra podemos enviar via e-mail o <\/span><span class=\"a\">link do nosso blog com um post detalhado sobre seu funcionamento, c\u00f3digo exemplo, como <\/span><span class=\"a\">conectar e a biblioteca do Motor Shield L293D. <\/span><\/div>\n<div class=\"ff2\"><span class=\"a\">Acompanha:<\/span><\/div>\n<div class=\"ff0\"><span class=\"a\">\u00a0<\/span><span class=\"a\">01 &#8211; Arduino Motor Shield L293D<\/span><\/div>\n","protected":false},"excerpt":{"rendered":"<p class=\"item-title__primary \">Shield Arduino Ponte H Driver Motor L293d<\/p>\n","protected":false},"featured_media":1473,"template":"","meta":[],"product_brand":[],"product_cat":[191,51,179],"product_tag":[],"class_list":{"0":"post-1472","1":"product","2":"type-product","3":"status-publish","4":"has-post-thumbnail","6":"product_cat-drivers","7":"product_cat-motores","8":"product_cat-shields","10":"entry","11":"has-media","13":"first","14":"instock","15":"purchasable","16":"product-type-simple","17":"has-product-nav","18":"col","19":"span_1_of_3","20":"owp-content-center","21":"owp-thumbs-layout-horizontal","22":"owp-btn-normal","23":"owp-tabs-layout-horizontal","24":"has-no-thumbnails"},"_links":{"self":[{"href":"https:\/\/arduxop.com.br\/loja\/wp-json\/wp\/v2\/product\/1472","targetHints":{"allow":["GET"]}}],"collection":[{"href":"https:\/\/arduxop.com.br\/loja\/wp-json\/wp\/v2\/product"}],"about":[{"href":"https:\/\/arduxop.com.br\/loja\/wp-json\/wp\/v2\/types\/product"}],"wp:featuredmedia":[{"embeddable":true,"href":"https:\/\/arduxop.com.br\/loja\/wp-json\/wp\/v2\/media\/1473"}],"wp:attachment":[{"href":"https:\/\/arduxop.com.br\/loja\/wp-json\/wp\/v2\/media?parent=1472"}],"wp:term":[{"taxonomy":"product_brand","embeddable":true,"href":"https:\/\/arduxop.com.br\/loja\/wp-json\/wp\/v2\/product_brand?post=1472"},{"taxonomy":"product_cat","embeddable":true,"href":"https:\/\/arduxop.com.br\/loja\/wp-json\/wp\/v2\/product_cat?post=1472"},{"taxonomy":"product_tag","embeddable":true,"href":"https:\/\/arduxop.com.br\/loja\/wp-json\/wp\/v2\/product_tag?post=1472"}],"curies":[{"name":"wp","href":"https:\/\/api.w.org\/{rel}","templated":true}]}}