{"id":14697,"date":"2020-02-12T12:53:27","date_gmt":"2020-02-12T14:53:27","guid":{"rendered":"https:\/\/arduxop.com.br\/loja\/?post_type=product&#038;p=14697"},"modified":"2024-07-25T07:55:01","modified_gmt":"2024-07-25T11:55:01","slug":"nodemcu-esp8266-esp12f-wemos-oled-integrado","status":"publish","type":"product","link":"https:\/\/arduxop.com.br\/loja\/produto\/nodemcu-esp8266-esp12f-wemos-oled-integrado\/","title":{"rendered":"Nodemcu Esp8266 Esp12f Wemos Oled Integrado"},"content":{"rendered":"<p>Caracter\u00edsticas:<br \/>\nProcessador: dual core, Tensilica Xtensa LX6<br \/>\nVelocidade: 240Mhz, 600DMIPS<br \/>\nMemoria: 520 KiB SRAM<br \/>\nFlash: 4Mb<br \/>\nDispay .96&#8243; OLED<br \/>\nTens\u00e3o bateria: 3.7V (bateria n\u00e3o inclusa)<br \/>\nDocumenta\u00e7\u00e3o:<br \/>\nESP32 WROOM Series: <a href=\"https:\/\/www.espressif.com\/en\/esp-wroom-32\/resources\">https:\/\/www.espressif.com\/en\/esp-wroom-32\/resources<\/a><\/p>\n","protected":false},"excerpt":{"rendered":"<p>Caracter\u00edsticas: Processador: dual core, Tensilica Xtensa LX6 Velocidade: 240Mhz, 600DMIPS Memoria: 520 KiB SRAM Flash: 4Mb Dispay .96&#8243; OLED Tens\u00e3o bateria: 3.7V (bateria n\u00e3o inclusa) Documenta\u00e7\u00e3o: ESP32 WROOM Series: https:\/\/www.espressif.com\/en\/esp-wroom-32\/resources<\/p>\n","protected":false},"featured_media":14698,"template":"","meta":[],"product_brand":[],"product_cat":[49,180],"product_tag":[],"class_list":{"0":"post-14697","1":"product","2":"type-product","3":"status-publish","4":"has-post-thumbnail","6":"product_cat-microprocessadores","7":"product_cat-wifi","9":"entry","10":"has-media","12":"first","13":"instock","14":"shipping-taxable","15":"purchasable","16":"product-type-simple","17":"has-product-nav","18":"col","19":"span_1_of_3","20":"owp-content-center","21":"owp-thumbs-layout-horizontal","22":"owp-btn-normal","23":"owp-tabs-layout-horizontal"},"_links":{"self":[{"href":"https:\/\/arduxop.com.br\/loja\/wp-json\/wp\/v2\/product\/14697","targetHints":{"allow":["GET"]}}],"collection":[{"href":"https:\/\/arduxop.com.br\/loja\/wp-json\/wp\/v2\/product"}],"about":[{"href":"https:\/\/arduxop.com.br\/loja\/wp-json\/wp\/v2\/types\/product"}],"wp:featuredmedia":[{"embeddable":true,"href":"https:\/\/arduxop.com.br\/loja\/wp-json\/wp\/v2\/media\/14698"}],"wp:attachment":[{"href":"https:\/\/arduxop.com.br\/loja\/wp-json\/wp\/v2\/media?parent=14697"}],"wp:term":[{"taxonomy":"product_brand","embeddable":true,"href":"https:\/\/arduxop.com.br\/loja\/wp-json\/wp\/v2\/product_brand?post=14697"},{"taxonomy":"product_cat","embeddable":true,"href":"https:\/\/arduxop.com.br\/loja\/wp-json\/wp\/v2\/product_cat?post=14697"},{"taxonomy":"product_tag","embeddable":true,"href":"https:\/\/arduxop.com.br\/loja\/wp-json\/wp\/v2\/product_tag?post=14697"}],"curies":[{"name":"wp","href":"https:\/\/api.w.org\/{rel}","templated":true}]}}