{"id":1469,"date":"2018-01-16T11:25:59","date_gmt":"2018-01-16T13:25:59","guid":{"rendered":"https:\/\/arduxop.com.br\/loja\/produto\/kit-standalone-arduino\/"},"modified":"2024-07-25T07:57:52","modified_gmt":"2024-07-25T11:57:52","slug":"kit-standalone-arduino","status":"publish","type":"product","link":"https:\/\/arduxop.com.br\/loja\/produto\/kit-standalone-arduino\/","title":{"rendered":"Kit Standalone Arduino"},"content":{"rendered":"<p>Al\u00e9m de todos os 16 componentes b\u00e1sicos para voc\u00ea montar seu projeto Standalone, este kit cont\u00e9m uma placa Open Hardware totalmente projetada para esta finalidade, apresentando um layout bem organizado de f\u00e1cil montagem, de apenas uma face, a mesma possui impress\u00e3o serigr\u00e1fica de todos os componentes, suas polaridades e fura\u00e7\u00f5es para fixa\u00e7\u00e3o.Apesar deste kit n\u00e3o ser um Arduino\u00a9 ele cont\u00e9m todos os componentes necess\u00e1rios para desevolver seu projeto realizado no mesmo. O Kit Standalone pode ser utilizado como base em diversos projetos, basta programar o microcontrolador, e utilizar suas portas de entradas e sa\u00eddas normalmente.Veja mais detalhes de grava\u00e7\u00e3o, montagem e utiliza\u00e7\u00e3o do funcionamento deste kit na p\u00e1gina of\u00edcial da\u00a0Placa Standalone.O Microcontrolador Atmega328p-PU ser\u00e1 enviado com Bootloader do Arduino Uno, caso queira Virgem ou com Bootloader do Arduino Duemilanove nos informe.Este kit possui os seguintes componentes:1 Placa Standalone Open Hardware1 Microcontrolador Atmega328p-PU 1 Plug Jack tipo P4 DC femea 2,5mm 1 Diodo 1N40011 Chave t\u00e1ctil2 Capacitores eletrol\u00edtico 10uf 25v2 Capacitores cer\u00e2micos 22pf1 Capacitor cer\u00e2micos 0.1uf1 Regulador de tens\u00e3o 7805 5v1 soquete de circuito integrado 28 pinos1 Resistor 470 ohms1 Resistor 10 k1 Oscilador de cristal de 16Mhz1 Led 5mm<\/p>\n","protected":false},"excerpt":{"rendered":"<p>Al\u00e9m de todos os 16 componentes b\u00e1sicos para voc\u00ea montar seu projeto Standalone, este kit cont\u00e9m uma placa Open Hardware totalmente projetada para esta finalidade, apresentando um layout bem organizado de f\u00e1cil montagem, de apenas uma face, a mesma possui impress\u00e3o serigr\u00e1fica de todos os componentes, suas polaridades e fura\u00e7\u00f5es para fixa\u00e7\u00e3o.Apesar deste kit n\u00e3o [&hellip;]<\/p>\n","protected":false},"featured_media":1470,"template":"","meta":[],"product_brand":[],"product_cat":[48,49],"product_tag":[],"class_list":{"0":"post-1469","1":"product","2":"type-product","3":"status-publish","4":"has-post-thumbnail","6":"product_cat-kits","7":"product_cat-microprocessadores","9":"entry","10":"has-media","12":"first","13":"instock","14":"purchasable","15":"product-type-simple","16":"has-product-nav","17":"col","18":"span_1_of_3","19":"owp-content-center","20":"owp-thumbs-layout-horizontal","21":"owp-btn-normal","22":"owp-tabs-layout-horizontal"},"_links":{"self":[{"href":"https:\/\/arduxop.com.br\/loja\/wp-json\/wp\/v2\/product\/1469","targetHints":{"allow":["GET"]}}],"collection":[{"href":"https:\/\/arduxop.com.br\/loja\/wp-json\/wp\/v2\/product"}],"about":[{"href":"https:\/\/arduxop.com.br\/loja\/wp-json\/wp\/v2\/types\/product"}],"wp:featuredmedia":[{"embeddable":true,"href":"https:\/\/arduxop.com.br\/loja\/wp-json\/wp\/v2\/media\/1470"}],"wp:attachment":[{"href":"https:\/\/arduxop.com.br\/loja\/wp-json\/wp\/v2\/media?parent=1469"}],"wp:term":[{"taxonomy":"product_brand","embeddable":true,"href":"https:\/\/arduxop.com.br\/loja\/wp-json\/wp\/v2\/product_brand?post=1469"},{"taxonomy":"product_cat","embeddable":true,"href":"https:\/\/arduxop.com.br\/loja\/wp-json\/wp\/v2\/product_cat?post=1469"},{"taxonomy":"product_tag","embeddable":true,"href":"https:\/\/arduxop.com.br\/loja\/wp-json\/wp\/v2\/product_tag?post=1469"}],"curies":[{"name":"wp","href":"https:\/\/api.w.org\/{rel}","templated":true}]}}