{"id":1446,"date":"2018-01-16T11:25:59","date_gmt":"2018-01-16T13:25:59","guid":{"rendered":"https:\/\/arduxop.com.br\/loja\/produto\/esp12-modulo-wi-fi-esp8266-arduino-iot\/"},"modified":"2024-07-25T07:57:55","modified_gmt":"2024-07-25T11:57:55","slug":"esp12-modulo-wi-fi-esp8266-arduino-iot","status":"publish","type":"product","link":"https:\/\/arduxop.com.br\/loja\/produto\/esp12-modulo-wi-fi-esp8266-arduino-iot\/","title":{"rendered":"Esp12 Modulo Wi-fi Esp8266 &#8211; Arduino &#8211; Iot"},"content":{"rendered":"<p>O M\u00f3dulo ESP8266 ESP-12 WiFi \u00e9 um componente eletr\u00f4nico altamente tecnol\u00f3gico desenvolvido especialmente para conectar projetos rob\u00f3ticos ou de automa\u00e7\u00e3o residencial \u00e0 Rede Mundial de Computadores (Internet), com maior facilidade e baixo custo.<br \/>\nO M\u00f3dulo WiFi ESP-12 \u00e9 composto pelo imponente chip ESP8266, suportando as redes mais utilizadas atualmente (802.11 b\/g\/n), preparado para comunica\u00e7\u00e3o sem fio de baixa pot\u00eancia, operando com a rede Wi-Fi em frequ\u00eancia de 2.4GHz, possuindo suporte a WPA e WPA2.<br \/>\nNa pr\u00e1tica, o M\u00f3dulo WiFi ESP8266 ESP-12 \u00e9 utilizado para conectar seus projetos a redes de dados sem fio, onde \u00e9 poss\u00edvel trocar informa\u00e7\u00f5es entre os microcontroladores, sensores ou envi\u00e1-las a um smartphone, impedindo a cria\u00e7\u00e3o de emaranhados de fios em sua resid\u00eancia, no caso de projetos de automa\u00e7\u00e3o residencial.<br \/>\nGaranta maior praticidade no desenvolvimento dos seus projetos eletr\u00f4nicos, adquira o M\u00f3dulo WiFi ESP8266 ESP-12 e ganhe tempo na montagem dos seus prot\u00f3tipos, al\u00e9m de conferir melhor visibilidade, evitando fios e quebras de paredes.<\/p>\n<p>Caracteristicas:<br \/>\n&#8211; Modelo: ESP-12S -Vers\u00e3o atualizada do modulo ESP-12<br \/>\n&#8211; Chip Principal: ESP8266<br \/>\n&#8211; Tens\u00e3o de alimenta\u00e7\u00e3o: 3.3V<br \/>\n&#8211; Pot\u00eancia de sa\u00edda: 19,5dBm no modo 802.11b<br \/>\n&#8211; Alcance: ~90 metros<br \/>\n&#8211; Taxa de dados: 110 &#8211; 460800bps<br \/>\n&#8211; Suporte \u00e0 redes: 802.11 b\/g\/n<br \/>\n&#8211; Consumo em Standby: &lt;1.0mW<br \/>\n&#8211; Processador: 32-bit CPU de baixa pot\u00eancia<br \/>\n&#8211; Comunica\u00e7\u00e3o: Serial (TX\/RX)<br \/>\n&#8211; Comunica\u00e7\u00e3o: TCP IP<br \/>\n&#8211; Modos de opera\u00e7\u00e3o: STA\/AP\/STA+AP;<br \/>\n&#8211; Seguran\u00e7a: WEP, WPA, TKIP, AES;<br \/>\n&#8211; M\u00f3dulo Wifi para Arduino<br \/>\n&#8211; Conecta o Arduino \u00e0 Internet<br \/>\n&#8211; R\u00e1pida e f\u00e1cil conex\u00e3o<br \/>\n&#8211; Switch de Radiofrequ\u00eancia<br \/>\n&#8211; Compat\u00edvel com Arduino, Raspberry PI, ARM, AVR, PIC, etc.<br \/>\n&#8211; Processadores de MAC e Baseband integrados;<br \/>\n&#8211; Antena integrada;<br \/>\n&#8211; Protocolo TCP\/IP integrado com suporte a IPv4;<br \/>\n&#8211; Wi-Fi em frequ\u00eancia de 2.4GHz com suporte a WPA e WPA2;<br \/>\n&#8211; Conversor ADC integrada.<br \/>\n&#8211; Temperatura de trabalho: -40 a 125\u00baC;<br \/>\n&#8211; Dimens\u00f5es (CxLxE): 24x16x3mm;<br \/>\n&#8211; Peso: 1g;<\/p>\n","protected":false},"excerpt":{"rendered":"<p>O M\u00f3dulo ESP8266 ESP-12 WiFi \u00e9 um componente eletr\u00f4nico altamente tecnol\u00f3gico desenvolvido especialmente para conectar projetos rob\u00f3ticos ou de automa\u00e7\u00e3o residencial \u00e0 Rede Mundial de Computadores (Internet), com maior facilidade e baixo custo. O M\u00f3dulo WiFi ESP-12 \u00e9 composto pelo imponente chip ESP8266, suportando as redes mais utilizadas atualmente (802.11 b\/g\/n), preparado para comunica\u00e7\u00e3o sem [&hellip;]<\/p>\n","protected":false},"featured_media":2244,"template":"","meta":[],"product_brand":[],"product_cat":[210,49,50,180],"product_tag":[279,276,278],"class_list":{"0":"post-1446","1":"product","2":"type-product","3":"status-publish","4":"has-post-thumbnail","6":"product_cat-comunicacoes","7":"product_cat-microprocessadores","8":"product_cat-modulos","9":"product_cat-wifi","10":"product_tag-802-11","11":"product_tag-esp8266","12":"product_tag-wifi","14":"entry","15":"has-media","17":"first","18":"instock","19":"purchasable","20":"product-type-simple","21":"has-product-nav","22":"col","23":"span_1_of_3","24":"owp-content-center","25":"owp-thumbs-layout-horizontal","26":"owp-btn-normal","27":"owp-tabs-layout-horizontal"},"_links":{"self":[{"href":"https:\/\/arduxop.com.br\/loja\/wp-json\/wp\/v2\/product\/1446","targetHints":{"allow":["GET"]}}],"collection":[{"href":"https:\/\/arduxop.com.br\/loja\/wp-json\/wp\/v2\/product"}],"about":[{"href":"https:\/\/arduxop.com.br\/loja\/wp-json\/wp\/v2\/types\/product"}],"wp:featuredmedia":[{"embeddable":true,"href":"https:\/\/arduxop.com.br\/loja\/wp-json\/wp\/v2\/media\/2244"}],"wp:attachment":[{"href":"https:\/\/arduxop.com.br\/loja\/wp-json\/wp\/v2\/media?parent=1446"}],"wp:term":[{"taxonomy":"product_brand","embeddable":true,"href":"https:\/\/arduxop.com.br\/loja\/wp-json\/wp\/v2\/product_brand?post=1446"},{"taxonomy":"product_cat","embeddable":true,"href":"https:\/\/arduxop.com.br\/loja\/wp-json\/wp\/v2\/product_cat?post=1446"},{"taxonomy":"product_tag","embeddable":true,"href":"https:\/\/arduxop.com.br\/loja\/wp-json\/wp\/v2\/product_tag?post=1446"}],"curies":[{"name":"wp","href":"https:\/\/api.w.org\/{rel}","templated":true}]}}