{"id":1434,"date":"2018-01-16T11:25:59","date_gmt":"2018-01-16T13:25:59","guid":{"rendered":"https:\/\/arduxop.com.br\/loja\/produto\/teclado-matricial-membrana-16-teclas-4x4\/"},"modified":"2024-07-25T07:57:50","modified_gmt":"2024-07-25T11:57:50","slug":"teclado-matricial-membrana-16-teclas-4x4","status":"publish","type":"product","link":"https:\/\/arduxop.com.br\/loja\/produto\/teclado-matricial-membrana-16-teclas-4x4\/","title":{"rendered":"Teclado Matricial Membrana 16 Teclas 4X4"},"content":{"rendered":"<p>Teclado matricial de membrana com 16 teclas e conector de 8 vias, excelente para projetos eletr\u00f4nicos como controle de acesso por exemplo.<\/p>\n<p>Sua parte de tr\u00e1s \u00e9 auto-adesiva e de \u00f3tima durabilidade, garantindo assim uma boa fixa\u00e7\u00e3o se necess\u00e1rio.<\/p>\n<p>Especifica\u00e7\u00f5es:\u00a0\u00a0\u00a0 Teclas: 16\u00a0\u00a0\u00a0 Conector: 8 pinos (2,54mm)\u00a0\u00a0\u00a0 Montagem: Auto-Adesivo\u00a0\u00a0\u00a0 Limites de Opera\u00e7\u00e3o: 35VDC,100mA\u00a0\u00a0\u00a0 Isola\u00e7\u00e3o: 100M\u03a9, 100V\u00a0\u00a0\u00a0 Tempo de contato: 5ms\u00a0\u00a0\u00a0 Durabilidade: 1 milh\u00e3o de ciclos por tecla\u00a0\u00a0\u00a0 Temperatura de Funcionamento: 0-70\u00b0C\u00a0\u00a0\u00a0 Tamanho: 69 x 77 x 0,8mm\u00a0\u00a0\u00a0 Comprimento Cabo: 86mm\u00a0\u00a0\u00a0 Peso: 10g<\/p>\n","protected":false},"excerpt":{"rendered":"<p>Teclado matricial de membrana com 16 teclas e conector de 8 vias, excelente para projetos eletr\u00f4nicos como controle de acesso por exemplo. Sua parte de tr\u00e1s \u00e9 auto-adesiva e de \u00f3tima durabilidade, garantindo assim uma boa fixa\u00e7\u00e3o se necess\u00e1rio. Especifica\u00e7\u00f5es:\u00a0\u00a0\u00a0 Teclas: 16\u00a0\u00a0\u00a0 Conector: 8 pinos (2,54mm)\u00a0\u00a0\u00a0 Montagem: Auto-Adesivo\u00a0\u00a0\u00a0 Limites de Opera\u00e7\u00e3o: 35VDC,100mA\u00a0\u00a0\u00a0 Isola\u00e7\u00e3o: 100M\u03a9, 100V\u00a0\u00a0\u00a0 [&hellip;]<\/p>\n","protected":false},"featured_media":1439,"template":"","meta":[],"product_brand":[],"product_cat":[189],"product_tag":[],"class_list":{"0":"post-1434","1":"product","2":"type-product","3":"status-publish","4":"has-post-thumbnail","6":"product_cat-teclados","8":"entry","9":"has-media","11":"first","12":"instock","13":"sale","14":"purchasable","15":"product-type-simple","16":"has-product-nav","17":"col","18":"span_1_of_3","19":"owp-content-center","20":"owp-thumbs-layout-horizontal","21":"owp-btn-normal","22":"owp-tabs-layout-horizontal"},"_links":{"self":[{"href":"https:\/\/arduxop.com.br\/loja\/wp-json\/wp\/v2\/product\/1434","targetHints":{"allow":["GET"]}}],"collection":[{"href":"https:\/\/arduxop.com.br\/loja\/wp-json\/wp\/v2\/product"}],"about":[{"href":"https:\/\/arduxop.com.br\/loja\/wp-json\/wp\/v2\/types\/product"}],"wp:featuredmedia":[{"embeddable":true,"href":"https:\/\/arduxop.com.br\/loja\/wp-json\/wp\/v2\/media\/1439"}],"wp:attachment":[{"href":"https:\/\/arduxop.com.br\/loja\/wp-json\/wp\/v2\/media?parent=1434"}],"wp:term":[{"taxonomy":"product_brand","embeddable":true,"href":"https:\/\/arduxop.com.br\/loja\/wp-json\/wp\/v2\/product_brand?post=1434"},{"taxonomy":"product_cat","embeddable":true,"href":"https:\/\/arduxop.com.br\/loja\/wp-json\/wp\/v2\/product_cat?post=1434"},{"taxonomy":"product_tag","embeddable":true,"href":"https:\/\/arduxop.com.br\/loja\/wp-json\/wp\/v2\/product_tag?post=1434"}],"curies":[{"name":"wp","href":"https:\/\/api.w.org\/{rel}","templated":true}]}}