{"id":1412,"date":"2018-01-16T11:25:59","date_gmt":"2018-01-16T13:25:59","guid":{"rendered":"https:\/\/arduxop.com.br\/loja\/produto\/case-para-arduino-uno-em-acrilico-transparente\/"},"modified":"2024-07-25T07:57:49","modified_gmt":"2024-07-25T11:57:49","slug":"case-para-arduino-uno-em-acrilico-transparente","status":"publish","type":"product","link":"https:\/\/arduxop.com.br\/loja\/produto\/case-para-arduino-uno-em-acrilico-transparente\/","title":{"rendered":"Case para Arduino"},"content":{"rendered":"<p>Esta case \u00e9 um acess\u00f3rio fundamental para protejer o seu Arduino, sem falar que o seu projeto ficar\u00e1 com uma apar\u00eancia muito mais profissional.<\/p>\n<p>Caracter\u00edsticas.: &#8211; Caixa de acr\u00edlico transparente, ideal para prote\u00e7\u00e3o do seu Arduino Uno.-<\/p>\n<p>Fabricado em corte \u00e0 laser, com \u00f3timo acabamento.-<\/p>\n<p>Evita o contato da placa com objetos que possam causar curto-circuito.-<\/p>\n<p>Legenda para os conectores em baixo relevo-<\/p>\n<p>Reduz o ac\u00famulo de poeira.-<\/p>\n<p>Acesso \u00e0 todas as portas da placa Arduino Uno.-<\/p>\n<p>Furos para fixa\u00e7\u00e3o da placa com parafuso (parafuso n\u00e3o incluso).-<\/p>\n<p>Dimens\u00f5es: ~ 7,7 x 6,1 x 1,6 cm.- Pode ser colado Tek Bond, Super Bond, ou similares.<\/p>\n","protected":false},"excerpt":{"rendered":"<p>Case para Arduino Uno em Acr\u00edlico Transparente<\/p>\n","protected":false},"featured_media":1413,"template":"","meta":[],"product_brand":[],"product_cat":[181],"product_tag":[],"class_list":{"0":"post-1412","1":"product","2":"type-product","3":"status-publish","4":"has-post-thumbnail","6":"product_cat-caixas-e-embalagens","8":"entry","9":"has-media","11":"first","12":"instock","13":"purchasable","14":"product-type-simple","15":"has-product-nav","16":"col","17":"span_1_of_3","18":"owp-content-center","19":"owp-thumbs-layout-horizontal","20":"owp-btn-normal","21":"owp-tabs-layout-horizontal"},"_links":{"self":[{"href":"https:\/\/arduxop.com.br\/loja\/wp-json\/wp\/v2\/product\/1412","targetHints":{"allow":["GET"]}}],"collection":[{"href":"https:\/\/arduxop.com.br\/loja\/wp-json\/wp\/v2\/product"}],"about":[{"href":"https:\/\/arduxop.com.br\/loja\/wp-json\/wp\/v2\/types\/product"}],"wp:featuredmedia":[{"embeddable":true,"href":"https:\/\/arduxop.com.br\/loja\/wp-json\/wp\/v2\/media\/1413"}],"wp:attachment":[{"href":"https:\/\/arduxop.com.br\/loja\/wp-json\/wp\/v2\/media?parent=1412"}],"wp:term":[{"taxonomy":"product_brand","embeddable":true,"href":"https:\/\/arduxop.com.br\/loja\/wp-json\/wp\/v2\/product_brand?post=1412"},{"taxonomy":"product_cat","embeddable":true,"href":"https:\/\/arduxop.com.br\/loja\/wp-json\/wp\/v2\/product_cat?post=1412"},{"taxonomy":"product_tag","embeddable":true,"href":"https:\/\/arduxop.com.br\/loja\/wp-json\/wp\/v2\/product_tag?post=1412"}],"curies":[{"name":"wp","href":"https:\/\/api.w.org\/{rel}","templated":true}]}}