{"id":1409,"date":"2018-01-16T11:25:59","date_gmt":"2018-01-16T13:25:59","guid":{"rendered":"https:\/\/arduxop.com.br\/loja\/produto\/attiny-85\/"},"modified":"2024-07-25T07:57:44","modified_gmt":"2024-07-25T11:57:44","slug":"attiny-85","status":"publish","type":"product","link":"https:\/\/arduxop.com.br\/loja\/produto\/attiny-85\/","title":{"rendered":"ATtiny85"},"content":{"rendered":"<p>ATTINY85 processador de\u00a0 8-Bit Atmel. 8K de espa\u00e7o de programa, seis linhas de I \/ O, e 4 canais ADC de 10 bit .\u00a0 Clock20MHz com cristal externo. Pode ser programado no circuito via SPI.O ATtiny85 \u00e9 popular como alternativa para projetos feitos com a IDE do Arduino. Existem at\u00e9 placas de desenvolvimento compat\u00edveis com o Arduino feitas com ele (como o Digispark). Eu j\u00e1 descrevi como program\u00e1-lo usando a IDE do Arduino, e at\u00e9 como desenvolver um shield para facilitar essa programa\u00e7\u00e3o.Para desenvolver no ATtiny85 projetos baseados no Arduino, conv\u00e9m identificar as principais diferen\u00e7as entre ele e o ATmega328, que \u00e9 o microcontrolador dos Arduinos mais populares:<\/p>\n","protected":false},"excerpt":{"rendered":"<p>ATTINY85 processador de\u00a0 8-Bit Atmel. 8K de espa\u00e7o de programa, seis linhas de I \/ O, e 4 canais ADC de 10 bit .\u00a0 Clock20MHz com cristal externo. Pode ser programado no circuito via SPI.O ATtiny85 \u00e9 popular como alternativa para projetos feitos com a IDE do Arduino. Existem at\u00e9 placas de desenvolvimento compat\u00edveis com [&hellip;]<\/p>\n","protected":false},"featured_media":1411,"template":"","meta":[],"product_brand":[],"product_cat":[49],"product_tag":[],"class_list":{"0":"post-1409","1":"product","2":"type-product","3":"status-publish","4":"has-post-thumbnail","6":"product_cat-microprocessadores","8":"entry","9":"has-media","11":"first","12":"instock","13":"sold-individually","14":"purchasable","15":"product-type-simple","16":"has-product-nav","17":"col","18":"span_1_of_3","19":"owp-content-center","20":"owp-thumbs-layout-horizontal","21":"owp-btn-normal","22":"owp-tabs-layout-horizontal","23":"has-no-thumbnails"},"_links":{"self":[{"href":"https:\/\/arduxop.com.br\/loja\/wp-json\/wp\/v2\/product\/1409","targetHints":{"allow":["GET"]}}],"collection":[{"href":"https:\/\/arduxop.com.br\/loja\/wp-json\/wp\/v2\/product"}],"about":[{"href":"https:\/\/arduxop.com.br\/loja\/wp-json\/wp\/v2\/types\/product"}],"wp:featuredmedia":[{"embeddable":true,"href":"https:\/\/arduxop.com.br\/loja\/wp-json\/wp\/v2\/media\/1411"}],"wp:attachment":[{"href":"https:\/\/arduxop.com.br\/loja\/wp-json\/wp\/v2\/media?parent=1409"}],"wp:term":[{"taxonomy":"product_brand","embeddable":true,"href":"https:\/\/arduxop.com.br\/loja\/wp-json\/wp\/v2\/product_brand?post=1409"},{"taxonomy":"product_cat","embeddable":true,"href":"https:\/\/arduxop.com.br\/loja\/wp-json\/wp\/v2\/product_cat?post=1409"},{"taxonomy":"product_tag","embeddable":true,"href":"https:\/\/arduxop.com.br\/loja\/wp-json\/wp\/v2\/product_tag?post=1409"}],"curies":[{"name":"wp","href":"https:\/\/api.w.org\/{rel}","templated":true}]}}