{"id":1407,"date":"2018-01-16T11:25:59","date_gmt":"2018-01-16T13:25:59","guid":{"rendered":"https:\/\/arduxop.com.br\/loja\/produto\/carregador-futaba-tx-rx\/"},"modified":"2024-07-25T07:57:44","modified_gmt":"2024-07-25T11:57:44","slug":"carregador-futaba-tx-rx","status":"publish","type":"product","link":"https:\/\/arduxop.com.br\/loja\/produto\/carregador-futaba-tx-rx\/","title":{"rendered":"Carregador Futaba Tx\/Rx"},"content":{"rendered":"<p>Recarregador padr\u00e3o Futaba FBC19B4 TX\/RX FBC19B4 DUAL CHARGER &#8211; C\u00d3DIGO:\u00a0FUT M1830 ESPECIFICA\u00c7\u00d5ES: Este \u00e9 o recarregador padr\u00e3o para a maioria dos sistemas Futaba de RC.Alimenta\u00e7\u00e3o: 120V AC 60HzSa\u00edda Transmissor: 9,6V DC, 70mASa\u00edda Receptor: 4,8V DC, 100mA<\/p>\n","protected":false},"excerpt":{"rendered":"<p>Recarregador padr\u00e3o Futaba FBC19B4 TX\/RX FBC19B4 DUAL CHARGER &#8211; C\u00d3DIGO:\u00a0FUT M1830 ESPECIFICA\u00c7\u00d5ES: Este \u00e9 o recarregador padr\u00e3o para a maioria dos sistemas Futaba de RC.Alimenta\u00e7\u00e3o: 120V AC 60HzSa\u00edda Transmissor: 9,6V DC, 70mASa\u00edda Receptor: 4,8V DC, 100mA<\/p>\n","protected":false},"featured_media":1408,"template":"","meta":[],"product_brand":[],"product_cat":[42],"product_tag":[],"class_list":{"0":"post-1407","1":"product","2":"type-product","3":"status-publish","4":"has-post-thumbnail","6":"product_cat-aeromodelos","8":"entry","9":"has-media","11":"first","12":"instock","13":"sold-individually","14":"purchasable","15":"product-type-simple","16":"has-product-nav","17":"col","18":"span_1_of_3","19":"owp-content-center","20":"owp-thumbs-layout-horizontal","21":"owp-btn-normal","22":"owp-tabs-layout-horizontal","23":"has-no-thumbnails"},"_links":{"self":[{"href":"https:\/\/arduxop.com.br\/loja\/wp-json\/wp\/v2\/product\/1407","targetHints":{"allow":["GET"]}}],"collection":[{"href":"https:\/\/arduxop.com.br\/loja\/wp-json\/wp\/v2\/product"}],"about":[{"href":"https:\/\/arduxop.com.br\/loja\/wp-json\/wp\/v2\/types\/product"}],"wp:featuredmedia":[{"embeddable":true,"href":"https:\/\/arduxop.com.br\/loja\/wp-json\/wp\/v2\/media\/1408"}],"wp:attachment":[{"href":"https:\/\/arduxop.com.br\/loja\/wp-json\/wp\/v2\/media?parent=1407"}],"wp:term":[{"taxonomy":"product_brand","embeddable":true,"href":"https:\/\/arduxop.com.br\/loja\/wp-json\/wp\/v2\/product_brand?post=1407"},{"taxonomy":"product_cat","embeddable":true,"href":"https:\/\/arduxop.com.br\/loja\/wp-json\/wp\/v2\/product_cat?post=1407"},{"taxonomy":"product_tag","embeddable":true,"href":"https:\/\/arduxop.com.br\/loja\/wp-json\/wp\/v2\/product_tag?post=1407"}],"curies":[{"name":"wp","href":"https:\/\/api.w.org\/{rel}","templated":true}]}}