{"id":1390,"date":"2018-01-16T11:25:59","date_gmt":"2018-01-16T13:25:59","guid":{"rendered":"https:\/\/arduxop.com.br\/loja\/produto\/soquete-zif-40-pinos\/"},"modified":"2024-07-25T07:57:48","modified_gmt":"2024-07-25T11:57:48","slug":"soquete-zif-40-pinos","status":"publish","type":"product","link":"https:\/\/arduxop.com.br\/loja\/produto\/soquete-zif-40-pinos\/","title":{"rendered":"Soquete ZIF 40 pinos"},"content":{"rendered":"<p>Soquete  zif  universal de  40 pinos para micro controladores  Caracter\u00edsticas: Nome do produto: 40pin Universal soquete ZIF Dimens\u00f5es (mm) 6,6 x 2,3 x 1,1 Marca: textqol  Aten\u00e7\u00e3o: Este modelo possue um espa\u00e7amento maior entre os encaixes e n\u00e3o \u00e9 compativel com alguns micro controladores(ver fotos)<\/p>\n","protected":false},"excerpt":{"rendered":"<p>Soquete zif universal de 40 pinos para micro controladores Caracter\u00edsticas: Nome do produto: 40pin Universal soquete ZIF Dimens\u00f5es (mm) 6,6 x 2,3 x 1,1 Marca: textqol Aten\u00e7\u00e3o: Este modelo possue um espa\u00e7amento maior entre os encaixes e n\u00e3o \u00e9 compativel com alguns micro controladores(ver fotos)<\/p>\n","protected":false},"featured_media":1391,"template":"","meta":[],"product_brand":[],"product_cat":[208],"product_tag":[],"class_list":{"0":"post-1390","1":"product","2":"type-product","3":"status-publish","4":"has-post-thumbnail","6":"product_cat-circuito-integrado","8":"entry","9":"has-media","11":"first","12":"instock","13":"sale","14":"sold-individually","15":"purchasable","16":"product-type-simple","17":"has-product-nav","18":"col","19":"span_1_of_3","20":"owp-content-center","21":"owp-thumbs-layout-horizontal","22":"owp-btn-normal","23":"owp-tabs-layout-horizontal"},"_links":{"self":[{"href":"https:\/\/arduxop.com.br\/loja\/wp-json\/wp\/v2\/product\/1390","targetHints":{"allow":["GET"]}}],"collection":[{"href":"https:\/\/arduxop.com.br\/loja\/wp-json\/wp\/v2\/product"}],"about":[{"href":"https:\/\/arduxop.com.br\/loja\/wp-json\/wp\/v2\/types\/product"}],"wp:featuredmedia":[{"embeddable":true,"href":"https:\/\/arduxop.com.br\/loja\/wp-json\/wp\/v2\/media\/1391"}],"wp:attachment":[{"href":"https:\/\/arduxop.com.br\/loja\/wp-json\/wp\/v2\/media?parent=1390"}],"wp:term":[{"taxonomy":"product_brand","embeddable":true,"href":"https:\/\/arduxop.com.br\/loja\/wp-json\/wp\/v2\/product_brand?post=1390"},{"taxonomy":"product_cat","embeddable":true,"href":"https:\/\/arduxop.com.br\/loja\/wp-json\/wp\/v2\/product_cat?post=1390"},{"taxonomy":"product_tag","embeddable":true,"href":"https:\/\/arduxop.com.br\/loja\/wp-json\/wp\/v2\/product_tag?post=1390"}],"curies":[{"name":"wp","href":"https:\/\/api.w.org\/{rel}","templated":true}]}}