{"id":1377,"date":"2018-01-16T11:25:36","date_gmt":"2018-01-16T13:25:36","guid":{"rendered":"https:\/\/arduxop.com.br\/loja\/produto\/cristal-16mhz-arduino\/"},"modified":"2024-07-25T07:58:04","modified_gmt":"2024-07-25T11:58:04","slug":"cristal-16mhz-arduino","status":"publish","type":"product","link":"https:\/\/arduxop.com.br\/loja\/produto\/cristal-16mhz-arduino\/","title":{"rendered":"Cristal 16mhz Arduino"},"content":{"rendered":"<p>Caracter\u00edsticas.: Toler\u00e2ncia de frequ\u00eancia:&#8230;&#8230;&#8230;&#8230;30ppm;Capacit\u00e2ncia:&#8230;&#8230;&#8230;&#8230;&#8230;&#8230;&#8230;&#8230;&#8230;..10pF ao \u221e;Serie de resist\u00eancia:&#8230;&#8230;&#8230;&#8230;&#8230;&#8230;.Tabela ESR;Pot\u00eancia:&#8230;&#8230;&#8230;&#8230;&#8230;&#8230;&#8230;&#8230;&#8230;&#8230;&#8230;..10\u00b5W to 100\u00b5W;Temperatura de trabalho:&#8230;&#8230;&#8230;&#8230;-20\u00b0C\u00a0 a +70\u00b0C;Resist\u00eancia de isola\u00e7\u00e3o:&#8230;&#8230;&#8230;&#8230;&#8230;500Mohm<\/p>\n","protected":false},"excerpt":{"rendered":"<p>Caracter\u00edsticas.: Toler\u00e2ncia de frequ\u00eancia:&#8230;&#8230;&#8230;&#8230;30ppm;Capacit\u00e2ncia:&#8230;&#8230;&#8230;&#8230;&#8230;&#8230;&#8230;&#8230;&#8230;..10pF ao \u221e;Serie de resist\u00eancia:&#8230;&#8230;&#8230;&#8230;&#8230;&#8230;.Tabela ESR;Pot\u00eancia:&#8230;&#8230;&#8230;&#8230;&#8230;&#8230;&#8230;&#8230;&#8230;&#8230;&#8230;..10\u00b5W to 100\u00b5W;Temperatura de trabalho:&#8230;&#8230;&#8230;&#8230;-20\u00b0C\u00a0 a +70\u00b0C;Resist\u00eancia de isola\u00e7\u00e3o:&#8230;&#8230;&#8230;&#8230;&#8230;500Mohm<\/p>\n","protected":false},"featured_media":1378,"template":"","meta":[],"product_brand":[],"product_cat":[45],"product_tag":[],"class_list":{"0":"post-1377","1":"product","2":"type-product","3":"status-publish","4":"has-post-thumbnail","6":"product_cat-componentes","8":"entry","9":"has-media","11":"first","12":"instock","13":"purchasable","14":"product-type-simple","15":"has-product-nav","16":"col","17":"span_1_of_3","18":"owp-content-center","19":"owp-thumbs-layout-horizontal","20":"owp-btn-normal","21":"owp-tabs-layout-horizontal"},"_links":{"self":[{"href":"https:\/\/arduxop.com.br\/loja\/wp-json\/wp\/v2\/product\/1377","targetHints":{"allow":["GET"]}}],"collection":[{"href":"https:\/\/arduxop.com.br\/loja\/wp-json\/wp\/v2\/product"}],"about":[{"href":"https:\/\/arduxop.com.br\/loja\/wp-json\/wp\/v2\/types\/product"}],"wp:featuredmedia":[{"embeddable":true,"href":"https:\/\/arduxop.com.br\/loja\/wp-json\/wp\/v2\/media\/1378"}],"wp:attachment":[{"href":"https:\/\/arduxop.com.br\/loja\/wp-json\/wp\/v2\/media?parent=1377"}],"wp:term":[{"taxonomy":"product_brand","embeddable":true,"href":"https:\/\/arduxop.com.br\/loja\/wp-json\/wp\/v2\/product_brand?post=1377"},{"taxonomy":"product_cat","embeddable":true,"href":"https:\/\/arduxop.com.br\/loja\/wp-json\/wp\/v2\/product_cat?post=1377"},{"taxonomy":"product_tag","embeddable":true,"href":"https:\/\/arduxop.com.br\/loja\/wp-json\/wp\/v2\/product_tag?post=1377"}],"curies":[{"name":"wp","href":"https:\/\/api.w.org\/{rel}","templated":true}]}}