{"id":1357,"date":"2018-01-16T11:25:36","date_gmt":"2018-01-16T13:25:36","guid":{"rendered":"https:\/\/arduxop.com.br\/loja\/produto\/led-ultra-brilho-rgb-4-pinos-anodo-comum-k1343\/"},"modified":"2024-07-25T07:58:02","modified_gmt":"2024-07-25T11:58:02","slug":"led-ultra-brilho-rgb-4-pinos-anodo-comum-k1343","status":"publish","type":"product","link":"https:\/\/arduxop.com.br\/loja\/produto\/led-ultra-brilho-rgb-4-pinos-anodo-comum-k1343\/","title":{"rendered":"Led Ultra Brilho Rgb 4 Pinos Anodo Comum K1343"},"content":{"rendered":"<p>Led anodo comum &#8211; a perna maior vai no positivo (alto) e as cores acendem com sinal baixo (negativo) atraves de resistores. Led catodo comum &#8211; a perna maior vai no negativo (baixo) e as cores acendem com sinal alto (positivo) atraves de resistores. \u00a0 Dados do LedVermelhoPot\u00eancia [mW]: 60mWCorrente Direta [mA]: 20mATens\u00e3o Direta [V]: 2,0-2,2VComprimento de Onda [nm]: 620-625nmFluxo Luminoso [mCD]: 4000-6000VerdePot\u00eancia [mW]: 60mWCorrente Direta [mA]: 20mATens\u00e3o Direta [V]: 3,0-3,4VComprimento de Onda [nm]: 515-520nmFluxo Luminoso [mCD]: 1500-1700mcdAzulPot\u00eancia [mW]: 60mWCorrente Direta [mA]: 20mATens\u00e3o Direta [V]:3,0-3,4VComprimento de Onda [nm]: 460-465nmFluxo Luminoso [mCD]: 6000-8000mcdCaracter\u00edsticas Gerais\u00c2ngulo de vis\u00e3o: 20-30\u00b0Cor do corpo: transparente (cristal)Tens\u00e3o Reversa [V]: &lt;= 5Corrente Reversa [uA]: &lt;= 10Resist\u00eancia \u00e0 ESD [V]: 1000Temperatura de Armazenamento [\u00b0C]: -40 a 90Temperatura de Opera\u00e7\u00e3o [\u00b0C]: -40 a 85Vida \u00datil Estimada [h]: 100.000Processo de Solda: Onda ou Manual = 260\u00b0C por 5s (m\u00e1x.)Aplica\u00e7\u00e3o: Lanternas, Iluminadores para Filmagem, Decora\u00e7\u00e3o, Autom\u00f3veis, Casemods, Projetos Acad\u00eamicos, Projetos Industriais, entre outros.<\/p>\n","protected":false},"excerpt":{"rendered":"<p>Led anodo comum &#8211; a perna maior vai no positivo (alto) e as cores acendem com sinal baixo (negativo) atraves de resistores. Led catodo comum &#8211; a perna maior vai no negativo (baixo) e as cores acendem com sinal alto (positivo) atraves de resistores. \u00a0 Dados do LedVermelhoPot\u00eancia [mW]: 60mWCorrente Direta [mA]: 20mATens\u00e3o Direta [V]: [&hellip;]<\/p>\n","protected":false},"featured_media":1358,"template":"","meta":[],"product_brand":[],"product_cat":[186],"product_tag":[],"class_list":{"0":"post-1357","1":"product","2":"type-product","3":"status-publish","4":"has-post-thumbnail","6":"product_cat-leds","8":"entry","9":"has-media","11":"first","12":"instock","13":"purchasable","14":"product-type-simple","15":"has-product-nav","16":"col","17":"span_1_of_3","18":"owp-content-center","19":"owp-thumbs-layout-horizontal","20":"owp-btn-normal","21":"owp-tabs-layout-horizontal"},"_links":{"self":[{"href":"https:\/\/arduxop.com.br\/loja\/wp-json\/wp\/v2\/product\/1357","targetHints":{"allow":["GET"]}}],"collection":[{"href":"https:\/\/arduxop.com.br\/loja\/wp-json\/wp\/v2\/product"}],"about":[{"href":"https:\/\/arduxop.com.br\/loja\/wp-json\/wp\/v2\/types\/product"}],"wp:featuredmedia":[{"embeddable":true,"href":"https:\/\/arduxop.com.br\/loja\/wp-json\/wp\/v2\/media\/1358"}],"wp:attachment":[{"href":"https:\/\/arduxop.com.br\/loja\/wp-json\/wp\/v2\/media?parent=1357"}],"wp:term":[{"taxonomy":"product_brand","embeddable":true,"href":"https:\/\/arduxop.com.br\/loja\/wp-json\/wp\/v2\/product_brand?post=1357"},{"taxonomy":"product_cat","embeddable":true,"href":"https:\/\/arduxop.com.br\/loja\/wp-json\/wp\/v2\/product_cat?post=1357"},{"taxonomy":"product_tag","embeddable":true,"href":"https:\/\/arduxop.com.br\/loja\/wp-json\/wp\/v2\/product_tag?post=1357"}],"curies":[{"name":"wp","href":"https:\/\/api.w.org\/{rel}","templated":true}]}}