{"id":1353,"date":"2018-01-16T11:25:36","date_gmt":"2018-01-16T14:25:36","guid":{"rendered":"https:\/\/arduxop.com.br\/loja\/produto\/sensor-reflexivo-otico-ir-tcrt5000\/"},"modified":"2024-07-25T07:58:01","modified_gmt":"2024-07-25T11:58:01","slug":"sensor-reflexivo-otico-ir-tcrt5000","status":"publish","type":"product","link":"https:\/\/arduxop.com.br\/loja\/produto\/sensor-reflexivo-otico-ir-tcrt5000\/","title":{"rendered":"Sensor Reflexivo TCRT5000"},"content":{"rendered":"<p><strong>Consiste em um LED emissor de IR e um fototransistor.\u00a0Permite f\u00e1cil adapta\u00e7\u00e3o em PCI ou<br \/>\nqualquer outra superficie, pois o cabe\u00e7ote possui travas que facilitam sua instala\u00e7\u00e3o.<\/strong><\/p>\n<p><strong>CARACTER\u00cdSTICAS<\/strong><\/p>\n<p><strong>\u2022 Dist\u00e2ncia de sensibilidade: 12mm<\/strong><br \/>\n<strong>\u2022\u00a0Comprimento de onda: 950 mm<\/strong><br \/>\n<strong>\u2022\u00a0Altura do cabe\u00e7ote: 7 mm<\/strong><br \/>\n<strong>\u2022\u00a0Met\u00f3do de funcionamento: Reflex\u00e3o<\/strong><br \/>\n<strong>\u2022\u00a0Tens\u00e3o inversa: 5V<\/strong><br \/>\n<strong>\u2022\u00a0Corrente de trabalho: 60mA<\/strong><br \/>\n<strong>\u2022\u00a0Pot\u00eancia do emissor: 100mW<\/strong><br \/>\n<strong>\u2022\u00a0Tens\u00e3o de coletor a emissor: 70V<\/strong><br \/>\n<strong>\u2022\u00a0Tens\u00e3o de emissor a coletor: 5V<\/strong><br \/>\n<strong>\u2022\u00a0Corrente de coletor: 100mA<\/strong><br \/>\n<strong>\u2022\u00a0Detector Power Dissipation: 100mW<\/strong><br \/>\n<strong>\u2022\u00a0Pot\u00eancia total: 200mW<\/strong><br \/>\n<strong>\u2022\u00a0Temperatura de opera\u00e7\u00e3o: -25\u00b0C ~ +85\u00b0C<\/strong><\/p>\n<p>\u00b0C<\/p>\n","protected":false},"excerpt":{"rendered":"<p>Sensor Reflexivo \u00d3tico Ir Tcrt5000<\/p>\n","protected":false},"featured_media":1354,"template":"","meta":[],"product_brand":[],"product_cat":[178],"product_tag":[],"class_list":{"0":"post-1353","1":"product","2":"type-product","3":"status-publish","4":"has-post-thumbnail","6":"product_cat-sensores","8":"entry","9":"has-media","11":"first","12":"instock","13":"purchasable","14":"product-type-simple","15":"has-product-nav","16":"col","17":"span_1_of_3","18":"owp-content-center","19":"owp-thumbs-layout-horizontal","20":"owp-btn-normal","21":"owp-tabs-layout-horizontal"},"_links":{"self":[{"href":"https:\/\/arduxop.com.br\/loja\/wp-json\/wp\/v2\/product\/1353","targetHints":{"allow":["GET"]}}],"collection":[{"href":"https:\/\/arduxop.com.br\/loja\/wp-json\/wp\/v2\/product"}],"about":[{"href":"https:\/\/arduxop.com.br\/loja\/wp-json\/wp\/v2\/types\/product"}],"wp:featuredmedia":[{"embeddable":true,"href":"https:\/\/arduxop.com.br\/loja\/wp-json\/wp\/v2\/media\/1354"}],"wp:attachment":[{"href":"https:\/\/arduxop.com.br\/loja\/wp-json\/wp\/v2\/media?parent=1353"}],"wp:term":[{"taxonomy":"product_brand","embeddable":true,"href":"https:\/\/arduxop.com.br\/loja\/wp-json\/wp\/v2\/product_brand?post=1353"},{"taxonomy":"product_cat","embeddable":true,"href":"https:\/\/arduxop.com.br\/loja\/wp-json\/wp\/v2\/product_cat?post=1353"},{"taxonomy":"product_tag","embeddable":true,"href":"https:\/\/arduxop.com.br\/loja\/wp-json\/wp\/v2\/product_tag?post=1353"}],"curies":[{"name":"wp","href":"https:\/\/api.w.org\/{rel}","templated":true}]}}