{"id":1349,"date":"2018-01-16T11:25:36","date_gmt":"2018-01-16T13:25:36","guid":{"rendered":"https:\/\/arduxop.com.br\/loja\/produto\/ldr-5mm-fotoresistor-gl5528\/"},"modified":"2024-09-19T16:41:16","modified_gmt":"2024-09-19T20:41:16","slug":"ldr-5mm-fotoresistor-gl5528","status":"publish","type":"product","link":"https:\/\/arduxop.com.br\/loja\/produto\/ldr-5mm-fotoresistor-gl5528\/","title":{"rendered":"LDR 5mm Fotoresistor GL5528"},"content":{"rendered":"<p>Foto Resistor (Light-Dependent Resistor)<\/p>\n<p>Este sensor de luz \u00e9 baseado em um foto resistor que mede a intensidade da luz ambiente atrav\u00e9s da varia\u00e7\u00e3o de sua resist\u00eancia interna.A resist\u00eancia varia em fun\u00e7\u00e3o da luz que incide sobre ele.<\/p>\n<p>Atrav\u00e9s da porta de I\/O anal\u00f3gica do Arduino \u00e9 poss\u00edvel detectar esta varia\u00e7\u00e3o de resist\u00eancia e tomar decis\u00f5es l\u00f3gicas ou de comando.<\/p>\n<p>Por este motivo, este sensor \u00e9 uma ferramenta \u00f3tima para os rob\u00f4s, sistemas de jardinagem, sistemas de alarme e outros.<\/p>\n<p>Tamanho: 5mm;*<\/p>\n<p>Resistance Escuro: 1M Ohm;*<\/p>\n<p>Resistance Luz: 5-10KOhm.<\/p>\n","protected":false},"excerpt":{"rendered":"<p><br data-mce-bogus=\"1\"><\/p>\n","protected":false},"featured_media":1350,"template":"","meta":[],"product_brand":[],"product_cat":[45,178],"product_tag":[],"class_list":{"0":"post-1349","1":"product","2":"type-product","3":"status-publish","4":"has-post-thumbnail","6":"product_cat-componentes","7":"product_cat-sensores","9":"entry","10":"has-media","12":"first","13":"instock","14":"purchasable","15":"product-type-simple","16":"has-product-nav","17":"col","18":"span_1_of_3","19":"owp-content-center","20":"owp-thumbs-layout-horizontal","21":"owp-btn-normal","22":"owp-tabs-layout-horizontal"},"_links":{"self":[{"href":"https:\/\/arduxop.com.br\/loja\/wp-json\/wp\/v2\/product\/1349","targetHints":{"allow":["GET"]}}],"collection":[{"href":"https:\/\/arduxop.com.br\/loja\/wp-json\/wp\/v2\/product"}],"about":[{"href":"https:\/\/arduxop.com.br\/loja\/wp-json\/wp\/v2\/types\/product"}],"wp:featuredmedia":[{"embeddable":true,"href":"https:\/\/arduxop.com.br\/loja\/wp-json\/wp\/v2\/media\/1350"}],"wp:attachment":[{"href":"https:\/\/arduxop.com.br\/loja\/wp-json\/wp\/v2\/media?parent=1349"}],"wp:term":[{"taxonomy":"product_brand","embeddable":true,"href":"https:\/\/arduxop.com.br\/loja\/wp-json\/wp\/v2\/product_brand?post=1349"},{"taxonomy":"product_cat","embeddable":true,"href":"https:\/\/arduxop.com.br\/loja\/wp-json\/wp\/v2\/product_cat?post=1349"},{"taxonomy":"product_tag","embeddable":true,"href":"https:\/\/arduxop.com.br\/loja\/wp-json\/wp\/v2\/product_tag?post=1349"}],"curies":[{"name":"wp","href":"https:\/\/api.w.org\/{rel}","templated":true}]}}