{"id":1347,"date":"2018-01-16T10:25:36","date_gmt":"2018-01-16T13:25:36","guid":{"rendered":"https:\/\/arduxop.com.br\/loja\/produto\/protoshield\/"},"modified":"2024-07-25T07:59:09","modified_gmt":"2024-07-25T11:59:09","slug":"protoshield","status":"publish","type":"product","link":"https:\/\/arduxop.com.br\/loja\/produto\/protoshield\/","title":{"rendered":"Protoshield"},"content":{"rendered":"<p>ProtoShield com Protoboard 170 Furos<\/p>\n<p>O Protoshield foi projetado especialmente para o desenvolvimento de shields e placas \u00fanicas, de acordo com a necessidade do projetista, vindo a atender toda e qualquer necessidade.<br \/>O fato do Protoshield possuir formato de shield possibilita encaixe perfeito e r\u00e1pido junto ao Arduino Uno, contando com diversas perfura\u00e7\u00f5es na placa para soldagens dos mais diversos componentes.<br \/>Para maior funcionalidade, acompanha o Protoshield uma protoboard com 170 pontos auto-adesiva, a qual vem a permitir a realiza\u00e7\u00e3o de testes antes da soldagem, de forma a evitar poss\u00edveis liga\u00e7\u00f5es el\u00e9tricas incorretas.<br \/>Na parte superior do Protoshield \u00e9 poss\u00edvel utilizar as portas desocupadas do Arduino, j\u00e1 que toda a pinagem \u00e9 repetida, contando ainda com 1 bot\u00e3o reset, al\u00e9m de 1 bot\u00e3o e 2 LEDs de livre programa\u00e7\u00e3o para o usu\u00e1rio.<br \/>Muito funcional, o Protoshield conta ainda com pinagem exclusiva para conex\u00e3o com o chips SOIC, permitindo ainda diversas conex\u00f5es com outros componentes.<\/p>\n<p>Caracteristicas:<br \/>&#8211; Shield compativel com Arduino Uno<br \/>&#8211; Possui bot\u00e3o de reset integrado<br \/>&#8211; Possui 1 bot\u00e3o e 2 LEDs de livre utiliza\u00e7\u00e3o<br \/>&#8211; Acompanha protoboard 170 furos para testes<br \/>&#8211; Dimens\u00f5es (CxL): 69x53mm<br \/>&#8211; Peso: 18g<\/p>\n<p>Itens inclusos:(C\u00f3d. 100204)<br \/>&#8211; 01 Shield Protoshield<br \/>&#8211; 01 Protoboard 170 furos<\/p>\n","protected":false},"excerpt":{"rendered":"<p class=\"item-title__primary \">Protoshield Com Protoboard 170 Furos<\/p>\n","protected":false},"featured_media":2337,"template":"","meta":[],"product_brand":[],"product_cat":[182,184,48,179],"product_tag":[],"class_list":{"0":"post-1347","1":"product","2":"type-product","3":"status-publish","4":"has-post-thumbnail","6":"product_cat-conectores","7":"product_cat-fios-e-cabos","8":"product_cat-kits","9":"product_cat-shields","11":"entry","12":"has-media","14":"first","15":"instock","16":"purchasable","17":"product-type-simple","18":"has-product-nav","19":"col","20":"span_1_of_3","21":"owp-content-center","22":"owp-thumbs-layout-horizontal","23":"owp-btn-normal","24":"owp-tabs-layout-horizontal"},"_links":{"self":[{"href":"https:\/\/arduxop.com.br\/loja\/wp-json\/wp\/v2\/product\/1347","targetHints":{"allow":["GET"]}}],"collection":[{"href":"https:\/\/arduxop.com.br\/loja\/wp-json\/wp\/v2\/product"}],"about":[{"href":"https:\/\/arduxop.com.br\/loja\/wp-json\/wp\/v2\/types\/product"}],"wp:featuredmedia":[{"embeddable":true,"href":"https:\/\/arduxop.com.br\/loja\/wp-json\/wp\/v2\/media\/2337"}],"wp:attachment":[{"href":"https:\/\/arduxop.com.br\/loja\/wp-json\/wp\/v2\/media?parent=1347"}],"wp:term":[{"taxonomy":"product_brand","embeddable":true,"href":"https:\/\/arduxop.com.br\/loja\/wp-json\/wp\/v2\/product_brand?post=1347"},{"taxonomy":"product_cat","embeddable":true,"href":"https:\/\/arduxop.com.br\/loja\/wp-json\/wp\/v2\/product_cat?post=1347"},{"taxonomy":"product_tag","embeddable":true,"href":"https:\/\/arduxop.com.br\/loja\/wp-json\/wp\/v2\/product_tag?post=1347"}],"curies":[{"name":"wp","href":"https:\/\/api.w.org\/{rel}","templated":true}]}}