{"id":1335,"date":"2018-01-16T11:25:36","date_gmt":"2018-01-16T13:25:36","guid":{"rendered":"https:\/\/arduxop.com.br\/loja\/produto\/motor-de-passo-5v-drive-uln2003\/"},"modified":"2024-07-25T07:58:00","modified_gmt":"2024-07-25T11:58:00","slug":"motor-de-passo-5v-drive-uln2003","status":"publish","type":"product","link":"https:\/\/arduxop.com.br\/loja\/produto\/motor-de-passo-5v-drive-uln2003\/","title":{"rendered":"Motor De Passo 5v + Drive Uln2003"},"content":{"rendered":"<p><b>Descri\u00e7\u00e3o:<\/b><\/p>\n<ul>\n<li>O Motor de Passo 28byj-48 possui \u00f3timo torque, unipolar, alimenta\u00e7\u00e3o de 5V e redu\u00e7\u00e3o de 1\/64, isto significa que \u00e9 poss\u00edvel dar uma volta completa com 4096 passos, ou seja, apenas ~0,088\u00b0 por passo.<\/li>\n<li>Motor de Passo 28byj-48 5v Automa\u00e7\u00e3o Pic Raspberry Pi<\/li>\n<li>O Motor de Passo 28byj-48 \u00e9 um excelente componente el\u00e9trico utilizado em projetos rob\u00f3ticos, onde \u00e9 necess\u00e1rio o ajuste preciso do posicionamento ou a rota\u00e7\u00e3o exata de um \u00e2ngulo, como nos bra\u00e7os de um rob\u00f4, por exemplo.<\/li>\n<li>Caracterizado como um motor compacto, \u00e9 um motor el\u00e9trico robusto de grande utilidade, acionado por meio do driver ULM2003, o qual envia a corrente necess\u00e1ria ao motor de passo.<\/li>\n<li>O diferencial do Motor de Passo 28byj-48 com controlador est\u00e1 na sua capacidade de atuar em 5 linhas e 4 fases. Aplicando-se tens\u00f5es espec\u00edficas \u00e0s bobinas do motor de passo, elas far\u00e3o com que ele gire no sentido hor\u00e1rio ou anti-hor\u00e1rio, com menor ou maior velocidade.<\/li>\n<\/ul>\n<p><b>\u00a0A frequ\u00eancia nominal \u00e9 100Hz, ele pode trabalhar ate 250Hz e a frequ\u00eancia de over \u00e9 400Hz, em 250Hz ele tem 17,5 RPM ,em 100Hz ele de 7 RPM.<\/b><\/p>\n<p><b>\u00a0<\/b><\/p>\n<p><b>Caracter\u00edsticas:<\/b><\/p>\n<ul>\n<li>Tens\u00e3o: 5VDC<\/li>\n<li>N\u00famero de fase: 4<\/li>\n<li>N\u00famero de vias: 5<\/li>\n<li>Caixa de Redu\u00e7\u00e3o: 1\/64<\/li>\n<li>Di\u00e2metro do eixo: 3mm<\/li>\n<li>\u00c2ngulo do Passo: 5,625\u00b0\/64 ~ 0,088\u00b0<\/li>\n<li>Frequ\u00eancia: 100Hz<\/li>\n<li>Resist\u00eancia DC: 50O \u00b1 7%(25\u00bf)<\/li>\n<li>Torque: 34,3 mN.m (2,2 Kgf.cm)<\/li>\n<li>Peso: 40g<\/li>\n<li>Frequ\u00eancia nominal:\u00a0<strong>100Hz<\/strong><\/li>\n<li>Pode trabalhar at\u00e9<strong>\u00a0250Hz<\/strong><\/li>\n<li>Frequ\u00eancia de over:<strong>\u00a0400Hz<\/strong><\/li>\n<li>RPM em 250Hz:<strong>\u00a017,5 RPM<\/strong><\/li>\n<\/ul>\n","protected":false},"excerpt":{"rendered":"<p>Descri\u00e7\u00e3o: O Motor de Passo 28byj-48 possui \u00f3timo torque, unipolar, alimenta\u00e7\u00e3o de 5V e redu\u00e7\u00e3o de 1\/64, isto significa que \u00e9 poss\u00edvel dar uma volta completa com 4096 passos, ou seja, apenas ~0,088\u00b0 por passo. Motor de Passo 28byj-48 5v Automa\u00e7\u00e3o Pic Raspberry Pi O Motor de Passo 28byj-48 \u00e9 um excelente componente el\u00e9trico utilizado [&hellip;]<\/p>\n","protected":false},"featured_media":1336,"template":"","meta":[],"product_brand":[],"product_cat":[191,51,212],"product_tag":[],"class_list":{"0":"post-1335","1":"product","2":"type-product","3":"status-publish","4":"has-post-thumbnail","6":"product_cat-drivers","7":"product_cat-motores","8":"product_cat-passo","10":"entry","11":"has-media","13":"first","14":"instock","15":"purchasable","16":"product-type-simple","17":"has-product-nav","18":"col","19":"span_1_of_3","20":"owp-content-center","21":"owp-thumbs-layout-horizontal","22":"owp-btn-normal","23":"owp-tabs-layout-horizontal"},"_links":{"self":[{"href":"https:\/\/arduxop.com.br\/loja\/wp-json\/wp\/v2\/product\/1335","targetHints":{"allow":["GET"]}}],"collection":[{"href":"https:\/\/arduxop.com.br\/loja\/wp-json\/wp\/v2\/product"}],"about":[{"href":"https:\/\/arduxop.com.br\/loja\/wp-json\/wp\/v2\/types\/product"}],"wp:featuredmedia":[{"embeddable":true,"href":"https:\/\/arduxop.com.br\/loja\/wp-json\/wp\/v2\/media\/1336"}],"wp:attachment":[{"href":"https:\/\/arduxop.com.br\/loja\/wp-json\/wp\/v2\/media?parent=1335"}],"wp:term":[{"taxonomy":"product_brand","embeddable":true,"href":"https:\/\/arduxop.com.br\/loja\/wp-json\/wp\/v2\/product_brand?post=1335"},{"taxonomy":"product_cat","embeddable":true,"href":"https:\/\/arduxop.com.br\/loja\/wp-json\/wp\/v2\/product_cat?post=1335"},{"taxonomy":"product_tag","embeddable":true,"href":"https:\/\/arduxop.com.br\/loja\/wp-json\/wp\/v2\/product_tag?post=1335"}],"curies":[{"name":"wp","href":"https:\/\/api.w.org\/{rel}","templated":true}]}}