{"id":1322,"date":"2018-01-16T10:25:36","date_gmt":"2018-01-16T13:25:36","guid":{"rendered":"https:\/\/arduxop.com.br\/loja\/produto\/modulo-rtc-ds1307-relogio-de-tempo-real\/"},"modified":"2024-07-25T07:59:07","modified_gmt":"2024-07-25T11:59:07","slug":"modulo-rtc-ds1307-relogio-de-tempo-real","status":"publish","type":"product","link":"https:\/\/arduxop.com.br\/loja\/produto\/modulo-rtc-ds1307-relogio-de-tempo-real\/","title":{"rendered":"Real Time Clock Ds1307"},"content":{"rendered":"<p>MODULO RELOGIO RTC DS1307 COM BATERIA<br \/>Este pequeno m\u00f3dulo RTC (Real time clock ou rel\u00f3gio de tempo real) \u00e9 baseado no chip DS1307 que suporta o protocolo I2C. Ele usa uma bateria de l\u00edtio (CR2032). O rel\u00f3gio\/calend\u00e1rio fornece segundos, minutos, horas, dia, m\u00eas e ano. O fim do m\u00eas \u00e9 ajustado automaticamente para os meses com menos de 31 dias, incluindo corre\u00e7\u00f5es para ano bissexto. O rel\u00f3gio opera no formato 24 ou 12 horas com indicador de AM\/PM.<\/p>\n<p>ITENS INCLUSOS<br \/>01 M\u00f3dulo Rel\u00f3gio RTC DS1307<br \/>01 Bateria CR2032<\/p>\n","protected":false},"excerpt":{"rendered":"<p>M\u00f3dulo RTC DS1307 rel\u00f3gio de tempo real<\/p>\n","protected":false},"featured_media":2358,"template":"","meta":[],"product_brand":[],"product_cat":[50],"product_tag":[400],"class_list":{"0":"post-1322","1":"product","2":"type-product","3":"status-publish","4":"has-post-thumbnail","6":"product_cat-modulos","7":"product_tag-rtc","9":"entry","10":"has-media","12":"first","13":"instock","14":"purchasable","15":"product-type-simple","16":"has-product-nav","17":"col","18":"span_1_of_3","19":"owp-content-center","20":"owp-thumbs-layout-horizontal","21":"owp-btn-normal","22":"owp-tabs-layout-horizontal"},"_links":{"self":[{"href":"https:\/\/arduxop.com.br\/loja\/wp-json\/wp\/v2\/product\/1322","targetHints":{"allow":["GET"]}}],"collection":[{"href":"https:\/\/arduxop.com.br\/loja\/wp-json\/wp\/v2\/product"}],"about":[{"href":"https:\/\/arduxop.com.br\/loja\/wp-json\/wp\/v2\/types\/product"}],"wp:featuredmedia":[{"embeddable":true,"href":"https:\/\/arduxop.com.br\/loja\/wp-json\/wp\/v2\/media\/2358"}],"wp:attachment":[{"href":"https:\/\/arduxop.com.br\/loja\/wp-json\/wp\/v2\/media?parent=1322"}],"wp:term":[{"taxonomy":"product_brand","embeddable":true,"href":"https:\/\/arduxop.com.br\/loja\/wp-json\/wp\/v2\/product_brand?post=1322"},{"taxonomy":"product_cat","embeddable":true,"href":"https:\/\/arduxop.com.br\/loja\/wp-json\/wp\/v2\/product_cat?post=1322"},{"taxonomy":"product_tag","embeddable":true,"href":"https:\/\/arduxop.com.br\/loja\/wp-json\/wp\/v2\/product_tag?post=1322"}],"curies":[{"name":"wp","href":"https:\/\/api.w.org\/{rel}","templated":true}]}}