{"id":1313,"date":"2018-01-16T11:25:36","date_gmt":"2018-01-16T13:25:36","guid":{"rendered":"https:\/\/arduxop.com.br\/loja\/produto\/sensor-pressao-barometrica-e-temperatura-bmp180-bmp-280\/"},"modified":"2024-07-25T07:57:58","modified_gmt":"2024-07-25T11:57:58","slug":"sensor-pressao-barometrica-e-temperatura-bmp180-bmp-280","status":"publish","type":"product","link":"https:\/\/arduxop.com.br\/loja\/produto\/sensor-pressao-barometrica-e-temperatura-bmp180-bmp-280\/","title":{"rendered":"Sensor Press\u00e3o e Temperatura BMP280"},"content":{"rendered":"<p>O Sensor De Press\u00e3o e Temperatura Bmp280 \u00e9 o sucessor do BMP180, com ganhos em termos de precis\u00e3o e consumo de energia al\u00e9m do tamanho 63% menor, tornando comum o seu uso em dispositivos m\u00f3veis e port\u00e1teis.<\/p>\n<p>Assim como o seu antecessor, o BMP280 possui um sensor de temperatura embutido, reduzindo o n\u00famero de componentes e conex\u00f5es necess\u00e1rias ao seu projeto.<\/p>\n<p>O m\u00f3dulo BMP280 funciona com interfaces I2C ou SPI e tens\u00e3o de 3V, sendo que o baixo consumo de energia permite o funcionando por longos per\u00edodos com alimenta\u00e7\u00e3o por bateria, e \u00e9 indicado para projetos como drones, esta\u00e7\u00f5es meteorol\u00f3gicas, dispositivos com GPS, rel\u00f3gios, etc.<\/p>\n<p><strong>Especifica\u00e7\u00f5es:<\/strong><br \/>\n\u2013 BMP280 (<a href=\"http:\/\/img.filipeflop.com\/files\/download\/Datasheet-BMP280-DS001-11.pdf\" target=\"_blank\" rel=\"noopener noreferrer\">datasheet<\/a>)<br \/>\n\u2013 Tens\u00e3o de opera\u00e7\u00e3o: 3V<br \/>\n\u2013 Consumo de corrente: 2.7\u00b5A<br \/>\n\u2013 Interfaces: I2C e SPI<br \/>\n\u2013 Faixa de medi\u00e7\u00e3o press\u00e3o: 300 \u2013 1100hPa (equiv. +9000 \u00e0 -500m acima\/abaixo do n\u00edvel do mar)<br \/>\n\u2013 Precis\u00e3o: \u00b10.12hPa (equiv. \u00b11m)<br \/>\n\u2013 Faixa de temperatura: -40 \u00e0 85 \u00b0C<br \/>\n\u2013 Precis\u00e3o temperatura: \u00b11.0 \u00b0C<br \/>\n\u2013 Dimens\u00f5es: 15 x 12 x 2,3mm (sem os pinos)<\/p>\n","protected":false},"excerpt":{"rendered":"<p>Sensor Press\u00e3o Barom\u00e9trica e Temperatura BMP 280<\/p>\n","protected":false},"featured_media":1314,"template":"","meta":[],"product_brand":[],"product_cat":[50,178],"product_tag":[],"class_list":{"0":"post-1313","1":"product","2":"type-product","3":"status-publish","4":"has-post-thumbnail","6":"product_cat-modulos","7":"product_cat-sensores","9":"entry","10":"has-media","12":"first","13":"instock","14":"purchasable","15":"product-type-simple","16":"has-product-nav","17":"col","18":"span_1_of_3","19":"owp-content-center","20":"owp-thumbs-layout-horizontal","21":"owp-btn-normal","22":"owp-tabs-layout-horizontal"},"_links":{"self":[{"href":"https:\/\/arduxop.com.br\/loja\/wp-json\/wp\/v2\/product\/1313","targetHints":{"allow":["GET"]}}],"collection":[{"href":"https:\/\/arduxop.com.br\/loja\/wp-json\/wp\/v2\/product"}],"about":[{"href":"https:\/\/arduxop.com.br\/loja\/wp-json\/wp\/v2\/types\/product"}],"wp:featuredmedia":[{"embeddable":true,"href":"https:\/\/arduxop.com.br\/loja\/wp-json\/wp\/v2\/media\/1314"}],"wp:attachment":[{"href":"https:\/\/arduxop.com.br\/loja\/wp-json\/wp\/v2\/media?parent=1313"}],"wp:term":[{"taxonomy":"product_brand","embeddable":true,"href":"https:\/\/arduxop.com.br\/loja\/wp-json\/wp\/v2\/product_brand?post=1313"},{"taxonomy":"product_cat","embeddable":true,"href":"https:\/\/arduxop.com.br\/loja\/wp-json\/wp\/v2\/product_cat?post=1313"},{"taxonomy":"product_tag","embeddable":true,"href":"https:\/\/arduxop.com.br\/loja\/wp-json\/wp\/v2\/product_tag?post=1313"}],"curies":[{"name":"wp","href":"https:\/\/api.w.org\/{rel}","templated":true}]}}